{"id":42663,"date":"2026-04-02T17:23:59","date_gmt":"2026-04-02T17:23:59","guid":{"rendered":"https:\/\/galeriehugodufon.com\/?page_id=42663"},"modified":"2026-04-07T06:55:11","modified_gmt":"2026-04-07T06:55:11","slug":"exhibitions","status":"publish","type":"page","link":"https:\/\/galeriehugodufon.com\/fr\/exhibitions\/","title":{"rendered":"Exhibitions"},"content":{"rendered":"<div data-elementor-type=\"wp-page\" data-elementor-id=\"42663\" class=\"elementor elementor-42663\">\n\t\t\t\t<div class=\"elementor-element elementor-element-6593df7 e-con-full e-flex cmsmasters-block-default e-con e-parent\" data-id=\"6593df7\" data-element_type=\"container\" data-e-type=\"container\">\n\t\t\t\t<div class=\"elementor-element elementor-element-d9ce6a1 cmsmasters-block-default cmsmasters-sticky-default elementor-widget elementor-widget-image\" data-id=\"d9ce6a1\" data-element_type=\"widget\" data-e-type=\"widget\" data-widget_type=\"image.default\">\n\t\t\t\t\t\t\t\t\t\t\t\t\t\t\t<img fetchpriority=\"high\" decoding=\"async\" width=\"2560\" height=\"1709\" src=\"https:\/\/galeriehugodufon.com\/wp-content\/uploads\/2026\/03\/Adrien-Thibault-Iota-Studio-2026-2-scaled.jpg\" class=\"attachment-full size-full wp-image-41712\" alt=\"\" srcset=\"https:\/\/galeriehugodufon.com\/wp-content\/uploads\/2026\/03\/Adrien-Thibault-Iota-Studio-2026-2-scaled.jpg 2560w, https:\/\/galeriehugodufon.com\/wp-content\/uploads\/2026\/03\/Adrien-Thibault-Iota-Studio-2026-2-300x200.jpg 300w, https:\/\/galeriehugodufon.com\/wp-content\/uploads\/2026\/03\/Adrien-Thibault-Iota-Studio-2026-2-1024x683.jpg 1024w, https:\/\/galeriehugodufon.com\/wp-content\/uploads\/2026\/03\/Adrien-Thibault-Iota-Studio-2026-2-768x513.jpg 768w, https:\/\/galeriehugodufon.com\/wp-content\/uploads\/2026\/03\/Adrien-Thibault-Iota-Studio-2026-2-1536x1025.jpg 1536w, https:\/\/galeriehugodufon.com\/wp-content\/uploads\/2026\/03\/Adrien-Thibault-Iota-Studio-2026-2-2048x1367.jpg 2048w, https:\/\/galeriehugodufon.com\/wp-content\/uploads\/2026\/03\/Adrien-Thibault-Iota-Studio-2026-2-450x300.jpg 450w, https:\/\/galeriehugodufon.com\/wp-content\/uploads\/2026\/03\/Adrien-Thibault-Iota-Studio-2026-2-600x400.jpg 600w\" sizes=\"(max-width: 2560px) 100vw, 2560px\" \/>\t\t\t\t\t\t\t\t\t\t\t\t\t\t\t<\/div>\n\t\t\t\t<\/div>\n\t\t<div class=\"elementor-element elementor-element-f79c221 e-flex e-con-boxed cmsmasters-block-default e-con e-parent\" data-id=\"f79c221\" data-element_type=\"container\" data-e-type=\"container\" data-settings=\"{&quot;background_background&quot;:&quot;classic&quot;}\">\n\t\t\t\t\t<div class=\"e-con-inner\">\n\t\t<div class=\"elementor-element elementor-element-a5e2265 e-con-full e-flex cmsmasters-block-default e-con e-child\" data-id=\"a5e2265\" data-element_type=\"container\" data-e-type=\"container\">\n\t\t\t\t<div class=\"elementor-element elementor-element-c638143 elementor-hidden-mobile cmsmasters-block-default cmsmasters-sticky-default elementor-widget elementor-widget-spacer\" data-id=\"c638143\" data-element_type=\"widget\" data-e-type=\"widget\" data-widget_type=\"spacer.default\">\n\t\t\t\t\t\t\t<div class=\"elementor-spacer\">\n\t\t\t<div class=\"elementor-spacer-inner\"><\/div>\n\t\t<\/div>\n\t\t\t\t\t\t<\/div>\n\t\t\t\t<div class=\"elementor-element elementor-element-8b26e71 elementor-hidden-widescreen elementor-hidden-desktop cmsmasters-block-default cmsmasters-sticky-default elementor-widget elementor-widget-spacer\" data-id=\"8b26e71\" data-element_type=\"widget\" data-e-type=\"widget\" data-widget_type=\"spacer.default\">\n\t\t\t\t\t\t\t<div class=\"elementor-spacer\">\n\t\t\t<div class=\"elementor-spacer-inner\"><\/div>\n\t\t<\/div>\n\t\t\t\t\t\t<\/div>\n\t\t\t\t<div class=\"elementor-element elementor-element-da51413 cmsmasters-block-default cmsmasters-sticky-default elementor-widget elementor-widget-heading\" data-id=\"da51413\" data-element_type=\"widget\" data-e-type=\"widget\" data-widget_type=\"heading.default\">\n\t\t\t\t\t<h2 class=\"elementor-heading-title elementor-size-default\"><a href=\"https:\/\/galeriehugodufon.com\/fr\/?page_id=41235\">Lucas Talbotier<\/a><\/h2>\t\t\t\t<\/div>\n\t\t\t\t<div class=\"elementor-element elementor-element-cb4907a cmsmasters-block-default cmsmasters-sticky-default elementor-widget elementor-widget-heading\" data-id=\"cb4907a\" data-element_type=\"widget\" data-e-type=\"widget\" data-widget_type=\"heading.default\">\n\t\t\t\t\t<h2 class=\"elementor-heading-title elementor-size-default\"><a href=\"https:\/\/galeriehugodufon.com\/fr\/?page_id=41235\">Iles de couleur<\/a><\/h2>\t\t\t\t<\/div>\n\t\t\t\t<div class=\"elementor-element elementor-element-324feb4 cmsmasters-block-default cmsmasters-sticky-default elementor-widget elementor-widget-heading\" data-id=\"324feb4\" data-element_type=\"widget\" data-e-type=\"widget\" data-widget_type=\"heading.default\">\n\t\t\t\t\t<h2 class=\"elementor-heading-title elementor-size-default\"><a href=\"https:\/\/galeriehugodufon.com\/fr\/?page_id=41235\">ouverture mi-avril 2026 <br>bogot\u00e1<\/a><\/h2>\t\t\t\t<\/div>\n\t\t\t\t<div class=\"elementor-element elementor-element-63c5079 cmsmasters-block-default cmsmasters-sticky-default elementor-widget elementor-widget-heading\" data-id=\"63c5079\" data-element_type=\"widget\" data-e-type=\"widget\" data-widget_type=\"heading.default\">\n\t\t\t\t\t<h2 class=\"elementor-heading-title elementor-size-default\"><a href=\"https:\/\/galeriehugodufon.com\/fr\/?page_id=41235\"><br>texte de Gr\u00e9goire Lubineau, critique d\u2019art<\/a><\/h2>\t\t\t\t<\/div>\n\t\t\t\t<div class=\"elementor-element elementor-element-91b24ac cmsmasters-block-default cmsmasters-sticky-default elementor-widget elementor-widget-spacer\" data-id=\"91b24ac\" data-element_type=\"widget\" data-e-type=\"widget\" data-widget_type=\"spacer.default\">\n\t\t\t\t\t\t\t<div class=\"elementor-spacer\">\n\t\t\t<div class=\"elementor-spacer-inner\"><\/div>\n\t\t<\/div>\n\t\t\t\t\t\t<\/div>\n\t\t\t\t<\/div>\n\t\t<div class=\"elementor-element elementor-element-5a13d21 e-con-full e-flex cmsmasters-block-default e-con e-child\" data-id=\"5a13d21\" data-element_type=\"container\" data-e-type=\"container\">\n\t\t\t\t<div class=\"elementor-element elementor-element-dd988a7 elementor-hidden-mobile cmsmasters-block-default cmsmasters-sticky-default elementor-widget elementor-widget-spacer\" data-id=\"dd988a7\" data-element_type=\"widget\" data-e-type=\"widget\" data-widget_type=\"spacer.default\">\n\t\t\t\t\t\t\t<div class=\"elementor-spacer\">\n\t\t\t<div class=\"elementor-spacer-inner\"><\/div>\n\t\t<\/div>\n\t\t\t\t\t\t<\/div>\n\t\t\t\t<div class=\"elementor-element elementor-element-1ad3c21 cmsmasters-block-default cmsmasters-sticky-default elementor-widget elementor-widget-text-editor\" data-id=\"1ad3c21\" data-element_type=\"widget\" data-e-type=\"widget\" data-widget_type=\"text-editor.default\">\n\t\t\t\t\t\t\t\t\t<p data-start=\"97\" data-end=\"523\">Il arrive qu\u2019\u00e0 la faveur d\u2019un concours de circonstances, d\u2019un voyage, l\u2019on se retrouve sur une \u00eele. On a voulu larguer les amarres, prendre le large et, pour un temps au moins, se couper du monde. On a laiss\u00e9 derri\u00e8re soi le grand continent, son enchev\u00eatrement de fronti\u00e8res et de r\u00e9seaux, ses soci\u00e9t\u00e9s trop occup\u00e9es, m\u00eal\u00e9es, bavardes, le bruit de ses disputes incessantes. On s\u2019est isol\u00e9, litt\u00e9ralement.<\/p><p data-start=\"525\" data-end=\"1037\">Sur une \u00eele, le monde, soudain, prend des proportions commensurables. Il devient possible d\u2019envisager une fin et un d\u00e9but : on n\u2019est plus inquiet d\u2019infini. Oubli\u00e9, Pascal, ses tracas compliqu\u00e9s de philosophe. Une relation avec notre corps, lui aussi clairement d\u00e9limit\u00e9 dans l\u2019espace, peut enfin s\u2019\u00e9tablir. Et puis les ressources sont limit\u00e9es, l\u2019eau, la nourriture, et l\u2019on apprend \u00e0 vivre plus pauvrement. On appr\u00e9cie mieux les plaisirs imm\u00e9diats : le go\u00fbt et la couleur des choses. Tout cela fait que l\u2019on dort d\u2019un sommeil profond et tranquille.<\/p>\t\t\t\t\t\t\t\t<\/div>\n\t\t\t\t<div class=\"elementor-element elementor-element-a113226 cmsmasters-block-default cmsmasters-sticky-default elementor-widget elementor-widget-image\" data-id=\"a113226\" data-element_type=\"widget\" data-e-type=\"widget\" data-widget_type=\"image.default\">\n\t\t\t\t\t\t\t\t\t\t\t\t<figure class=\"wp-caption\">\n\t\t\t\t\t\t\t\t\t\t<img decoding=\"async\" width=\"1024\" height=\"683\" src=\"https:\/\/galeriehugodufon.com\/wp-content\/uploads\/2026\/03\/Adrien-Thibault-Iota-Studio-2026-Grande-2-Grande-1024x683.jpeg\" class=\"attachment-large size-large wp-image-42334\" alt=\"\" srcset=\"https:\/\/galeriehugodufon.com\/wp-content\/uploads\/2026\/03\/Adrien-Thibault-Iota-Studio-2026-Grande-2-Grande-1024x683.jpeg 1024w, https:\/\/galeriehugodufon.com\/wp-content\/uploads\/2026\/03\/Adrien-Thibault-Iota-Studio-2026-Grande-2-Grande-300x200.jpeg 300w, https:\/\/galeriehugodufon.com\/wp-content\/uploads\/2026\/03\/Adrien-Thibault-Iota-Studio-2026-Grande-2-Grande-768x512.jpeg 768w, https:\/\/galeriehugodufon.com\/wp-content\/uploads\/2026\/03\/Adrien-Thibault-Iota-Studio-2026-Grande-2-Grande-18x12.jpeg 18w, https:\/\/galeriehugodufon.com\/wp-content\/uploads\/2026\/03\/Adrien-Thibault-Iota-Studio-2026-Grande-2-Grande-450x300.jpeg 450w, https:\/\/galeriehugodufon.com\/wp-content\/uploads\/2026\/03\/Adrien-Thibault-Iota-Studio-2026-Grande-2-Grande-600x400.jpeg 600w, https:\/\/galeriehugodufon.com\/wp-content\/uploads\/2026\/03\/Adrien-Thibault-Iota-Studio-2026-Grande-2-Grande.jpeg 1280w\" sizes=\"(max-width: 1024px) 100vw, 1024px\" \/>\t\t\t\t\t\t\t\t\t\t\t<figcaption class=\"widget-image-caption wp-caption-text\">\u00a9 Adrien Thibault &amp; Iota Studios, 2026<\/figcaption>\n\t\t\t\t\t\t\t\t\t\t<\/figure>\n\t\t\t\t\t\t\t\t\t<\/div>\n\t\t\t\t<div class=\"elementor-element elementor-element-0864d5b cmsmasters-block-default cmsmasters-sticky-default elementor-widget elementor-widget-text-editor\" data-id=\"0864d5b\" data-element_type=\"widget\" data-e-type=\"widget\" data-widget_type=\"text-editor.default\">\n\t\t\t\t\t\t\t\t\t<p data-start=\"1874\" data-end=\"2258\">\u00c9videmment, il y a des \u00eeles si petites qu\u2019on peut en embrasser toute la circonf\u00e9rence d\u2019un seul coup d\u2019\u0153il. Le Mont-Saint-Michel, par exemple, d\u2019une certaine mani\u00e8re, une fois la mar\u00e9e mont\u00e9e. Le Pain de Sucre, l\u2019\u00cele aux B\u00e9nitiers, quelque part dans l\u2019oc\u00e9an Indien. D\u2019autres, au contraire, sont si grandes qu\u2019on en oublie m\u00eame qu\u2019elles sont des \u00eeles : la Corse ou la Sicile, La R\u00e9union ou Hong Kong. Il suffit alors de prendre un peu de hauteur, un immeuble, une colline, et tout de suite la mer appara\u00eet, la fronti\u00e8re rassurante qu\u2019elle pose sur l\u2019horizon. On peut voir le soleil se lever et se coucher, toute sa course dans le ciel. D\u2019autres enfin ne sont des \u00eeles que de nom : Rhode Island, aux \u00c9tats-Unis, ne l\u2019est pas au sens g\u00e9ographique du terme, non plus que cette \u00ab Nouvelle-Angleterre \u00bb o\u00f9 elle est situ\u00e9e. Mais peu importe.<\/p><p data-start=\"1874\" data-end=\"2258\">Et l\u2019esprit des habitants d\u2019une \u00eele, c\u2019est logique, a quelque chose d\u2019\u00ab insulaire \u00bb. C\u2019est-\u00e0-dire qu\u2019il est marqu\u00e9 par un souci d\u2019ind\u00e9pendance, un certain c\u00f4t\u00e9 rev\u00eache. Un caract\u00e8re bien particulier le distingue de celui des gens du continent, et ils tiennent g\u00e9n\u00e9ralement \u00e0 ce qu\u2019on le sache. Cela ne les emp\u00eache nullement d\u2019\u00eatre accueillants. Seulement, ils savent qui ils sont. Ils connaissent leurs limites.<\/p><p data-start=\"2260\" data-end=\"2608\">En retour, on pourrait dire que partout o\u00f9 cette sagesse se retrouve, toute chose, toute id\u00e9e, tout lieu ou tout temps marqu\u00e9 d\u2019un tel esprit a le droit d\u2019\u00eatre consid\u00e9r\u00e9 comme une \u00eele. Un espace o\u00f9 l\u2019on s\u2019isole, un havre enfin \u00e0 la mesure de ce moi soucieux de retrouver un chemin qui lui convienne dans l\u2019immense univers, un cadre plus strict o\u00f9 il s\u2019\u00e9panouisse.<\/p>\t\t\t\t\t\t\t\t<\/div>\n\t\t\t\t<div class=\"elementor-element elementor-element-c6cffce cmsmasters-block-default cmsmasters-sticky-default elementor-widget elementor-widget-image\" data-id=\"c6cffce\" data-element_type=\"widget\" data-e-type=\"widget\" data-widget_type=\"image.default\">\n\t\t\t\t\t\t\t\t\t\t\t\t<figure class=\"wp-caption\">\n\t\t\t\t\t\t\t\t\t\t<img decoding=\"async\" width=\"986\" height=\"1024\" src=\"https:\/\/galeriehugodufon.com\/wp-content\/uploads\/2026\/03\/Adrien-Thibault-Iota-Studio-2026-2-Grande-986x1024.jpeg\" class=\"attachment-large size-large wp-image-42335\" alt=\"\" srcset=\"https:\/\/galeriehugodufon.com\/wp-content\/uploads\/2026\/03\/Adrien-Thibault-Iota-Studio-2026-2-Grande-986x1024.jpeg 986w, https:\/\/galeriehugodufon.com\/wp-content\/uploads\/2026\/03\/Adrien-Thibault-Iota-Studio-2026-2-Grande-289x300.jpeg 289w, https:\/\/galeriehugodufon.com\/wp-content\/uploads\/2026\/03\/Adrien-Thibault-Iota-Studio-2026-2-Grande-768x797.jpeg 768w, https:\/\/galeriehugodufon.com\/wp-content\/uploads\/2026\/03\/Adrien-Thibault-Iota-Studio-2026-2-Grande-12x12.jpeg 12w, https:\/\/galeriehugodufon.com\/wp-content\/uploads\/2026\/03\/Adrien-Thibault-Iota-Studio-2026-2-Grande-600x623.jpeg 600w, https:\/\/galeriehugodufon.com\/wp-content\/uploads\/2026\/03\/Adrien-Thibault-Iota-Studio-2026-2-Grande.jpeg 1233w\" sizes=\"(max-width: 986px) 100vw, 986px\" \/>\t\t\t\t\t\t\t\t\t\t\t<figcaption class=\"widget-image-caption wp-caption-text\">\u00a9 Adrien Thibault &amp; Iota Studios, 2026<\/figcaption>\n\t\t\t\t\t\t\t\t\t\t<\/figure>\n\t\t\t\t\t\t\t\t\t<\/div>\n\t\t\t\t<div class=\"elementor-element elementor-element-1d18b5b cmsmasters-block-default cmsmasters-sticky-default elementor-widget elementor-widget-text-editor\" data-id=\"1d18b5b\" data-element_type=\"widget\" data-e-type=\"widget\" data-widget_type=\"text-editor.default\">\n\t\t\t\t\t\t\t\t\t<p>L\u2019atelier de Lucas Talbotier, ainsi, partout o\u00f9 il s\u2019installe, m\u2019appara\u00eet comme une sorte d\u2019\u00eele. Ces temps-ci, de formidables plantes exotiques qu\u2019il cultive en pot y c\u00f4toient, contre une grande vitre, les hautes tours du quartier de la D\u00e9fense et les \u00e9tendues min\u00e9rales de la banlieue parisienne \u00e0 leurs pieds. Ses petites toiles, align\u00e9es \u00e0 l\u2019horizontale sur le mur qui fait face \u00e0 ce d\u00e9cor, y forment \u00e0 leur tour un curieux archipel o\u00f9 les promenades, les sentiments, tout l\u2019amour que le peintre a gard\u00e9 pour les lieux et les gens, mais aussi pour l\u2019\u0153uvre de certains artistes qui l\u2019ont pr\u00e9c\u00e9d\u00e9, prennent les couleurs et les formes d\u2019une grammaire qu\u2019il s\u2019attache, des mois durant, \u00e0 pr\u00e9ciser.<\/p><p>C\u2019est le souvenir d\u2019une marche dans la for\u00eat, ou la chaleur et le sel d\u2019une baignade en mer. C\u2019est, quelque part contre une falaise, un creux dans la roche o\u00f9 les vagues se d\u00e9versent en bouillonnant, \u00e9clatent en un millier de gouttelettes blanches. La fatigue et l\u2019excitation d\u2019un voyage en Afrique, la texture de peintures rupestres que tout le monde a oubli\u00e9es ; d\u2019une vie en Asie, elle aussi disparue dans les replis de la m\u00e9moire ; d\u2019un semestre en Am\u00e9rique o\u00f9 il fallait apprendre en anglais. Un sentier qui est aussi la ligne d\u2019un tableau d\u2019Hollander. La silhouette d\u2019un arbre qui n\u2019est plus un arbre, qui n\u2019est plus que de la peinture. Le plaisir et l\u2019\u00e9motion, \u00e0 nu, que Lucas \u00e9prouve \u00e0 retrouver la trace que ces moments et ces choses ont laiss\u00e9e dans sa vie, comme de beaux \u00eelots color\u00e9s.<\/p>\t\t\t\t\t\t\t\t<\/div>\n\t\t\t\t<\/div>\n\t\t\t\t\t<\/div>\n\t\t\t\t<\/div>\n\t\t<div class=\"elementor-element elementor-element-eb71818 e-flex e-con-boxed cmsmasters-block-default e-con e-parent\" data-id=\"eb71818\" data-element_type=\"container\" data-e-type=\"container\" data-settings=\"{&quot;background_background&quot;:&quot;classic&quot;}\">\n\t\t\t\t\t<div class=\"e-con-inner\">\n\t\t\t\t<div class=\"elementor-element elementor-element-f82ad2c cmsmasters-block-default cmsmasters-sticky-default elementor-widget elementor-widget-spacer\" data-id=\"f82ad2c\" data-element_type=\"widget\" data-e-type=\"widget\" data-widget_type=\"spacer.default\">\n\t\t\t\t\t\t\t<div class=\"elementor-spacer\">\n\t\t\t<div class=\"elementor-spacer-inner\"><\/div>\n\t\t<\/div>\n\t\t\t\t\t\t<\/div>\n\t\t\t\t\t<\/div>\n\t\t\t\t<\/div>\n\t\t\t\t<\/div>","protected":false},"excerpt":{"rendered":"<p>Lucas Talbotier Iles de couleur opening mid-April 2026 bogot\u00e1 text by Gr\u00e9goire Lubineau, art critic It sometimes happens, through a convergence of circumstances, a journey, that one finds oneself on an island. One has chosen to cast off, to set out to sea and, for a time at least, to cut oneself off from the&#8230;<\/p>","protected":false},"author":1,"featured_media":0,"parent":0,"menu_order":0,"comment_status":"closed","ping_status":"closed","template":"","meta":{"_acf_changed":false,"ngg_post_thumbnail":0,"footnotes":""},"class_list":["post-42663","page","type-page","status-publish","hentry"],"acf":[],"_links":{"self":[{"href":"https:\/\/galeriehugodufon.com\/fr\/wp-json\/wp\/v2\/pages\/42663","targetHints":{"allow":["GET"]}}],"collection":[{"href":"https:\/\/galeriehugodufon.com\/fr\/wp-json\/wp\/v2\/pages"}],"about":[{"href":"https:\/\/galeriehugodufon.com\/fr\/wp-json\/wp\/v2\/types\/page"}],"author":[{"embeddable":true,"href":"https:\/\/galeriehugodufon.com\/fr\/wp-json\/wp\/v2\/users\/1"}],"replies":[{"embeddable":true,"href":"https:\/\/galeriehugodufon.com\/fr\/wp-json\/wp\/v2\/comments?post=42663"}],"version-history":[{"count":6,"href":"https:\/\/galeriehugodufon.com\/fr\/wp-json\/wp\/v2\/pages\/42663\/revisions"}],"predecessor-version":[{"id":42747,"href":"https:\/\/galeriehugodufon.com\/fr\/wp-json\/wp\/v2\/pages\/42663\/revisions\/42747"}],"wp:attachment":[{"href":"https:\/\/galeriehugodufon.com\/fr\/wp-json\/wp\/v2\/media?parent=42663"}],"curies":[{"name":"wp","href":"https:\/\/api.w.org\/{rel}","templated":true}]}}