{"id":41219,"date":"2026-03-17T20:35:01","date_gmt":"2026-03-17T20:35:01","guid":{"rendered":"https:\/\/galeriehugodufon.com\/?page_id=41219"},"modified":"2026-04-07T21:34:18","modified_gmt":"2026-04-07T21:34:18","slug":"christian-sorg","status":"publish","type":"page","link":"https:\/\/galeriehugodufon.com\/fr\/christian-sorg\/","title":{"rendered":"Christian Sorg"},"content":{"rendered":"<div data-elementor-type=\"wp-page\" data-elementor-id=\"41219\" class=\"elementor elementor-41219\">\n\t\t\t\t<div class=\"elementor-element elementor-element-c053be6 e-flex e-con-boxed cmsmasters-block-default e-con e-parent\" data-id=\"c053be6\" data-element_type=\"container\" data-e-type=\"container\">\n\t\t\t\t\t<div class=\"e-con-inner\">\n\t\t<div class=\"elementor-element elementor-element-781a3b5 e-con-full e-flex cmsmasters-block-default e-con e-child\" data-id=\"781a3b5\" data-element_type=\"container\" data-e-type=\"container\">\n\t\t\t\t<div class=\"elementor-element elementor-element-03b7736 cmsmasters-block-default cmsmasters-sticky-default elementor-widget elementor-widget-spacer\" data-id=\"03b7736\" data-element_type=\"widget\" data-e-type=\"widget\" data-widget_type=\"spacer.default\">\n\t\t\t\t\t\t\t<div class=\"elementor-spacer\">\n\t\t\t<div class=\"elementor-spacer-inner\"><\/div>\n\t\t<\/div>\n\t\t\t\t\t\t<\/div>\n\t\t\t\t<div class=\"elementor-element elementor-element-715dbdc cmsmasters-block-default cmsmasters-sticky-default elementor-widget elementor-widget-spacer\" data-id=\"715dbdc\" data-element_type=\"widget\" data-e-type=\"widget\" data-widget_type=\"spacer.default\">\n\t\t\t\t\t\t\t<div class=\"elementor-spacer\">\n\t\t\t<div class=\"elementor-spacer-inner\"><\/div>\n\t\t<\/div>\n\t\t\t\t\t\t<\/div>\n\t\t\t\t<div class=\"elementor-element elementor-element-f49678a elementor-hidden-tablet cmsmasters-block-default cmsmasters-sticky-default elementor-widget elementor-widget-spacer\" data-id=\"f49678a\" data-element_type=\"widget\" data-e-type=\"widget\" data-widget_type=\"spacer.default\">\n\t\t\t\t\t\t\t<div class=\"elementor-spacer\">\n\t\t\t<div class=\"elementor-spacer-inner\"><\/div>\n\t\t<\/div>\n\t\t\t\t\t\t<\/div>\n\t\t<div class=\"elementor-element elementor-element-2cb2cc7 e-con-full e-flex cmsmasters-block-default e-con e-child\" data-id=\"2cb2cc7\" data-element_type=\"container\" data-e-type=\"container\">\n\t\t\t\t<div class=\"elementor-element elementor-element-1cc936c cmsmasters-block-default cmsmasters-sticky-default elementor-widget elementor-widget-heading\" data-id=\"1cc936c\" data-element_type=\"widget\" data-e-type=\"widget\" data-widget_type=\"heading.default\">\n\t\t\t\t\t<h2 class=\"elementor-heading-title elementor-size-default\">Christian Sorg<\/h2>\t\t\t\t<\/div>\n\t\t\t\t<div class=\"elementor-element elementor-element-6b0b2d8 cmsmasters-block-default cmsmasters-sticky-default elementor-widget elementor-widget-text-editor\" data-id=\"6b0b2d8\" data-element_type=\"widget\" data-e-type=\"widget\" data-widget_type=\"text-editor.default\">\n\t\t\t\t\t\t\t\t\t<p class=\"p1\">lives and works between Paris and Vezelay<\/p><p class=\"p1\">b. 1941, France<\/p>\t\t\t\t\t\t\t\t<\/div>\n\t\t\t\t<\/div>\n\t\t\t\t<\/div>\n\t\t<div class=\"elementor-element elementor-element-8efd0c7 e-con-full e-flex cmsmasters-block-default e-con e-child\" data-id=\"8efd0c7\" data-element_type=\"container\" data-e-type=\"container\">\n\t\t\t\t<div class=\"elementor-element elementor-element-76abc99 cmsmasters-block-default cmsmasters-sticky-default elementor-widget elementor-widget-spacer\" data-id=\"76abc99\" data-element_type=\"widget\" data-e-type=\"widget\" data-widget_type=\"spacer.default\">\n\t\t\t\t\t\t\t<div class=\"elementor-spacer\">\n\t\t\t<div class=\"elementor-spacer-inner\"><\/div>\n\t\t<\/div>\n\t\t\t\t\t\t<\/div>\n\t\t\t\t<div class=\"elementor-element elementor-element-d7db8cd cmsmasters-block-default cmsmasters-sticky-default elementor-widget elementor-widget-image\" data-id=\"d7db8cd\" data-element_type=\"widget\" data-e-type=\"widget\" data-widget_type=\"image.default\">\n\t\t\t\t\t\t\t\t\t\t\t\t\t\t\t<img fetchpriority=\"high\" decoding=\"async\" width=\"1024\" height=\"711\" src=\"https:\/\/galeriehugodufon.com\/wp-content\/uploads\/2026\/03\/Dans-latelier.jpg\" class=\"attachment-large size-large wp-image-42188\" alt=\"\" srcset=\"https:\/\/galeriehugodufon.com\/wp-content\/uploads\/2026\/03\/Dans-latelier.jpg 1024w, https:\/\/galeriehugodufon.com\/wp-content\/uploads\/2026\/03\/Dans-latelier-300x208.jpg 300w, https:\/\/galeriehugodufon.com\/wp-content\/uploads\/2026\/03\/Dans-latelier-768x533.jpg 768w, https:\/\/galeriehugodufon.com\/wp-content\/uploads\/2026\/03\/Dans-latelier-18x12.jpg 18w, https:\/\/galeriehugodufon.com\/wp-content\/uploads\/2026\/03\/Dans-latelier-432x300.jpg 432w, https:\/\/galeriehugodufon.com\/wp-content\/uploads\/2026\/03\/Dans-latelier-600x417.jpg 600w\" sizes=\"(max-width: 1024px) 100vw, 1024px\" \/>\t\t\t\t\t\t\t\t\t\t\t\t\t\t\t<\/div>\n\t\t\t\t<div class=\"elementor-element elementor-element-a6976a8 cmsmasters-block-default cmsmasters-sticky-default elementor-widget elementor-widget-spacer\" data-id=\"a6976a8\" data-element_type=\"widget\" data-e-type=\"widget\" data-widget_type=\"spacer.default\">\n\t\t\t\t\t\t\t<div class=\"elementor-spacer\">\n\t\t\t<div class=\"elementor-spacer-inner\"><\/div>\n\t\t<\/div>\n\t\t\t\t\t\t<\/div>\n\t\t\t\t<\/div>\n\t\t\t\t\t<\/div>\n\t\t\t\t<\/div>\n\t\t<div class=\"elementor-element elementor-element-99227d7 e-flex e-con-boxed cmsmasters-block-default e-con e-parent\" data-id=\"99227d7\" data-element_type=\"container\" data-e-type=\"container\" data-settings=\"{&quot;background_background&quot;:&quot;classic&quot;}\">\n\t\t\t\t\t<div class=\"e-con-inner\">\n\t\t<div class=\"elementor-element elementor-element-2097d81 e-con-full e-flex cmsmasters-block-default e-con e-child\" data-id=\"2097d81\" data-element_type=\"container\" data-e-type=\"container\">\n\t\t\t\t<div class=\"elementor-element elementor-element-469e5b8 elementor-hidden-mobile cmsmasters-block-default cmsmasters-sticky-default elementor-widget elementor-widget-spacer\" data-id=\"469e5b8\" data-element_type=\"widget\" data-e-type=\"widget\" data-widget_type=\"spacer.default\">\n\t\t\t\t\t\t\t<div class=\"elementor-spacer\">\n\t\t\t<div class=\"elementor-spacer-inner\"><\/div>\n\t\t<\/div>\n\t\t\t\t\t\t<\/div>\n\t\t\t\t<div class=\"elementor-element elementor-element-094dc82 elementor-hidden-widescreen elementor-hidden-desktop elementor-hidden-tablet cmsmasters-block-default cmsmasters-sticky-default elementor-widget elementor-widget-spacer\" data-id=\"094dc82\" data-element_type=\"widget\" data-e-type=\"widget\" data-widget_type=\"spacer.default\">\n\t\t\t\t\t\t\t<div class=\"elementor-spacer\">\n\t\t\t<div class=\"elementor-spacer-inner\"><\/div>\n\t\t<\/div>\n\t\t\t\t\t\t<\/div>\n\t\t\t\t<div class=\"elementor-element elementor-element-335326d cmsmasters-block-default cmsmasters-sticky-default elementor-widget elementor-widget-heading\" data-id=\"335326d\" data-element_type=\"widget\" data-e-type=\"widget\" data-widget_type=\"heading.default\">\n\t\t\t\t\t<h2 class=\"elementor-heading-title elementor-size-default\">biography<\/h2>\t\t\t\t<\/div>\n\t\t\t\t<div class=\"elementor-element elementor-element-25a377f cmsmasters-block-default cmsmasters-sticky-default elementor-widget elementor-widget-spacer\" data-id=\"25a377f\" data-element_type=\"widget\" data-e-type=\"widget\" data-widget_type=\"spacer.default\">\n\t\t\t\t\t\t\t<div class=\"elementor-spacer\">\n\t\t\t<div class=\"elementor-spacer-inner\"><\/div>\n\t\t<\/div>\n\t\t\t\t\t\t<\/div>\n\t\t\t\t<\/div>\n\t\t<div class=\"elementor-element elementor-element-3049a48 e-con-full e-flex cmsmasters-block-default e-con e-child\" data-id=\"3049a48\" data-element_type=\"container\" data-e-type=\"container\">\n\t\t\t\t<div class=\"elementor-element elementor-element-1b85a81 elementor-hidden-mobile cmsmasters-block-default cmsmasters-sticky-default elementor-widget elementor-widget-spacer\" data-id=\"1b85a81\" data-element_type=\"widget\" data-e-type=\"widget\" data-widget_type=\"spacer.default\">\n\t\t\t\t\t\t\t<div class=\"elementor-spacer\">\n\t\t\t<div class=\"elementor-spacer-inner\"><\/div>\n\t\t<\/div>\n\t\t\t\t\t\t<\/div>\n\t\t\t\t<div class=\"elementor-element elementor-element-67994ae cmsmasters-block-default cmsmasters-sticky-default elementor-widget elementor-widget-text-editor\" data-id=\"67994ae\" data-element_type=\"widget\" data-e-type=\"widget\" data-widget_type=\"text-editor.default\">\n\t\t\t\t\t\t\t\t\t<p>Christian Sorg d\u00e9veloppe un langage pictural singulier, situ\u00e9 \u00e0 la lisi\u00e8re de l\u2019abstraction et de l\u2019exp\u00e9rience v\u00e9cue. Sa peinture ne cherche pas \u00e0 repr\u00e9senter le monde, mais \u00e0 en restituer la pr\u00e9sence \u00e0 travers le geste, la trace et l\u2019intensit\u00e9 imm\u00e9diate de la perception. Chez lui, la peinture est \u00e0 la fois sujet et processus, une recherche constante dans laquelle chaque \u0153uvre appara\u00eet comme une conqu\u00eate renouvel\u00e9e, toujours ouverte, jamais d\u00e9finitivement achev\u00e9e.<\/p>\t\t\t\t\t\t\t\t<\/div>\n\t\t\t\t<div class=\"elementor-element elementor-element-a7584a5 cmsmasters-block-default cmsmasters-sticky-default elementor-widget elementor-widget-n-accordion\" data-id=\"a7584a5\" data-element_type=\"widget\" data-e-type=\"widget\" data-settings=\"{&quot;default_state&quot;:&quot;all_collapsed&quot;,&quot;max_items_expended&quot;:&quot;one&quot;,&quot;n_accordion_animation_duration&quot;:{&quot;unit&quot;:&quot;ms&quot;,&quot;size&quot;:400,&quot;sizes&quot;:[]}}\" data-widget_type=\"nested-accordion.default\">\n\t\t\t\t\t\t\t<div class=\"e-n-accordion\" aria-label=\"Accordion. Open links with Enter or Space, close with Escape, and navigate with Arrow Keys\">\n\t\t\t\t\t\t<details id=\"e-n-accordion-item-1750\" class=\"e-n-accordion-item\" >\n\t\t\t\t<summary class=\"e-n-accordion-item-title\" data-accordion-index=\"1\" tabindex=\"0\" aria-expanded=\"false\" aria-controls=\"e-n-accordion-item-1750\" >\n\t\t\t\t\t<span class='e-n-accordion-item-title-header'><div class=\"e-n-accordion-item-title-text\"> &gt; read full biography <\/div><\/span>\n\t\t\t\t\t\t\t\t\t<\/summary>\n\t\t\t\t<div role=\"region\" aria-labelledby=\"e-n-accordion-item-1750\" class=\"elementor-element elementor-element-e0e1234 e-con-full e-flex cmsmasters-block-default e-con e-child\" data-id=\"e0e1234\" data-element_type=\"container\" data-e-type=\"container\">\n\t\t\t\t<div class=\"elementor-element elementor-element-0fc9edd cmsmasters-block-default cmsmasters-sticky-default elementor-widget elementor-widget-spacer\" data-id=\"0fc9edd\" data-element_type=\"widget\" data-e-type=\"widget\" data-widget_type=\"spacer.default\">\n\t\t\t\t\t\t\t<div class=\"elementor-spacer\">\n\t\t\t<div class=\"elementor-spacer-inner\"><\/div>\n\t\t<\/div>\n\t\t\t\t\t\t<\/div>\n\t\t\t\t<div class=\"elementor-element elementor-element-4d69780 cmsmasters-block-default cmsmasters-sticky-default elementor-widget elementor-widget-text-editor\" data-id=\"4d69780\" data-element_type=\"widget\" data-e-type=\"widget\" data-widget_type=\"text-editor.default\">\n\t\t\t\t\t\t\t\t\t<p>Christian Sorg n\u2019est ni un peintre figuratif, ni un repr\u00e9sentant de l\u2019abstraction pure, pas davantage un peintre formaliste. Son \u0153uvre se construit dans un espace de tension entre ces diff\u00e9rents registres. C\u2019est \u00e0 partir de son exp\u00e9rience initiale de la figuration \u2014 \u0153uvres de jeunesse, paysages, natures mortes \u2014 mais aussi de son engagement dans l\u2019abstraction \u00e0 partir des ann\u00e9es 1970, avec les grands collages et les aplats de couleur, qu\u2019il acc\u00e8de progressivement \u00e0 une plus grande libert\u00e9 de peindre. Cette trajectoire nourrit une interrogation continue : il ne cesse de questionner son rapport personnel \u00e0 la peinture, en lien direct avec le r\u00e9el.<\/p><p class=\"translation-block\">Tr\u00e8s t\u00f4t, son travail est reconnu sur la sc\u00e8ne artistique fran\u00e7aise. Il participe notamment \u00e0 \"Travaux Paris 77\" au Mus\u00e9e d\u2019Art moderne de la Ville de Paris, puis \u00e0 l\u2019exposition \"Tendances de l\u2019Art en France\" en 1979, dans le cadre des partis pris de Marcelin Pleynet.<\/p><p data-start=\"1444\" data-end=\"1646\">Sa pratique repose sur une libert\u00e9 d\u2019action totale, o\u00f9 la gestuelle, tant\u00f4t nerveuse et incisive, tant\u00f4t plus douce et retenue, structure l\u2019espace pictural et en active les lignes de force.<\/p><p data-start=\"1648\" data-end=\"2186\">Depuis le d\u00e9but des ann\u00e9es 1990, son \u0153uvre est profond\u00e9ment marqu\u00e9e par ses s\u00e9jours en Aragon, ainsi que par sa proximit\u00e9 avec des sites pr\u00e9historiques tels que ceux du Levant ou d\u2019Arcy-sur-Cure. Ces exp\u00e9riences donnent naissance \u00e0 une forme de calligraphie picturale, par laquelle il transpose l\u2019impact physique et \u00e9motionnel des paysages, des traces anciennes et des forces \u00e9l\u00e9mentaires. Sa peinture r\u00e9sonne ainsi avec les premiers gestes de l\u2019humanit\u00e9, tout en demeurant ancr\u00e9e dans l\u2019instant du v\u00e9cu, entre fragilit\u00e9 du monde et intensit\u00e9 fugace de la vie.<\/p><p data-start=\"2188\" data-end=\"2452\">Il ne s\u2019agit pas d\u2019abstractions au sens strict, mais de perceptions condens\u00e9es, des choses vues, ressenties, puis r\u00e9activ\u00e9es par la peinture. L\u2019\u0153uvre oscille entre construction et rupture, continuit\u00e9 et dissonance, donnant naissance \u00e0 un \u00e9quilibre instable, vibrant.<\/p><p data-start=\"2454\" data-end=\"2857\">De la France (Paris, V\u00e9zelay) \u00e0 l\u2019Espagne (Calaceite, en Aragon), Christian Sorg entretient un rapport \u00e9troit, presque physique, aux territoires qu\u2019il habite. Les contrastes entre ces environnements \u2014 terres arides et paysages plus charnels \u2014 nourrissent sa palette, ses rythmes et son rapport \u00e0 l\u2019espace. La nature, dans sa dimension la plus imm\u00e9diate, demeure une source essentielle d\u2019\u00e9nergie et d\u2019inspiration.<\/p><p data-start=\"2859\" data-end=\"3304\">Christian Sorg, n\u00e9 \u00e0 Paris en 1941, est un peintre fran\u00e7ais qui vit et travaille en France. Sa formation d\u00e9bute aux Arts Appliqu\u00e9s, par le choix de l\u2019atelier de sculpture. Son parcours se poursuit \u00e0 l\u2019\u00c9cole Nationale des Beaux-Arts de Paris, o\u00f9 il d\u00e9veloppe son rapport \u00e0 la peinture. Au fil des ann\u00e9es, Christian Sorg cr\u00e9e un v\u00e9ritable langage pictural qui lui est propre, dans lequel il invente sa m\u00e9thode d\u2019appropriation du r\u00e9el.<\/p><p data-start=\"3306\" data-end=\"4392\">Ses \u0153uvres sont pr\u00e9sentes dans les collections du Mus\u00e9e d\u2019Art moderne de la ville de Paris, Mus\u00e9e d\u2019art moderne de St Etienne, Mus\u00e9e national d\u2019 Art moderne, Centre Georges Pompidou, Les Abattoirs de Toulouse, Mus\u00e9e des Beaux-Arts de Nantes, Mus\u00e9e des Beaux-Arts de Rouen, Mus\u00e9e-Galerie Carnot de Villeneuve-sur-Yonne, Mus\u00e9e de Sens, Mus\u00e9e de Soissons, Mus\u00e9e de la vall\u00e9e de la Creuze, \u00c9guzon-Chant\u00f4me, BNF, biblioth\u00e8ques et artoth\u00e8ques d\u2019Avallon, de Bayeux, de Riom et banques BNP et Worms, Mus\u00e9e d\u2019Art et d\u2019histoire de Gen\u00e8ve (Suisse), Institut fran\u00e7ais de Barcelone, Museo de Calaceite (Teruel), Museo del Dibujo (Huesca), Museo provincial de Teruel, Museo Goya (Zaragoza), Museo Pablo Serrano (Zaragoza), Fondations Zervos, Colas et No\u00e9sis (Espagne), MATMUT, Fondation Bouvet Ladubay, Saumur. Les FRAC Alsace, Haute Normandie, Midi Pyr\u00e9n\u00e9es et FNAC Paris accueillent \u00e9galement des \u0153uvres de l\u2019artiste.<\/p>\t\t\t\t\t\t\t\t<\/div>\n\t\t\t\t<\/div>\n\t\t\t\t\t<\/details>\n\t\t\t\t\t<\/div>\n\t\t\t\t\t\t<\/div>\n\t\t\t\t<div class=\"elementor-element elementor-element-41cf1fc elementor-hidden-mobile cmsmasters-block-default cmsmasters-sticky-default elementor-widget elementor-widget-spacer\" data-id=\"41cf1fc\" data-element_type=\"widget\" data-e-type=\"widget\" data-widget_type=\"spacer.default\">\n\t\t\t\t\t\t\t<div class=\"elementor-spacer\">\n\t\t\t<div class=\"elementor-spacer-inner\"><\/div>\n\t\t<\/div>\n\t\t\t\t\t\t<\/div>\n\t\t\t\t<\/div>\n\t\t\t\t\t<\/div>\n\t\t\t\t<\/div>\n\t\t<div class=\"elementor-element elementor-element-aeb694a e-flex e-con-boxed cmsmasters-block-default e-con e-parent\" data-id=\"aeb694a\" data-element_type=\"container\" data-e-type=\"container\" data-settings=\"{&quot;background_background&quot;:&quot;classic&quot;}\">\n\t\t\t\t\t<div class=\"e-con-inner\">\n\t\t<div class=\"elementor-element elementor-element-5d8a147 e-con-full e-flex cmsmasters-block-default e-con e-child\" data-id=\"5d8a147\" data-element_type=\"container\" data-e-type=\"container\">\n\t\t\t\t<div class=\"elementor-element elementor-element-fcc8869 cmsmasters-block-default cmsmasters-sticky-default elementor-widget elementor-widget-spacer\" data-id=\"fcc8869\" data-element_type=\"widget\" data-e-type=\"widget\" data-widget_type=\"spacer.default\">\n\t\t\t\t\t\t\t<div class=\"elementor-spacer\">\n\t\t\t<div class=\"elementor-spacer-inner\"><\/div>\n\t\t<\/div>\n\t\t\t\t\t\t<\/div>\n\t\t\t\t<div class=\"elementor-element elementor-element-2b72e91 cmsmasters-block-default cmsmasters-sticky-default elementor-widget elementor-widget-heading\" data-id=\"2b72e91\" data-element_type=\"widget\" data-e-type=\"widget\" data-widget_type=\"heading.default\">\n\t\t\t\t\t<h2 class=\"elementor-heading-title elementor-size-default\">selected artworks<\/h2>\t\t\t\t<\/div>\n\t\t\t\t<\/div>\n\t\t<div class=\"elementor-element elementor-element-f44b878 e-con-full e-flex cmsmasters-block-default e-con e-child\" data-id=\"f44b878\" data-element_type=\"container\" data-e-type=\"container\">\n\t\t\t\t<div class=\"elementor-element elementor-element-5d5cef2 cmsmasters-block-default cmsmasters-sticky-default elementor-widget elementor-widget-spacer\" data-id=\"5d5cef2\" data-element_type=\"widget\" data-e-type=\"widget\" data-widget_type=\"spacer.default\">\n\t\t\t\t\t\t\t<div class=\"elementor-spacer\">\n\t\t\t<div class=\"elementor-spacer-inner\"><\/div>\n\t\t<\/div>\n\t\t\t\t\t\t<\/div>\n\t\t\t\t<div class=\"elementor-element elementor-element-c2ba72e cmsmasters-block-default cmsmasters-sticky-default elementor-widget elementor-widget-shortcode\" data-id=\"c2ba72e\" data-element_type=\"widget\" data-e-type=\"widget\" data-widget_type=\"shortcode.default\">\n\t\t\t\t\t\t\t<div class=\"elementor-shortcode\"><p>Aucun profil d\u00e9tect\u00e9.<\/p><\/div>\n\t\t\t\t\t\t<\/div>\n\t\t\t\t<div class=\"elementor-element elementor-element-f352b0e cmsmasters-block-default cmsmasters-sticky-default elementor-widget elementor-widget-spacer\" data-id=\"f352b0e\" data-element_type=\"widget\" data-e-type=\"widget\" data-widget_type=\"spacer.default\">\n\t\t\t\t\t\t\t<div class=\"elementor-spacer\">\n\t\t\t<div class=\"elementor-spacer-inner\"><\/div>\n\t\t<\/div>\n\t\t\t\t\t\t<\/div>\n\t\t\t\t<\/div>\n\t\t\t\t\t<\/div>\n\t\t\t\t<\/div>\n\t\t\t\t<\/div>","protected":false},"excerpt":{"rendered":"<p>Christian Sorg lives and works between Paris and Vezelay b. 1941, France biography Christian Sorg develops a singular pictorial language, situated at the threshold between abstraction and lived experience. His painting does not seek to represent the world, but to convey its presence through gesture, trace, and the immediate intensity of perception. For him, painting&#8230;<\/p>","protected":false},"author":1,"featured_media":0,"parent":0,"menu_order":0,"comment_status":"closed","ping_status":"closed","template":"","meta":{"_acf_changed":false,"ngg_post_thumbnail":0,"footnotes":""},"class_list":["post-41219","page","type-page","status-publish","hentry"],"acf":[],"_links":{"self":[{"href":"https:\/\/galeriehugodufon.com\/fr\/wp-json\/wp\/v2\/pages\/41219","targetHints":{"allow":["GET"]}}],"collection":[{"href":"https:\/\/galeriehugodufon.com\/fr\/wp-json\/wp\/v2\/pages"}],"about":[{"href":"https:\/\/galeriehugodufon.com\/fr\/wp-json\/wp\/v2\/types\/page"}],"author":[{"embeddable":true,"href":"https:\/\/galeriehugodufon.com\/fr\/wp-json\/wp\/v2\/users\/1"}],"replies":[{"embeddable":true,"href":"https:\/\/galeriehugodufon.com\/fr\/wp-json\/wp\/v2\/comments?post=41219"}],"version-history":[{"count":67,"href":"https:\/\/galeriehugodufon.com\/fr\/wp-json\/wp\/v2\/pages\/41219\/revisions"}],"predecessor-version":[{"id":42810,"href":"https:\/\/galeriehugodufon.com\/fr\/wp-json\/wp\/v2\/pages\/41219\/revisions\/42810"}],"wp:attachment":[{"href":"https:\/\/galeriehugodufon.com\/fr\/wp-json\/wp\/v2\/media?parent=41219"}],"curies":[{"name":"wp","href":"https:\/\/api.w.org\/{rel}","templated":true}]}}