{"id":41210,"date":"2026-03-17T20:27:40","date_gmt":"2026-03-17T20:27:40","guid":{"rendered":"https:\/\/galeriehugodufon.com\/?page_id=41210"},"modified":"2026-04-07T21:55:20","modified_gmt":"2026-04-07T21:55:20","slug":"ted-larsen","status":"publish","type":"page","link":"https:\/\/galeriehugodufon.com\/fr\/ted-larsen\/","title":{"rendered":"Ted Larsen"},"content":{"rendered":"<div data-elementor-type=\"wp-page\" data-elementor-id=\"41210\" class=\"elementor elementor-41210\">\n\t\t\t\t<div class=\"elementor-element elementor-element-c892c34 e-flex e-con-boxed cmsmasters-block-default e-con e-parent\" data-id=\"c892c34\" data-element_type=\"container\" data-e-type=\"container\">\n\t\t\t\t\t<div class=\"e-con-inner\">\n\t\t<div class=\"elementor-element elementor-element-1d76d61 e-con-full e-flex cmsmasters-block-default e-con e-child\" data-id=\"1d76d61\" data-element_type=\"container\" data-e-type=\"container\">\n\t\t\t\t<div class=\"elementor-element elementor-element-059591a cmsmasters-block-default cmsmasters-sticky-default elementor-widget elementor-widget-spacer\" data-id=\"059591a\" data-element_type=\"widget\" data-e-type=\"widget\" data-widget_type=\"spacer.default\">\n\t\t\t\t\t\t\t<div class=\"elementor-spacer\">\n\t\t\t<div class=\"elementor-spacer-inner\"><\/div>\n\t\t<\/div>\n\t\t\t\t\t\t<\/div>\n\t\t\t\t<div class=\"elementor-element elementor-element-c3ac97b elementor-hidden-mobile cmsmasters-block-default cmsmasters-sticky-default elementor-widget elementor-widget-spacer\" data-id=\"c3ac97b\" data-element_type=\"widget\" data-e-type=\"widget\" data-widget_type=\"spacer.default\">\n\t\t\t\t\t\t\t<div class=\"elementor-spacer\">\n\t\t\t<div class=\"elementor-spacer-inner\"><\/div>\n\t\t<\/div>\n\t\t\t\t\t\t<\/div>\n\t\t\t\t<div class=\"elementor-element elementor-element-024c364 cmsmasters-block-default cmsmasters-sticky-default elementor-widget elementor-widget-spacer\" data-id=\"024c364\" data-element_type=\"widget\" data-e-type=\"widget\" data-widget_type=\"spacer.default\">\n\t\t\t\t\t\t\t<div class=\"elementor-spacer\">\n\t\t\t<div class=\"elementor-spacer-inner\"><\/div>\n\t\t<\/div>\n\t\t\t\t\t\t<\/div>\n\t\t\t\t<div class=\"elementor-element elementor-element-9ea70b4 elementor-hidden-mobile cmsmasters-block-default cmsmasters-sticky-default elementor-widget elementor-widget-spacer\" data-id=\"9ea70b4\" data-element_type=\"widget\" data-e-type=\"widget\" data-widget_type=\"spacer.default\">\n\t\t\t\t\t\t\t<div class=\"elementor-spacer\">\n\t\t\t<div class=\"elementor-spacer-inner\"><\/div>\n\t\t<\/div>\n\t\t\t\t\t\t<\/div>\n\t\t<div class=\"elementor-element elementor-element-a0fb3c6 e-con-full e-flex cmsmasters-block-default e-con e-child\" data-id=\"a0fb3c6\" data-element_type=\"container\" data-e-type=\"container\">\n\t\t\t\t<div class=\"elementor-element elementor-element-6c60d5e cmsmasters-block-default cmsmasters-sticky-default elementor-widget elementor-widget-heading\" data-id=\"6c60d5e\" data-element_type=\"widget\" data-e-type=\"widget\" data-widget_type=\"heading.default\">\n\t\t\t\t\t<h2 class=\"elementor-heading-title elementor-size-default\">Ted Larsen<\/h2>\t\t\t\t<\/div>\n\t\t\t\t<div class=\"elementor-element elementor-element-1bb6f0e cmsmasters-block-default cmsmasters-sticky-default elementor-widget elementor-widget-text-editor\" data-id=\"1bb6f0e\" data-element_type=\"widget\" data-e-type=\"widget\" data-widget_type=\"text-editor.default\">\n\t\t\t\t\t\t\t\t\t<p class=\"p1\">lives and works in Santa Fe<\/p><p class=\"p1\">b. 1964, USA<\/p>\t\t\t\t\t\t\t\t<\/div>\n\t\t\t\t<\/div>\n\t\t\t\t<\/div>\n\t\t<div class=\"elementor-element elementor-element-2b4a7cf e-con-full e-flex cmsmasters-block-default e-con e-child\" data-id=\"2b4a7cf\" data-element_type=\"container\" data-e-type=\"container\">\n\t\t\t\t<div class=\"elementor-element elementor-element-42fafaa cmsmasters-block-default cmsmasters-sticky-default elementor-widget elementor-widget-spacer\" data-id=\"42fafaa\" data-element_type=\"widget\" data-e-type=\"widget\" data-widget_type=\"spacer.default\">\n\t\t\t\t\t\t\t<div class=\"elementor-spacer\">\n\t\t\t<div class=\"elementor-spacer-inner\"><\/div>\n\t\t<\/div>\n\t\t\t\t\t\t<\/div>\n\t\t\t\t<div class=\"elementor-element elementor-element-fdf6163 cmsmasters-block-default cmsmasters-sticky-default elementor-widget elementor-widget-image\" data-id=\"fdf6163\" data-element_type=\"widget\" data-e-type=\"widget\" data-widget_type=\"image.default\">\n\t\t\t\t\t\t\t\t\t\t\t\t\t\t\t<img fetchpriority=\"high\" decoding=\"async\" width=\"782\" height=\"1024\" src=\"https:\/\/galeriehugodufon.com\/wp-content\/uploads\/2026\/03\/IMG_3901-782x1024.jpg\" class=\"attachment-large size-large wp-image-42259\" alt=\"\" srcset=\"https:\/\/galeriehugodufon.com\/wp-content\/uploads\/2026\/03\/IMG_3901-782x1024.jpg 782w, https:\/\/galeriehugodufon.com\/wp-content\/uploads\/2026\/03\/IMG_3901-229x300.jpg 229w, https:\/\/galeriehugodufon.com\/wp-content\/uploads\/2026\/03\/IMG_3901-768x1006.jpg 768w, https:\/\/galeriehugodufon.com\/wp-content\/uploads\/2026\/03\/IMG_3901-1173x1536.jpg 1173w, https:\/\/galeriehugodufon.com\/wp-content\/uploads\/2026\/03\/IMG_3901-1564x2048.jpg 1564w, https:\/\/galeriehugodufon.com\/wp-content\/uploads\/2026\/03\/IMG_3901-9x12.jpg 9w, https:\/\/galeriehugodufon.com\/wp-content\/uploads\/2026\/03\/IMG_3901-600x786.jpg 600w, https:\/\/galeriehugodufon.com\/wp-content\/uploads\/2026\/03\/IMG_3901-scaled.jpg 1955w\" sizes=\"(max-width: 782px) 100vw, 782px\" \/>\t\t\t\t\t\t\t\t\t\t\t\t\t\t\t<\/div>\n\t\t\t\t<div class=\"elementor-element elementor-element-5b6034c cmsmasters-block-default cmsmasters-sticky-default elementor-widget elementor-widget-spacer\" data-id=\"5b6034c\" data-element_type=\"widget\" data-e-type=\"widget\" data-widget_type=\"spacer.default\">\n\t\t\t\t\t\t\t<div class=\"elementor-spacer\">\n\t\t\t<div class=\"elementor-spacer-inner\"><\/div>\n\t\t<\/div>\n\t\t\t\t\t\t<\/div>\n\t\t\t\t<\/div>\n\t\t\t\t\t<\/div>\n\t\t\t\t<\/div>\n\t\t<div class=\"elementor-element elementor-element-7c8da6c e-flex e-con-boxed cmsmasters-block-default e-con e-parent\" data-id=\"7c8da6c\" data-element_type=\"container\" data-e-type=\"container\" data-settings=\"{&quot;background_background&quot;:&quot;classic&quot;}\">\n\t\t\t\t\t<div class=\"e-con-inner\">\n\t\t<div class=\"elementor-element elementor-element-80b6d12 e-con-full e-flex cmsmasters-block-default e-con e-child\" data-id=\"80b6d12\" data-element_type=\"container\" data-e-type=\"container\">\n\t\t\t\t<div class=\"elementor-element elementor-element-d5b16c5 elementor-hidden-mobile cmsmasters-block-default cmsmasters-sticky-default elementor-widget elementor-widget-spacer\" data-id=\"d5b16c5\" data-element_type=\"widget\" data-e-type=\"widget\" data-widget_type=\"spacer.default\">\n\t\t\t\t\t\t\t<div class=\"elementor-spacer\">\n\t\t\t<div class=\"elementor-spacer-inner\"><\/div>\n\t\t<\/div>\n\t\t\t\t\t\t<\/div>\n\t\t\t\t<div class=\"elementor-element elementor-element-3a8efbc elementor-hidden-widescreen elementor-hidden-desktop elementor-hidden-tablet cmsmasters-block-default cmsmasters-sticky-default elementor-widget elementor-widget-spacer\" data-id=\"3a8efbc\" data-element_type=\"widget\" data-e-type=\"widget\" data-widget_type=\"spacer.default\">\n\t\t\t\t\t\t\t<div class=\"elementor-spacer\">\n\t\t\t<div class=\"elementor-spacer-inner\"><\/div>\n\t\t<\/div>\n\t\t\t\t\t\t<\/div>\n\t\t\t\t<div class=\"elementor-element elementor-element-d5fbfd2 cmsmasters-block-default cmsmasters-sticky-default elementor-widget elementor-widget-heading\" data-id=\"d5fbfd2\" data-element_type=\"widget\" data-e-type=\"widget\" data-widget_type=\"heading.default\">\n\t\t\t\t\t<h2 class=\"elementor-heading-title elementor-size-default\">biography<\/h2>\t\t\t\t<\/div>\n\t\t\t\t<div class=\"elementor-element elementor-element-96c0340 cmsmasters-block-default cmsmasters-sticky-default elementor-widget elementor-widget-spacer\" data-id=\"96c0340\" data-element_type=\"widget\" data-e-type=\"widget\" data-widget_type=\"spacer.default\">\n\t\t\t\t\t\t\t<div class=\"elementor-spacer\">\n\t\t\t<div class=\"elementor-spacer-inner\"><\/div>\n\t\t<\/div>\n\t\t\t\t\t\t<\/div>\n\t\t\t\t<\/div>\n\t\t<div class=\"elementor-element elementor-element-d5bd4c2 e-con-full e-flex cmsmasters-block-default e-con e-child\" data-id=\"d5bd4c2\" data-element_type=\"container\" data-e-type=\"container\">\n\t\t\t\t<div class=\"elementor-element elementor-element-6020cd4 elementor-hidden-mobile cmsmasters-block-default cmsmasters-sticky-default elementor-widget elementor-widget-spacer\" data-id=\"6020cd4\" data-element_type=\"widget\" data-e-type=\"widget\" data-widget_type=\"spacer.default\">\n\t\t\t\t\t\t\t<div class=\"elementor-spacer\">\n\t\t\t<div class=\"elementor-spacer-inner\"><\/div>\n\t\t<\/div>\n\t\t\t\t\t\t<\/div>\n\t\t\t\t<div class=\"elementor-element elementor-element-6645adc cmsmasters-block-default cmsmasters-sticky-default elementor-widget elementor-widget-text-editor\" data-id=\"6645adc\" data-element_type=\"widget\" data-e-type=\"widget\" data-widget_type=\"text-editor.default\">\n\t\t\t\t\t\t\t\t\t<p>Ted Larsen d\u00e9veloppe une \u0153uvre \u00e0 la crois\u00e9e de la peinture et de la sculpture, o\u00f9 se rencontrent rigueur formelle et d\u00e9tournement des codes modernistes. \u00c0 travers ses Shaped Paintings, objets muraux hybrides, il interroge les fondements m\u00eames de la pratique minimaliste ainsi que l\u2019id\u00e9e d\u2019une puret\u00e9 du langage abstrait, qu\u2019il vient volontairement perturber.<\/p><p>Form\u00e9 initialement comme peintre de paysage, profond\u00e9ment marqu\u00e9 par les territoires d\u00e9sertiques du Nouveau-Mexique o\u00f9 il a grandi, Larsen op\u00e8re un tournant d\u00e9cisif au d\u00e9but des ann\u00e9es 2000. \u00c0 la suite des \u00e9v\u00e9nements du 11 septembre 2001, il abandonne la peinture traditionnelle pour explorer de nouvelles formes \u00e0 partir de mat\u00e9riaux de r\u00e9cup\u00e9ration. Il utilise notamment des fragments de carrosseries automobiles pr\u00e9alablement peints, des \u00ab non-art materials \u00bb, dont il conserve les alt\u00e9rations, les nuances et les traces du temps. Assembl\u00e9s sur des structures en bois, ces \u00e9l\u00e9ments donnent naissance \u00e0 des compositions g\u00e9om\u00e9triques aux qualit\u00e9s \u00e0 la fois picturales et sculpturales.<\/p>\t\t\t\t\t\t\t\t<\/div>\n\t\t\t\t<div class=\"elementor-element elementor-element-4b260b8 cmsmasters-block-default cmsmasters-sticky-default elementor-widget elementor-widget-n-accordion\" data-id=\"4b260b8\" data-element_type=\"widget\" data-e-type=\"widget\" data-settings=\"{&quot;default_state&quot;:&quot;all_collapsed&quot;,&quot;max_items_expended&quot;:&quot;one&quot;,&quot;n_accordion_animation_duration&quot;:{&quot;unit&quot;:&quot;ms&quot;,&quot;size&quot;:400,&quot;sizes&quot;:[]}}\" data-widget_type=\"nested-accordion.default\">\n\t\t\t\t\t\t\t<div class=\"e-n-accordion\" aria-label=\"Accordion. Open links with Enter or Space, close with Escape, and navigate with Arrow Keys\">\n\t\t\t\t\t\t<details id=\"e-n-accordion-item-7870\" class=\"e-n-accordion-item\" >\n\t\t\t\t<summary class=\"e-n-accordion-item-title\" data-accordion-index=\"1\" tabindex=\"0\" aria-expanded=\"false\" aria-controls=\"e-n-accordion-item-7870\" >\n\t\t\t\t\t<span class='e-n-accordion-item-title-header'><div class=\"e-n-accordion-item-title-text\"> &gt; read full biography <\/div><\/span>\n\t\t\t\t\t\t\t\t\t<\/summary>\n\t\t\t\t<div role=\"region\" aria-labelledby=\"e-n-accordion-item-7870\" class=\"elementor-element elementor-element-2c4840a e-con-full e-flex cmsmasters-block-default e-con e-child\" data-id=\"2c4840a\" data-element_type=\"container\" data-e-type=\"container\">\n\t\t\t\t<div class=\"elementor-element elementor-element-74075d2 cmsmasters-block-default cmsmasters-sticky-default elementor-widget elementor-widget-spacer\" data-id=\"74075d2\" data-element_type=\"widget\" data-e-type=\"widget\" data-widget_type=\"spacer.default\">\n\t\t\t\t\t\t\t<div class=\"elementor-spacer\">\n\t\t\t<div class=\"elementor-spacer-inner\"><\/div>\n\t\t<\/div>\n\t\t\t\t\t\t<\/div>\n\t\t\t\t<div class=\"elementor-element elementor-element-a311eeb cmsmasters-block-default cmsmasters-sticky-default elementor-widget elementor-widget-text-editor\" data-id=\"a311eeb\" data-element_type=\"widget\" data-e-type=\"widget\" data-widget_type=\"text-editor.default\">\n\t\t\t\t\t\t\t\t\t<p>Son travail s\u2019inscrit dans une r\u00e9flexion sur le statut de l\u2019\u0153uvre et ses conditions de perception. En introduisant des mat\u00e9riaux issus du quotidien dans un vocabulaire formel h\u00e9rit\u00e9 du minimalisme, il op\u00e8re un d\u00e9placement critique : les surfaces lisses et les formes pures sont ramen\u00e9es \u00e0 une mat\u00e9rialit\u00e9 concr\u00e8te, charg\u00e9e d\u2019histoire. Cette approche du bricolage, entendue comme reconfiguration et r\u00e9emploi, permet de recontextualiser les objets et d\u2019en d\u00e9placer les significations, dans une logique proche du ready-made, mais renouvel\u00e9e.<\/p><p>Les \u0153uvres de Ted Larsen conservent une \u00e9l\u00e9gance formelle et une \u00e9conomie de moyens propres \u00e0 l\u2019abstraction g\u00e9om\u00e9trique, tout en introduisant une distance critique vis-\u00e0-vis de ses ambitions historiques. Il revendique une forme d\u2019anti-triomphalisme : ses pi\u00e8ces, souvent de petit format, invitent \u00e0 une exp\u00e9rience intime, obligeant le regardeur \u00e0 s\u2019approcher pour en saisir la spatialit\u00e9 et les subtilit\u00e9s de surface. Les titres, fr\u00e9quemment construits sur des oppositions ou des oxymores, prolongent cette tension en ouvrant des pistes d\u2019interpr\u00e9tation sans jamais les fixer.<\/p><p>Influenc\u00e9 par les avant-gardes du XXe si\u00e8cle, du supr\u00e9matisme au mouvement De Stijl jusqu\u2019au minimalisme am\u00e9ricain, Ted Larsen en reprend les principes fondamentaux pour mieux les d\u00e9placer. Son travail ne cherche pas \u00e0 affirmer une v\u00e9rit\u00e9 formelle, mais \u00e0 en \u00e9prouver les limites, dans un jeu constant entre ordre et accident, puret\u00e9 et alt\u00e9ration, peinture et objet.<\/p><p>N\u00e9 en 1964 \u00e0 South Haven, dans le Michigan, Ted Larsen vit et travaille aux \u00c9tats-Unis. Son \u0153uvre est aujourd\u2019hui pr\u00e9sent\u00e9e \u00e0 l\u2019international et s\u2019inscrit dans une recherche continue autour des notions de mat\u00e9riau, de contexte et de perception.<\/p><p data-start=\"110\" data-end=\"439\">Dipl\u00f4m\u00e9 de la Northern Arizona University, Ted Larsen a b\u00e9n\u00e9fici\u00e9 de plusieurs distinctions majeures, dont des bourses de la Pollock-Krasner Foundation et de la Surdna Foundation. Il a \u00e9galement \u00e9t\u00e9 en r\u00e9sidence \u00e0 la Edward F. Albee Foundation et au Asilah Arts Festival au Maroc, o\u00f9 il a repr\u00e9sent\u00e9 les \u00c9tats-Unis.<\/p><p data-start=\"441\" data-end=\"896\">Son travail a \u00e9t\u00e9 largement expos\u00e9 dans des mus\u00e9es et institutions \u00e0 travers les \u00c9tats-Unis, notamment au New Mexico Museum of Art (Santa Fe), au Albuquerque Museum, au Amarillo Museum of Art et au Philadelphia Museum of Art, ainsi que dans de nombreuses galeries. Ses \u0153uvres figurent aujourd\u2019hui dans des collections publiques et priv\u00e9es importantes, incluant celles du New Mexico Museum of Art, de JP Morgan Chase, de PepsiCo, de la University of Texas ou encore de la Lannan Foundation.<\/p><p data-start=\"898\" data-end=\"1314\" class=\"translation-block\">Ted Larsen a \u00e9galement fait l\u2019objet de nombreuses publications dans des revues sp\u00e9cialis\u00e9es telles que Art in America, ArtNews, Sculpture Magazine ou Architectural Digest, et a \u00e9t\u00e9 cit\u00e9 dans des m\u00e9dias majeurs comme le New York Times. Son travail a \u00e9t\u00e9 pr\u00e9sent\u00e9 dans plusieurs ouvrages consacr\u00e9s \u00e0 l\u2019art contemporain, et une interview lui a \u00e9t\u00e9 d\u00e9di\u00e9e par le service public de radiodiffusion PBS.<\/p>\t\t\t\t\t\t\t\t<\/div>\n\t\t\t\t<\/div>\n\t\t\t\t\t<\/details>\n\t\t\t\t\t<\/div>\n\t\t\t\t\t\t<\/div>\n\t\t\t\t<\/div>\n\t\t\t\t\t<\/div>\n\t\t\t\t<\/div>\n\t\t<div class=\"elementor-element elementor-element-eb71818 e-flex e-con-boxed cmsmasters-block-default e-con e-parent\" data-id=\"eb71818\" data-element_type=\"container\" data-e-type=\"container\" data-settings=\"{&quot;background_background&quot;:&quot;classic&quot;}\">\n\t\t\t\t\t<div class=\"e-con-inner\">\n\t\t\t\t<div class=\"elementor-element elementor-element-f82ad2c cmsmasters-block-default cmsmasters-sticky-default elementor-widget elementor-widget-spacer\" data-id=\"f82ad2c\" data-element_type=\"widget\" data-e-type=\"widget\" data-widget_type=\"spacer.default\">\n\t\t\t\t\t\t\t<div class=\"elementor-spacer\">\n\t\t\t<div class=\"elementor-spacer-inner\"><\/div>\n\t\t<\/div>\n\t\t\t\t\t\t<\/div>\n\t\t\t\t\t<\/div>\n\t\t\t\t<\/div>\n\t\t<div class=\"elementor-element elementor-element-9c03990 e-flex e-con-boxed cmsmasters-block-default e-con e-parent\" data-id=\"9c03990\" data-element_type=\"container\" data-e-type=\"container\" data-settings=\"{&quot;background_background&quot;:&quot;classic&quot;}\">\n\t\t\t\t\t<div class=\"e-con-inner\">\n\t\t<div class=\"elementor-element elementor-element-6e89639 e-con-full e-flex cmsmasters-block-default e-con e-child\" data-id=\"6e89639\" data-element_type=\"container\" data-e-type=\"container\">\n\t\t\t\t<div class=\"elementor-element elementor-element-79c1e94 cmsmasters-block-default cmsmasters-sticky-default elementor-widget elementor-widget-spacer\" data-id=\"79c1e94\" data-element_type=\"widget\" data-e-type=\"widget\" data-widget_type=\"spacer.default\">\n\t\t\t\t\t\t\t<div class=\"elementor-spacer\">\n\t\t\t<div class=\"elementor-spacer-inner\"><\/div>\n\t\t<\/div>\n\t\t\t\t\t\t<\/div>\n\t\t\t\t<div class=\"elementor-element elementor-element-65394bb cmsmasters-block-default cmsmasters-sticky-default elementor-widget elementor-widget-heading\" data-id=\"65394bb\" data-element_type=\"widget\" data-e-type=\"widget\" data-widget_type=\"heading.default\">\n\t\t\t\t\t<h2 class=\"elementor-heading-title elementor-size-default\">selected artworks<\/h2>\t\t\t\t<\/div>\n\t\t\t\t<\/div>\n\t\t<div class=\"elementor-element elementor-element-0637ba7 e-con-full e-flex cmsmasters-block-default e-con e-child\" data-id=\"0637ba7\" data-element_type=\"container\" data-e-type=\"container\">\n\t\t\t\t<div class=\"elementor-element elementor-element-76f2f26 cmsmasters-block-default cmsmasters-sticky-default elementor-widget elementor-widget-spacer\" data-id=\"76f2f26\" data-element_type=\"widget\" data-e-type=\"widget\" data-widget_type=\"spacer.default\">\n\t\t\t\t\t\t\t<div class=\"elementor-spacer\">\n\t\t\t<div class=\"elementor-spacer-inner\"><\/div>\n\t\t<\/div>\n\t\t\t\t\t\t<\/div>\n\t\t\t\t<div class=\"elementor-element elementor-element-61a4266 cmsmasters-block-default cmsmasters-sticky-default elementor-widget elementor-widget-shortcode\" data-id=\"61a4266\" data-element_type=\"widget\" data-e-type=\"widget\" data-widget_type=\"shortcode.default\">\n\t\t\t\t\t\t\t<div class=\"elementor-shortcode\"><p>Aucun profil d\u00e9tect\u00e9.<\/p><\/div>\n\t\t\t\t\t\t<\/div>\n\t\t\t\t<div class=\"elementor-element elementor-element-15afa03 cmsmasters-block-default cmsmasters-sticky-default elementor-widget elementor-widget-spacer\" data-id=\"15afa03\" data-element_type=\"widget\" data-e-type=\"widget\" data-widget_type=\"spacer.default\">\n\t\t\t\t\t\t\t<div class=\"elementor-spacer\">\n\t\t\t<div class=\"elementor-spacer-inner\"><\/div>\n\t\t<\/div>\n\t\t\t\t\t\t<\/div>\n\t\t\t\t<\/div>\n\t\t\t\t\t<\/div>\n\t\t\t\t<\/div>\n\t\t\t\t<\/div>","protected":false},"excerpt":{"rendered":"<p>Ted Larsen lives and works in Santa Fe b. 1964, USA biography Ted Larsen develops a body of work at the intersection of painting and sculpture, where formal rigor meets a deliberate subversion of modernist codes. Through his \u201cShaped Paintings,\u201d hybrid wall-based objects, he questions the very foundations of minimalist practice and the notion of&#8230;<\/p>","protected":false},"author":1,"featured_media":0,"parent":0,"menu_order":0,"comment_status":"closed","ping_status":"closed","template":"","meta":{"_acf_changed":false,"ngg_post_thumbnail":0,"footnotes":""},"class_list":["post-41210","page","type-page","status-publish","hentry"],"acf":[],"_links":{"self":[{"href":"https:\/\/galeriehugodufon.com\/fr\/wp-json\/wp\/v2\/pages\/41210","targetHints":{"allow":["GET"]}}],"collection":[{"href":"https:\/\/galeriehugodufon.com\/fr\/wp-json\/wp\/v2\/pages"}],"about":[{"href":"https:\/\/galeriehugodufon.com\/fr\/wp-json\/wp\/v2\/types\/page"}],"author":[{"embeddable":true,"href":"https:\/\/galeriehugodufon.com\/fr\/wp-json\/wp\/v2\/users\/1"}],"replies":[{"embeddable":true,"href":"https:\/\/galeriehugodufon.com\/fr\/wp-json\/wp\/v2\/comments?post=41210"}],"version-history":[{"count":85,"href":"https:\/\/galeriehugodufon.com\/fr\/wp-json\/wp\/v2\/pages\/41210\/revisions"}],"predecessor-version":[{"id":42840,"href":"https:\/\/galeriehugodufon.com\/fr\/wp-json\/wp\/v2\/pages\/41210\/revisions\/42840"}],"wp:attachment":[{"href":"https:\/\/galeriehugodufon.com\/fr\/wp-json\/wp\/v2\/media?parent=41210"}],"curies":[{"name":"wp","href":"https:\/\/api.w.org\/{rel}","templated":true}]}}