{"id":41198,"date":"2026-03-17T20:21:36","date_gmt":"2026-03-17T20:21:36","guid":{"rendered":"https:\/\/galeriehugodufon.com\/?page_id=41198"},"modified":"2026-04-07T21:33:24","modified_gmt":"2026-04-07T21:33:24","slug":"monique-frydman","status":"publish","type":"page","link":"https:\/\/galeriehugodufon.com\/fr\/monique-frydman\/","title":{"rendered":"Monique Frydman"},"content":{"rendered":"<div data-elementor-type=\"wp-page\" data-elementor-id=\"41198\" class=\"elementor elementor-41198\">\n\t\t\t\t<div class=\"elementor-element elementor-element-3df916b e-flex e-con-boxed cmsmasters-block-default e-con e-parent\" data-id=\"3df916b\" data-element_type=\"container\" data-e-type=\"container\">\n\t\t\t\t\t<div class=\"e-con-inner\">\n\t\t<div class=\"elementor-element elementor-element-8e7c93a e-con-full e-flex cmsmasters-block-default e-con e-child\" data-id=\"8e7c93a\" data-element_type=\"container\" data-e-type=\"container\">\n\t\t\t\t<div class=\"elementor-element elementor-element-45a265e cmsmasters-block-default cmsmasters-sticky-default elementor-widget elementor-widget-spacer\" data-id=\"45a265e\" data-element_type=\"widget\" data-e-type=\"widget\" data-widget_type=\"spacer.default\">\n\t\t\t\t\t\t\t<div class=\"elementor-spacer\">\n\t\t\t<div class=\"elementor-spacer-inner\"><\/div>\n\t\t<\/div>\n\t\t\t\t\t\t<\/div>\n\t\t\t\t<div class=\"elementor-element elementor-element-390cdb0 elementor-hidden-mobile cmsmasters-block-default cmsmasters-sticky-default elementor-widget elementor-widget-spacer\" data-id=\"390cdb0\" data-element_type=\"widget\" data-e-type=\"widget\" data-widget_type=\"spacer.default\">\n\t\t\t\t\t\t\t<div class=\"elementor-spacer\">\n\t\t\t<div class=\"elementor-spacer-inner\"><\/div>\n\t\t<\/div>\n\t\t\t\t\t\t<\/div>\n\t\t\t\t<div class=\"elementor-element elementor-element-2f60b86 elementor-hidden-mobile cmsmasters-block-default cmsmasters-sticky-default elementor-widget elementor-widget-spacer\" data-id=\"2f60b86\" data-element_type=\"widget\" data-e-type=\"widget\" data-widget_type=\"spacer.default\">\n\t\t\t\t\t\t\t<div class=\"elementor-spacer\">\n\t\t\t<div class=\"elementor-spacer-inner\"><\/div>\n\t\t<\/div>\n\t\t\t\t\t\t<\/div>\n\t\t<div class=\"elementor-element elementor-element-624be15 e-con-full e-flex cmsmasters-block-default e-con e-child\" data-id=\"624be15\" data-element_type=\"container\" data-e-type=\"container\">\n\t\t\t\t<div class=\"elementor-element elementor-element-41359ca elementor-hidden-widescreen elementor-hidden-desktop elementor-hidden-tablet cmsmasters-block-default cmsmasters-sticky-default elementor-widget elementor-widget-spacer\" data-id=\"41359ca\" data-element_type=\"widget\" data-e-type=\"widget\" data-widget_type=\"spacer.default\">\n\t\t\t\t\t\t\t<div class=\"elementor-spacer\">\n\t\t\t<div class=\"elementor-spacer-inner\"><\/div>\n\t\t<\/div>\n\t\t\t\t\t\t<\/div>\n\t\t\t\t<div class=\"elementor-element elementor-element-6d165ac cmsmasters-block-default cmsmasters-sticky-default elementor-widget elementor-widget-heading\" data-id=\"6d165ac\" data-element_type=\"widget\" data-e-type=\"widget\" data-widget_type=\"heading.default\">\n\t\t\t\t\t<h2 class=\"elementor-heading-title elementor-size-default\">Monique Frydman<\/h2>\t\t\t\t<\/div>\n\t\t\t\t<div class=\"elementor-element elementor-element-5b232bc cmsmasters-block-default cmsmasters-sticky-default elementor-widget elementor-widget-text-editor\" data-id=\"5b232bc\" data-element_type=\"widget\" data-e-type=\"widget\" data-widget_type=\"text-editor.default\">\n\t\t\t\t\t\t\t\t\t<p class=\"p1\">lives and works in Dancourt<\/p><p class=\"p1\">b. 1943, France<\/p>\t\t\t\t\t\t\t\t<\/div>\n\t\t\t\t<\/div>\n\t\t\t\t<\/div>\n\t\t<div class=\"elementor-element elementor-element-b220c58 e-con-full e-flex cmsmasters-block-default e-con e-child\" data-id=\"b220c58\" data-element_type=\"container\" data-e-type=\"container\">\n\t\t\t\t<div class=\"elementor-element elementor-element-7f5bdf6 cmsmasters-block-default cmsmasters-sticky-default elementor-widget elementor-widget-spacer\" data-id=\"7f5bdf6\" data-element_type=\"widget\" data-e-type=\"widget\" data-widget_type=\"spacer.default\">\n\t\t\t\t\t\t\t<div class=\"elementor-spacer\">\n\t\t\t<div class=\"elementor-spacer-inner\"><\/div>\n\t\t<\/div>\n\t\t\t\t\t\t<\/div>\n\t\t\t\t<div class=\"elementor-element elementor-element-26d8c54 cmsmasters-block-default cmsmasters-sticky-default elementor-widget elementor-widget-image\" data-id=\"26d8c54\" data-element_type=\"widget\" data-e-type=\"widget\" data-widget_type=\"image.default\">\n\t\t\t\t\t\t\t\t\t\t\t\t\t\t\t<img fetchpriority=\"high\" decoding=\"async\" width=\"1020\" height=\"1024\" src=\"https:\/\/galeriehugodufon.com\/wp-content\/uploads\/2026\/03\/Atelier\u00a9RaphaelFrydman-1020x1024.jpeg\" class=\"attachment-large size-large wp-image-42255\" alt=\"\" srcset=\"https:\/\/galeriehugodufon.com\/wp-content\/uploads\/2026\/03\/Atelier\u00a9RaphaelFrydman-1020x1024.jpeg 1020w, https:\/\/galeriehugodufon.com\/wp-content\/uploads\/2026\/03\/Atelier\u00a9RaphaelFrydman-300x300.jpeg 300w, https:\/\/galeriehugodufon.com\/wp-content\/uploads\/2026\/03\/Atelier\u00a9RaphaelFrydman-150x150.jpeg 150w, https:\/\/galeriehugodufon.com\/wp-content\/uploads\/2026\/03\/Atelier\u00a9RaphaelFrydman-768x771.jpeg 768w, https:\/\/galeriehugodufon.com\/wp-content\/uploads\/2026\/03\/Atelier\u00a9RaphaelFrydman-1530x1536.jpeg 1530w, https:\/\/galeriehugodufon.com\/wp-content\/uploads\/2026\/03\/Atelier\u00a9RaphaelFrydman-2039x2048.jpeg 2039w, https:\/\/galeriehugodufon.com\/wp-content\/uploads\/2026\/03\/Atelier\u00a9RaphaelFrydman-12x12.jpeg 12w, https:\/\/galeriehugodufon.com\/wp-content\/uploads\/2026\/03\/Atelier\u00a9RaphaelFrydman-260x260.jpeg 260w, https:\/\/galeriehugodufon.com\/wp-content\/uploads\/2026\/03\/Atelier\u00a9RaphaelFrydman-299x300.jpeg 299w, https:\/\/galeriehugodufon.com\/wp-content\/uploads\/2026\/03\/Atelier\u00a9RaphaelFrydman-600x603.jpeg 600w, https:\/\/galeriehugodufon.com\/wp-content\/uploads\/2026\/03\/Atelier\u00a9RaphaelFrydman-100x100.jpeg 100w\" sizes=\"(max-width: 1020px) 100vw, 1020px\" \/>\t\t\t\t\t\t\t\t\t\t\t\t\t\t\t<\/div>\n\t\t\t\t<div class=\"elementor-element elementor-element-b4dade0 cmsmasters-block-default cmsmasters-sticky-default elementor-widget elementor-widget-spacer\" data-id=\"b4dade0\" data-element_type=\"widget\" data-e-type=\"widget\" data-widget_type=\"spacer.default\">\n\t\t\t\t\t\t\t<div class=\"elementor-spacer\">\n\t\t\t<div class=\"elementor-spacer-inner\"><\/div>\n\t\t<\/div>\n\t\t\t\t\t\t<\/div>\n\t\t\t\t<\/div>\n\t\t\t\t\t<\/div>\n\t\t\t\t<\/div>\n\t\t<div class=\"elementor-element elementor-element-44ff0ff e-flex e-con-boxed cmsmasters-block-default e-con e-parent\" data-id=\"44ff0ff\" data-element_type=\"container\" data-e-type=\"container\" data-settings=\"{&quot;background_background&quot;:&quot;classic&quot;}\">\n\t\t\t\t\t<div class=\"e-con-inner\">\n\t\t<div class=\"elementor-element elementor-element-0047335 e-con-full e-flex cmsmasters-block-default e-con e-child\" data-id=\"0047335\" data-element_type=\"container\" data-e-type=\"container\">\n\t\t\t\t<div class=\"elementor-element elementor-element-d18347d elementor-hidden-mobile cmsmasters-block-default cmsmasters-sticky-default elementor-widget elementor-widget-spacer\" data-id=\"d18347d\" data-element_type=\"widget\" data-e-type=\"widget\" data-widget_type=\"spacer.default\">\n\t\t\t\t\t\t\t<div class=\"elementor-spacer\">\n\t\t\t<div class=\"elementor-spacer-inner\"><\/div>\n\t\t<\/div>\n\t\t\t\t\t\t<\/div>\n\t\t\t\t<div class=\"elementor-element elementor-element-6090b51 elementor-hidden-widescreen elementor-hidden-desktop elementor-hidden-tablet cmsmasters-block-default cmsmasters-sticky-default elementor-widget elementor-widget-spacer\" data-id=\"6090b51\" data-element_type=\"widget\" data-e-type=\"widget\" data-widget_type=\"spacer.default\">\n\t\t\t\t\t\t\t<div class=\"elementor-spacer\">\n\t\t\t<div class=\"elementor-spacer-inner\"><\/div>\n\t\t<\/div>\n\t\t\t\t\t\t<\/div>\n\t\t\t\t<div class=\"elementor-element elementor-element-889efa0 cmsmasters-block-default cmsmasters-sticky-default elementor-widget elementor-widget-heading\" data-id=\"889efa0\" data-element_type=\"widget\" data-e-type=\"widget\" data-widget_type=\"heading.default\">\n\t\t\t\t\t<h2 class=\"elementor-heading-title elementor-size-default\">biography<\/h2>\t\t\t\t<\/div>\n\t\t\t\t<div class=\"elementor-element elementor-element-619c396 cmsmasters-block-default cmsmasters-sticky-default elementor-widget elementor-widget-spacer\" data-id=\"619c396\" data-element_type=\"widget\" data-e-type=\"widget\" data-widget_type=\"spacer.default\">\n\t\t\t\t\t\t\t<div class=\"elementor-spacer\">\n\t\t\t<div class=\"elementor-spacer-inner\"><\/div>\n\t\t<\/div>\n\t\t\t\t\t\t<\/div>\n\t\t\t\t<\/div>\n\t\t<div class=\"elementor-element elementor-element-680186d e-con-full e-flex cmsmasters-block-default e-con e-child\" data-id=\"680186d\" data-element_type=\"container\" data-e-type=\"container\">\n\t\t\t\t<div class=\"elementor-element elementor-element-4b8c465 elementor-hidden-mobile cmsmasters-block-default cmsmasters-sticky-default elementor-widget elementor-widget-spacer\" data-id=\"4b8c465\" data-element_type=\"widget\" data-e-type=\"widget\" data-widget_type=\"spacer.default\">\n\t\t\t\t\t\t\t<div class=\"elementor-spacer\">\n\t\t\t<div class=\"elementor-spacer-inner\"><\/div>\n\t\t<\/div>\n\t\t\t\t\t\t<\/div>\n\t\t\t\t<div class=\"elementor-element elementor-element-35f7021 cmsmasters-block-default cmsmasters-sticky-default elementor-widget elementor-widget-text-editor\" data-id=\"35f7021\" data-element_type=\"widget\" data-e-type=\"widget\" data-widget_type=\"text-editor.default\">\n\t\t\t\t\t\t\t\t\t<p>Figure majeure de l\u2019abstraction contemporaine fran\u00e7aise, Monique Frydman d\u00e9veloppe depuis plusieurs d\u00e9cennies une \u0153uvre profond\u00e9ment ancr\u00e9e dans une r\u00e9flexion sur le temps, la couleur et le geste. Sa peinture s\u2019\u00e9labore dans un espace o\u00f9 se confondent le temps de peindre et celui de la peinture elle-m\u00eame, dans un processus lent et intuitif, o\u00f9 chaque \u0153uvre semble appara\u00eetre \u00e0 son seuil, entre \u00e9mergence et effacement.<\/p>\t\t\t\t\t\t\t\t<\/div>\n\t\t\t\t<div class=\"elementor-element elementor-element-c8c6694 cmsmasters-block-default cmsmasters-sticky-default elementor-widget elementor-widget-n-accordion\" data-id=\"c8c6694\" data-element_type=\"widget\" data-e-type=\"widget\" data-settings=\"{&quot;default_state&quot;:&quot;all_collapsed&quot;,&quot;max_items_expended&quot;:&quot;one&quot;,&quot;n_accordion_animation_duration&quot;:{&quot;unit&quot;:&quot;ms&quot;,&quot;size&quot;:400,&quot;sizes&quot;:[]}}\" data-widget_type=\"nested-accordion.default\">\n\t\t\t\t\t\t\t<div class=\"e-n-accordion\" aria-label=\"Accordion. Open links with Enter or Space, close with Escape, and navigate with Arrow Keys\">\n\t\t\t\t\t\t<details id=\"e-n-accordion-item-2100\" class=\"e-n-accordion-item\" >\n\t\t\t\t<summary class=\"e-n-accordion-item-title\" data-accordion-index=\"1\" tabindex=\"0\" aria-expanded=\"false\" aria-controls=\"e-n-accordion-item-2100\" >\n\t\t\t\t\t<span class='e-n-accordion-item-title-header'><div class=\"e-n-accordion-item-title-text\"> &gt; read full biography <\/div><\/span>\n\t\t\t\t\t\t\t\t\t<\/summary>\n\t\t\t\t<div role=\"region\" aria-labelledby=\"e-n-accordion-item-2100\" class=\"elementor-element elementor-element-00c846e e-con-full e-flex cmsmasters-block-default e-con e-child\" data-id=\"00c846e\" data-element_type=\"container\" data-e-type=\"container\">\n\t\t\t\t<div class=\"elementor-element elementor-element-a198513 cmsmasters-block-default cmsmasters-sticky-default elementor-widget elementor-widget-spacer\" data-id=\"a198513\" data-element_type=\"widget\" data-e-type=\"widget\" data-widget_type=\"spacer.default\">\n\t\t\t\t\t\t\t<div class=\"elementor-spacer\">\n\t\t\t<div class=\"elementor-spacer-inner\"><\/div>\n\t\t<\/div>\n\t\t\t\t\t\t<\/div>\n\t\t\t\t<div class=\"elementor-element elementor-element-2bcfaf6 cmsmasters-block-default cmsmasters-sticky-default elementor-widget elementor-widget-text-editor\" data-id=\"2bcfaf6\" data-element_type=\"widget\" data-e-type=\"widget\" data-widget_type=\"text-editor.default\">\n\t\t\t\t\t\t\t\t\t<p>Son travail se construit \u00e0 partir d\u2019une exp\u00e9rience sensible du monde, variations de lumi\u00e8re, vibrations du paysage, perceptions fugitives, qu\u2019elle transpose dans un langage abstrait. La toile devient alors le lieu d\u2019une m\u00e9tamorphose : non pas la repr\u00e9sentation d\u2019un motif, mais la r\u00e9v\u00e9lation d\u2019une sensation, d\u2019un \u00e9tat. La couleur y joue un r\u00f4le central, travaill\u00e9e comme une mati\u00e8re vivante, oscillant entre transparence et densit\u00e9, d\u00e9pos\u00e9e directement \u00e0 la main dans un rapport physique et imm\u00e9diat \u00e0 la surface. Pigments et grands blocs de pastel permettent une impr\u00e9gnation subtile de la couleur sur des supports vari\u00e9s: toiles de lin ou de coton, papiers, papiers japonais, tarlatanes. Des proc\u00e9d\u00e9s singuliers, tels que le frottage, introduisent une part d\u2019al\u00e9atoire et laissent affleurer formes, lignes et traces en suspens. Organis\u00e9e en s\u00e9ries, l\u2019\u0153uvre se d\u00e9ploie, sourde ou vibrante, dans une recherche constante d\u2019\u00e9quilibre et de tension.<\/p><p>Le corps occupe \u00e9galement une place essentielle dans son travail. Pr\u00e9sent dans ses premi\u00e8res peintures figuratives et engag\u00e9es des ann\u00e9es 1960, il dispara\u00eet progressivement de la repr\u00e9sentation pour persister comme une \u00e9nergie, une pr\u00e9sence diffuse, inscrite dans le geste et dans la mati\u00e8re.<\/p><p>N\u00e9e en 1943 \u00e0 Nages, dans le Tarn, Monique Frydman vit et travaille \u00e0 Dancourt, pr\u00e8s de Paris. Son \u0153uvre a fait l\u2019objet de nombreuses expositions institutionnelles, en France et \u00e0 l\u2019\u00e9tranger, notamment au Mus\u00e9e du Louvre \u00e0 Paris, au 21st Century Museum of Contemporary Art de Kanazawa, \u00e0 la Parasol Unit Foundation \u00e0 Londres, au mus\u00e9e Matisse, ou encore \u00e0 La Verri\u00e8re - Fondation d\u2019entreprise Herm\u00e8s \u00e0 Bruxelles. Elle est aujourd\u2019hui pr\u00e9sente dans de nombreuses collections publiques majeures, dont celles du Centre Pompidou, du Tel Aviv Museum of Art, du mus\u00e9e de Kanazawa, ainsi que de plusieurs FRAC.<\/p><p>Parall\u00e8lement \u00e0 sa pratique picturale, elle a r\u00e9alis\u00e9 d\u2019importants projets in situ et commandes publiques, prolongeant sa recherche dans l\u2019espace architectural. Son travail se d\u00e9ploie ainsi comme une exp\u00e9rience immersive, o\u00f9 la peinture devient un lieu de passage, un seuil toujours en mouvement, travers\u00e9 par la lumi\u00e8re, le temps et la sensation.<\/p>\t\t\t\t\t\t\t\t<\/div>\n\t\t\t\t<\/div>\n\t\t\t\t\t<\/details>\n\t\t\t\t\t<\/div>\n\t\t\t\t\t\t<\/div>\n\t\t\t\t<div class=\"elementor-element elementor-element-24b2052 elementor-hidden-mobile cmsmasters-block-default cmsmasters-sticky-default elementor-widget elementor-widget-spacer\" data-id=\"24b2052\" data-element_type=\"widget\" data-e-type=\"widget\" data-widget_type=\"spacer.default\">\n\t\t\t\t\t\t\t<div class=\"elementor-spacer\">\n\t\t\t<div class=\"elementor-spacer-inner\"><\/div>\n\t\t<\/div>\n\t\t\t\t\t\t<\/div>\n\t\t\t\t<\/div>\n\t\t\t\t\t<\/div>\n\t\t\t\t<\/div>\n\t\t<div class=\"elementor-element elementor-element-eb71818 e-flex e-con-boxed cmsmasters-block-default e-con e-parent\" data-id=\"eb71818\" data-element_type=\"container\" data-e-type=\"container\" data-settings=\"{&quot;background_background&quot;:&quot;classic&quot;}\">\n\t\t\t\t\t<div class=\"e-con-inner\">\n\t\t\t\t<div class=\"elementor-element elementor-element-f82ad2c cmsmasters-block-default cmsmasters-sticky-default elementor-widget elementor-widget-spacer\" data-id=\"f82ad2c\" data-element_type=\"widget\" data-e-type=\"widget\" data-widget_type=\"spacer.default\">\n\t\t\t\t\t\t\t<div class=\"elementor-spacer\">\n\t\t\t<div class=\"elementor-spacer-inner\"><\/div>\n\t\t<\/div>\n\t\t\t\t\t\t<\/div>\n\t\t\t\t\t<\/div>\n\t\t\t\t<\/div>\n\t\t<div class=\"elementor-element elementor-element-e9dbdc9 e-flex e-con-boxed cmsmasters-block-default e-con e-parent\" data-id=\"e9dbdc9\" data-element_type=\"container\" data-e-type=\"container\" data-settings=\"{&quot;background_background&quot;:&quot;classic&quot;}\">\n\t\t\t\t\t<div class=\"e-con-inner\">\n\t\t<div class=\"elementor-element elementor-element-f08cfff e-con-full e-flex cmsmasters-block-default e-con e-child\" data-id=\"f08cfff\" data-element_type=\"container\" data-e-type=\"container\">\n\t\t\t\t<div class=\"elementor-element elementor-element-7ea9595 cmsmasters-block-default cmsmasters-sticky-default elementor-widget elementor-widget-spacer\" data-id=\"7ea9595\" data-element_type=\"widget\" data-e-type=\"widget\" data-widget_type=\"spacer.default\">\n\t\t\t\t\t\t\t<div class=\"elementor-spacer\">\n\t\t\t<div class=\"elementor-spacer-inner\"><\/div>\n\t\t<\/div>\n\t\t\t\t\t\t<\/div>\n\t\t\t\t<div class=\"elementor-element elementor-element-3c916ea cmsmasters-block-default cmsmasters-sticky-default elementor-widget elementor-widget-heading\" data-id=\"3c916ea\" data-element_type=\"widget\" data-e-type=\"widget\" data-widget_type=\"heading.default\">\n\t\t\t\t\t<h2 class=\"elementor-heading-title elementor-size-default\">selected artworks<\/h2>\t\t\t\t<\/div>\n\t\t\t\t<\/div>\n\t\t<div class=\"elementor-element elementor-element-e0a1f8b e-con-full e-flex cmsmasters-block-default e-con e-child\" data-id=\"e0a1f8b\" data-element_type=\"container\" data-e-type=\"container\">\n\t\t\t\t<div class=\"elementor-element elementor-element-f34c499 cmsmasters-block-default cmsmasters-sticky-default elementor-widget elementor-widget-spacer\" data-id=\"f34c499\" data-element_type=\"widget\" data-e-type=\"widget\" data-widget_type=\"spacer.default\">\n\t\t\t\t\t\t\t<div class=\"elementor-spacer\">\n\t\t\t<div class=\"elementor-spacer-inner\"><\/div>\n\t\t<\/div>\n\t\t\t\t\t\t<\/div>\n\t\t\t\t<div class=\"elementor-element elementor-element-9a0dbad cmsmasters-block-default cmsmasters-sticky-default elementor-widget elementor-widget-shortcode\" data-id=\"9a0dbad\" data-element_type=\"widget\" data-e-type=\"widget\" data-widget_type=\"shortcode.default\">\n\t\t\t\t\t\t\t<div class=\"elementor-shortcode\"><p>Aucun profil d\u00e9tect\u00e9.<\/p><\/div>\n\t\t\t\t\t\t<\/div>\n\t\t\t\t<div class=\"elementor-element elementor-element-a52c440 cmsmasters-block-default cmsmasters-sticky-default elementor-widget elementor-widget-spacer\" data-id=\"a52c440\" data-element_type=\"widget\" data-e-type=\"widget\" data-widget_type=\"spacer.default\">\n\t\t\t\t\t\t\t<div class=\"elementor-spacer\">\n\t\t\t<div class=\"elementor-spacer-inner\"><\/div>\n\t\t<\/div>\n\t\t\t\t\t\t<\/div>\n\t\t\t\t<\/div>\n\t\t\t\t\t<\/div>\n\t\t\t\t<\/div>\n\t\t\t\t<\/div>","protected":false},"excerpt":{"rendered":"<p>Monique Frydman lives and works in Dancourt b. 1943, France biography A major figure in contemporary French abstraction, Monique Frydman has, for several decades, developed a body of work deeply rooted in a reflection on time, color, and gesture. Her painting unfolds in a space where the time of painting and the time within the&#8230;<\/p>","protected":false},"author":1,"featured_media":0,"parent":0,"menu_order":0,"comment_status":"closed","ping_status":"closed","template":"","meta":{"_acf_changed":false,"ngg_post_thumbnail":0,"footnotes":""},"class_list":["post-41198","page","type-page","status-publish","hentry"],"acf":[],"_links":{"self":[{"href":"https:\/\/galeriehugodufon.com\/fr\/wp-json\/wp\/v2\/pages\/41198","targetHints":{"allow":["GET"]}}],"collection":[{"href":"https:\/\/galeriehugodufon.com\/fr\/wp-json\/wp\/v2\/pages"}],"about":[{"href":"https:\/\/galeriehugodufon.com\/fr\/wp-json\/wp\/v2\/types\/page"}],"author":[{"embeddable":true,"href":"https:\/\/galeriehugodufon.com\/fr\/wp-json\/wp\/v2\/users\/1"}],"replies":[{"embeddable":true,"href":"https:\/\/galeriehugodufon.com\/fr\/wp-json\/wp\/v2\/comments?post=41198"}],"version-history":[{"count":91,"href":"https:\/\/galeriehugodufon.com\/fr\/wp-json\/wp\/v2\/pages\/41198\/revisions"}],"predecessor-version":[{"id":42804,"href":"https:\/\/galeriehugodufon.com\/fr\/wp-json\/wp\/v2\/pages\/41198\/revisions\/42804"}],"wp:attachment":[{"href":"https:\/\/galeriehugodufon.com\/fr\/wp-json\/wp\/v2\/media?parent=41198"}],"curies":[{"name":"wp","href":"https:\/\/api.w.org\/{rel}","templated":true}]}}