{"id":41143,"date":"2026-03-17T19:36:30","date_gmt":"2026-03-17T19:36:30","guid":{"rendered":"https:\/\/galeriehugodufon.com\/?page_id=41143"},"modified":"2026-04-07T21:35:40","modified_gmt":"2026-04-07T21:35:40","slug":"lucas-talbotier","status":"publish","type":"page","link":"https:\/\/galeriehugodufon.com\/fr\/lucas-talbotier\/","title":{"rendered":"Lucas Talbotier"},"content":{"rendered":"<div data-elementor-type=\"wp-page\" data-elementor-id=\"41143\" class=\"elementor elementor-41143\">\n\t\t\t\t<div class=\"elementor-element elementor-element-c9bee17 e-flex e-con-boxed cmsmasters-block-default e-con e-parent\" data-id=\"c9bee17\" data-element_type=\"container\" data-e-type=\"container\">\n\t\t\t\t\t<div class=\"e-con-inner\">\n\t\t<div class=\"elementor-element elementor-element-e72cfb0 e-flex e-con-boxed cmsmasters-block-default e-con e-child\" data-id=\"e72cfb0\" data-element_type=\"container\" data-e-type=\"container\">\n\t\t\t\t\t<div class=\"e-con-inner\">\n\t\t<div class=\"elementor-element elementor-element-2809ac9 e-con-full e-flex cmsmasters-block-default e-con e-child\" data-id=\"2809ac9\" data-element_type=\"container\" data-e-type=\"container\">\n\t\t\t\t<div class=\"elementor-element elementor-element-ef01fda cmsmasters-block-default cmsmasters-sticky-default elementor-widget elementor-widget-spacer\" data-id=\"ef01fda\" data-element_type=\"widget\" data-e-type=\"widget\" data-widget_type=\"spacer.default\">\n\t\t\t\t\t\t\t<div class=\"elementor-spacer\">\n\t\t\t<div class=\"elementor-spacer-inner\"><\/div>\n\t\t<\/div>\n\t\t\t\t\t\t<\/div>\n\t\t\t\t<div class=\"elementor-element elementor-element-968c3aa elementor-hidden-mobile cmsmasters-block-default cmsmasters-sticky-default elementor-widget elementor-widget-spacer\" data-id=\"968c3aa\" data-element_type=\"widget\" data-e-type=\"widget\" data-widget_type=\"spacer.default\">\n\t\t\t\t\t\t\t<div class=\"elementor-spacer\">\n\t\t\t<div class=\"elementor-spacer-inner\"><\/div>\n\t\t<\/div>\n\t\t\t\t\t\t<\/div>\n\t\t\t\t<div class=\"elementor-element elementor-element-866453b elementor-hidden-mobile cmsmasters-block-default cmsmasters-sticky-default elementor-widget elementor-widget-spacer\" data-id=\"866453b\" data-element_type=\"widget\" data-e-type=\"widget\" data-widget_type=\"spacer.default\">\n\t\t\t\t\t\t\t<div class=\"elementor-spacer\">\n\t\t\t<div class=\"elementor-spacer-inner\"><\/div>\n\t\t<\/div>\n\t\t\t\t\t\t<\/div>\n\t\t<div class=\"elementor-element elementor-element-23a44d8 e-con-full e-flex cmsmasters-block-default e-con e-child\" data-id=\"23a44d8\" data-element_type=\"container\" data-e-type=\"container\">\n\t\t\t\t<div class=\"elementor-element elementor-element-047a2c7 elementor-hidden-widescreen elementor-hidden-desktop elementor-hidden-tablet cmsmasters-block-default cmsmasters-sticky-default elementor-widget elementor-widget-spacer\" data-id=\"047a2c7\" data-element_type=\"widget\" data-e-type=\"widget\" data-widget_type=\"spacer.default\">\n\t\t\t\t\t\t\t<div class=\"elementor-spacer\">\n\t\t\t<div class=\"elementor-spacer-inner\"><\/div>\n\t\t<\/div>\n\t\t\t\t\t\t<\/div>\n\t\t\t\t<div class=\"elementor-element elementor-element-44c4d53 cmsmasters-block-default cmsmasters-sticky-default elementor-widget elementor-widget-heading\" data-id=\"44c4d53\" data-element_type=\"widget\" data-e-type=\"widget\" data-widget_type=\"heading.default\">\n\t\t\t\t\t<h2 class=\"elementor-heading-title elementor-size-default\">Lucas Talbotier<\/h2>\t\t\t\t<\/div>\n\t\t\t\t<div class=\"elementor-element elementor-element-bb9331f cmsmasters-block-default cmsmasters-sticky-default elementor-widget elementor-widget-text-editor\" data-id=\"bb9331f\" data-element_type=\"widget\" data-e-type=\"widget\" data-widget_type=\"text-editor.default\">\n\t\t\t\t\t\t\t\t\t<p class=\"p1\">lives and works in Paris<\/p><p class=\"p1\">b. 1994, France<\/p>\t\t\t\t\t\t\t\t<\/div>\n\t\t\t\t<\/div>\n\t\t\t\t<\/div>\n\t\t<div class=\"elementor-element elementor-element-5a618a2 e-con-full e-flex cmsmasters-block-default e-con e-child\" data-id=\"5a618a2\" data-element_type=\"container\" data-e-type=\"container\">\n\t\t\t\t<div class=\"elementor-element elementor-element-0e1823a cmsmasters-block-default cmsmasters-sticky-default elementor-widget elementor-widget-spacer\" data-id=\"0e1823a\" data-element_type=\"widget\" data-e-type=\"widget\" data-widget_type=\"spacer.default\">\n\t\t\t\t\t\t\t<div class=\"elementor-spacer\">\n\t\t\t<div class=\"elementor-spacer-inner\"><\/div>\n\t\t<\/div>\n\t\t\t\t\t\t<\/div>\n\t\t\t\t<div class=\"elementor-element elementor-element-c8cb5b8 cmsmasters-block-default cmsmasters-sticky-default elementor-widget elementor-widget-image\" data-id=\"c8cb5b8\" data-element_type=\"widget\" data-e-type=\"widget\" data-widget_type=\"image.default\">\n\t\t\t\t\t\t\t\t\t\t\t\t\t\t\t<img fetchpriority=\"high\" decoding=\"async\" width=\"1024\" height=\"1024\" src=\"https:\/\/galeriehugodufon.com\/wp-content\/uploads\/2026\/03\/2.-La-Montagne-III-1-1024x1024.jpg\" class=\"attachment-large size-large wp-image-42184\" alt=\"\" srcset=\"https:\/\/galeriehugodufon.com\/wp-content\/uploads\/2026\/03\/2.-La-Montagne-III-1-1024x1024.jpg 1024w, https:\/\/galeriehugodufon.com\/wp-content\/uploads\/2026\/03\/2.-La-Montagne-III-1-300x300.jpg 300w, https:\/\/galeriehugodufon.com\/wp-content\/uploads\/2026\/03\/2.-La-Montagne-III-1-150x150.jpg 150w, https:\/\/galeriehugodufon.com\/wp-content\/uploads\/2026\/03\/2.-La-Montagne-III-1-768x768.jpg 768w, https:\/\/galeriehugodufon.com\/wp-content\/uploads\/2026\/03\/2.-La-Montagne-III-1-1536x1536.jpg 1536w, https:\/\/galeriehugodufon.com\/wp-content\/uploads\/2026\/03\/2.-La-Montagne-III-1-2048x2048.jpg 2048w, https:\/\/galeriehugodufon.com\/wp-content\/uploads\/2026\/03\/2.-La-Montagne-III-1-12x12.jpg 12w, https:\/\/galeriehugodufon.com\/wp-content\/uploads\/2026\/03\/2.-La-Montagne-III-1-260x260.jpg 260w, https:\/\/galeriehugodufon.com\/wp-content\/uploads\/2026\/03\/2.-La-Montagne-III-1-600x600.jpg 600w, https:\/\/galeriehugodufon.com\/wp-content\/uploads\/2026\/03\/2.-La-Montagne-III-1-100x100.jpg 100w\" sizes=\"(max-width: 1024px) 100vw, 1024px\" \/>\t\t\t\t\t\t\t\t\t\t\t\t\t\t\t<\/div>\n\t\t\t\t<div class=\"elementor-element elementor-element-d91cccb cmsmasters-block-default cmsmasters-sticky-default elementor-widget elementor-widget-spacer\" data-id=\"d91cccb\" data-element_type=\"widget\" data-e-type=\"widget\" data-widget_type=\"spacer.default\">\n\t\t\t\t\t\t\t<div class=\"elementor-spacer\">\n\t\t\t<div class=\"elementor-spacer-inner\"><\/div>\n\t\t<\/div>\n\t\t\t\t\t\t<\/div>\n\t\t\t\t<\/div>\n\t\t\t\t\t<\/div>\n\t\t\t\t<\/div>\n\t\t\t\t\t<\/div>\n\t\t\t\t<\/div>\n\t\t<div class=\"elementor-element elementor-element-f79c221 e-flex e-con-boxed cmsmasters-block-default e-con e-parent\" data-id=\"f79c221\" data-element_type=\"container\" data-e-type=\"container\" data-settings=\"{&quot;background_background&quot;:&quot;classic&quot;}\">\n\t\t\t\t\t<div class=\"e-con-inner\">\n\t\t<div class=\"elementor-element elementor-element-a5e2265 e-con-full e-flex cmsmasters-block-default e-con e-child\" data-id=\"a5e2265\" data-element_type=\"container\" data-e-type=\"container\">\n\t\t\t\t<div class=\"elementor-element elementor-element-c638143 elementor-hidden-mobile cmsmasters-block-default cmsmasters-sticky-default elementor-widget elementor-widget-spacer\" data-id=\"c638143\" data-element_type=\"widget\" data-e-type=\"widget\" data-widget_type=\"spacer.default\">\n\t\t\t\t\t\t\t<div class=\"elementor-spacer\">\n\t\t\t<div class=\"elementor-spacer-inner\"><\/div>\n\t\t<\/div>\n\t\t\t\t\t\t<\/div>\n\t\t\t\t<div class=\"elementor-element elementor-element-8b26e71 elementor-hidden-widescreen elementor-hidden-desktop elementor-hidden-tablet cmsmasters-block-default cmsmasters-sticky-default elementor-widget elementor-widget-spacer\" data-id=\"8b26e71\" data-element_type=\"widget\" data-e-type=\"widget\" data-widget_type=\"spacer.default\">\n\t\t\t\t\t\t\t<div class=\"elementor-spacer\">\n\t\t\t<div class=\"elementor-spacer-inner\"><\/div>\n\t\t<\/div>\n\t\t\t\t\t\t<\/div>\n\t\t\t\t<div class=\"elementor-element elementor-element-6fc7dd7 cmsmasters-block-default cmsmasters-sticky-default elementor-widget elementor-widget-heading\" data-id=\"6fc7dd7\" data-element_type=\"widget\" data-e-type=\"widget\" data-widget_type=\"heading.default\">\n\t\t\t\t\t<h2 class=\"elementor-heading-title elementor-size-default\">biography<\/h2>\t\t\t\t<\/div>\n\t\t\t\t<div class=\"elementor-element elementor-element-91b24ac cmsmasters-block-default cmsmasters-sticky-default elementor-widget elementor-widget-spacer\" data-id=\"91b24ac\" data-element_type=\"widget\" data-e-type=\"widget\" data-widget_type=\"spacer.default\">\n\t\t\t\t\t\t\t<div class=\"elementor-spacer\">\n\t\t\t<div class=\"elementor-spacer-inner\"><\/div>\n\t\t<\/div>\n\t\t\t\t\t\t<\/div>\n\t\t\t\t<\/div>\n\t\t<div class=\"elementor-element elementor-element-5a13d21 e-con-full e-flex cmsmasters-block-default e-con e-child\" data-id=\"5a13d21\" data-element_type=\"container\" data-e-type=\"container\">\n\t\t\t\t<div class=\"elementor-element elementor-element-dd988a7 elementor-hidden-mobile cmsmasters-block-default cmsmasters-sticky-default elementor-widget elementor-widget-spacer\" data-id=\"dd988a7\" data-element_type=\"widget\" data-e-type=\"widget\" data-widget_type=\"spacer.default\">\n\t\t\t\t\t\t\t<div class=\"elementor-spacer\">\n\t\t\t<div class=\"elementor-spacer-inner\"><\/div>\n\t\t<\/div>\n\t\t\t\t\t\t<\/div>\n\t\t\t\t<div class=\"elementor-element elementor-element-1ad3c21 cmsmasters-block-default cmsmasters-sticky-default elementor-widget elementor-widget-text-editor\" data-id=\"1ad3c21\" data-element_type=\"widget\" data-e-type=\"widget\" data-widget_type=\"text-editor.default\">\n\t\t\t\t\t\t\t\t\t<p>Lucas Talbotier d\u00e9veloppe une peinture \u00e0 la lisi\u00e8re du paysage et de l\u2019abstraction, o\u00f9 l\u2019image se construit \u00e0 partir du souvenir plut\u00f4t que de la perception directe. Ses \u0153uvres ne d\u00e9crivent pas un lieu, mais en restituent la trace, des fragments de sensations, des impressions lumineuses, ce qui persiste en m\u00e9moire apr\u00e8s l\u2019exp\u00e9rience v\u00e9cue.<\/p><p>Quelques rep\u00e8res figuratifs, une branche, une ligne d\u2019horizon, un tronc, affleurent parfois, mais ils demeurent secondaires, presque dissous dans un espace pictural domin\u00e9 par la lumi\u00e8re et la couleur.<\/p>\t\t\t\t\t\t\t\t<\/div>\n\t\t\t\t<div class=\"elementor-element elementor-element-06efc4f cmsmasters-block-default cmsmasters-sticky-default elementor-widget elementor-widget-n-accordion\" data-id=\"06efc4f\" data-element_type=\"widget\" data-e-type=\"widget\" data-settings=\"{&quot;default_state&quot;:&quot;all_collapsed&quot;,&quot;max_items_expended&quot;:&quot;one&quot;,&quot;n_accordion_animation_duration&quot;:{&quot;unit&quot;:&quot;ms&quot;,&quot;size&quot;:400,&quot;sizes&quot;:[]}}\" data-widget_type=\"nested-accordion.default\">\n\t\t\t\t\t\t\t<div class=\"e-n-accordion\" aria-label=\"Accordion. Open links with Enter or Space, close with Escape, and navigate with Arrow Keys\">\n\t\t\t\t\t\t<details id=\"e-n-accordion-item-7270\" class=\"e-n-accordion-item\" >\n\t\t\t\t<summary class=\"e-n-accordion-item-title\" data-accordion-index=\"1\" tabindex=\"0\" aria-expanded=\"false\" aria-controls=\"e-n-accordion-item-7270\" >\n\t\t\t\t\t<span class='e-n-accordion-item-title-header'><div class=\"e-n-accordion-item-title-text\"> &gt; read full biography <\/div><\/span>\n\t\t\t\t\t\t\t\t\t<\/summary>\n\t\t\t\t<div role=\"region\" aria-labelledby=\"e-n-accordion-item-7270\" class=\"elementor-element elementor-element-44e60e7 e-con-full e-flex cmsmasters-block-default e-con e-child\" data-id=\"44e60e7\" data-element_type=\"container\" data-e-type=\"container\">\n\t\t\t\t<div class=\"elementor-element elementor-element-cb8d28e cmsmasters-block-default cmsmasters-sticky-default elementor-widget elementor-widget-spacer\" data-id=\"cb8d28e\" data-element_type=\"widget\" data-e-type=\"widget\" data-widget_type=\"spacer.default\">\n\t\t\t\t\t\t\t<div class=\"elementor-spacer\">\n\t\t\t<div class=\"elementor-spacer-inner\"><\/div>\n\t\t<\/div>\n\t\t\t\t\t\t<\/div>\n\t\t\t\t<div class=\"elementor-element elementor-element-9b451a4 cmsmasters-block-default cmsmasters-sticky-default elementor-widget elementor-widget-text-editor\" data-id=\"9b451a4\" data-element_type=\"widget\" data-e-type=\"widget\" data-widget_type=\"text-editor.default\">\n\t\t\t\t\t\t\t\t\t<p>Son travail s\u2019organise autour d\u2019une attention particuli\u00e8re \u00e0 la qualit\u00e9 physique de la lumi\u00e8re, aux \u00e9quilibres chromatiques et \u00e0 des formes simples, \u00e0 la fois structur\u00e9es et expressives. La surface de la toile devient un lieu de tension, entre apparition et disparition, entre intensit\u00e9 des pigments et leur effacement progressif sous des voiles plus p\u00e2les. Ce processus de recouvrement, souvent \u00e0 base de blancs, introduit un rythme visuel singulier, comme si l\u2019image se r\u00e9v\u00e9lait par strates, laissant entrevoir un paysage plus vaste, jamais enti\u00e8rement accessible.<\/p><p>Form\u00e9 \u00e0 l\u2019\u00c9cole des Beaux-Arts de Paris, apr\u00e8s un passage \u00e0 la Rhode Island School of Design, Lucas Talbotier s\u2019inscrit dans une g\u00e9n\u00e9ration de peintres qui renouent avec les fondamentaux du m\u00e9dium tout en en questionnant les conditions m\u00eames. Il \u00e9labore ses propres pigments, travaille la mati\u00e8re, ponce ses surfaces, donnant \u00e0 ses \u0153uvres une dimension presque min\u00e9rale, entre fresque et peinture de chevalet. Cette approche renforce l\u2019ambivalence de son travail, \u00e0 la fois gestuel et retenu, dense et fragile.<\/p><p>Dans ses compositions, des oppositions structurent l\u2019espace pictural, aux aplats color\u00e9s r\u00e9pondent des zones d\u2019effacement, aux formes harmonieuses s\u2019opposent des ruptures, aux gestes amples succ\u00e8dent des interventions plus fragment\u00e9es. Ces tensions traduisent une r\u00e9flexion sur le temps, un temps \u00e0 la fois suspendu et en mouvement, et sur la m\u00e9moire, toujours partielle, toujours recompos\u00e9e.<\/p><p>N\u00e9 en 1994 \u00e0 Paris, o\u00f9 il vit et travaille, Lucas Talbotier poursuit une recherche picturale exigeante, tendue vers ce que la peinture peut saisir de l\u2019exp\u00e9rience v\u00e9cue, non sa forme visible, mais ce qu\u2019elle laisse de quelque chose d\u2019insaisissable, une sensation qui persiste sans \u00eatre nomm\u00e9e.<\/p>\t\t\t\t\t\t\t\t<\/div>\n\t\t\t\t<\/div>\n\t\t\t\t\t<\/details>\n\t\t\t\t\t<\/div>\n\t\t\t\t\t\t<\/div>\n\t\t\t\t<div class=\"elementor-element elementor-element-c4beb3a elementor-hidden-mobile cmsmasters-block-default cmsmasters-sticky-default elementor-widget elementor-widget-spacer\" data-id=\"c4beb3a\" data-element_type=\"widget\" data-e-type=\"widget\" data-widget_type=\"spacer.default\">\n\t\t\t\t\t\t\t<div class=\"elementor-spacer\">\n\t\t\t<div class=\"elementor-spacer-inner\"><\/div>\n\t\t<\/div>\n\t\t\t\t\t\t<\/div>\n\t\t\t\t<\/div>\n\t\t\t\t\t<\/div>\n\t\t\t\t<\/div>\n\t\t<div class=\"elementor-element elementor-element-fca5b98 e-flex e-con-boxed cmsmasters-block-default e-con e-parent\" data-id=\"fca5b98\" data-element_type=\"container\" data-e-type=\"container\" data-settings=\"{&quot;background_background&quot;:&quot;classic&quot;}\">\n\t\t\t\t\t<div class=\"e-con-inner\">\n\t\t<div class=\"elementor-element elementor-element-0628539 e-con-full e-flex cmsmasters-block-default e-con e-child\" data-id=\"0628539\" data-element_type=\"container\" data-e-type=\"container\">\n\t\t\t\t<div class=\"elementor-element elementor-element-bcc9838 cmsmasters-block-default cmsmasters-sticky-default elementor-widget elementor-widget-spacer\" data-id=\"bcc9838\" data-element_type=\"widget\" data-e-type=\"widget\" data-widget_type=\"spacer.default\">\n\t\t\t\t\t\t\t<div class=\"elementor-spacer\">\n\t\t\t<div class=\"elementor-spacer-inner\"><\/div>\n\t\t<\/div>\n\t\t\t\t\t\t<\/div>\n\t\t\t\t<div class=\"elementor-element elementor-element-9558618 cmsmasters-block-default cmsmasters-sticky-default elementor-widget elementor-widget-heading\" data-id=\"9558618\" data-element_type=\"widget\" data-e-type=\"widget\" data-widget_type=\"heading.default\">\n\t\t\t\t\t<h2 class=\"elementor-heading-title elementor-size-default\">selected artworks<\/h2>\t\t\t\t<\/div>\n\t\t\t\t<\/div>\n\t\t<div class=\"elementor-element elementor-element-23ee2bd e-con-full e-flex cmsmasters-block-default e-con e-child\" data-id=\"23ee2bd\" data-element_type=\"container\" data-e-type=\"container\">\n\t\t\t\t<div class=\"elementor-element elementor-element-55e3627 cmsmasters-block-default cmsmasters-sticky-default elementor-widget elementor-widget-spacer\" data-id=\"55e3627\" data-element_type=\"widget\" data-e-type=\"widget\" data-widget_type=\"spacer.default\">\n\t\t\t\t\t\t\t<div class=\"elementor-spacer\">\n\t\t\t<div class=\"elementor-spacer-inner\"><\/div>\n\t\t<\/div>\n\t\t\t\t\t\t<\/div>\n\t\t\t\t<div class=\"elementor-element elementor-element-221bd8c cmsmasters-block-default cmsmasters-sticky-default elementor-widget elementor-widget-shortcode\" data-id=\"221bd8c\" data-element_type=\"widget\" data-e-type=\"widget\" data-widget_type=\"shortcode.default\">\n\t\t\t\t\t\t\t<div class=\"elementor-shortcode\"><p>Aucun profil d\u00e9tect\u00e9.<\/p><\/div>\n\t\t\t\t\t\t<\/div>\n\t\t\t\t<div class=\"elementor-element elementor-element-710468a cmsmasters-block-default cmsmasters-sticky-default elementor-widget elementor-widget-spacer\" data-id=\"710468a\" data-element_type=\"widget\" data-e-type=\"widget\" data-widget_type=\"spacer.default\">\n\t\t\t\t\t\t\t<div class=\"elementor-spacer\">\n\t\t\t<div class=\"elementor-spacer-inner\"><\/div>\n\t\t<\/div>\n\t\t\t\t\t\t<\/div>\n\t\t\t\t<\/div>\n\t\t\t\t\t<\/div>\n\t\t\t\t<\/div>\n\t\t\t\t<\/div>","protected":false},"excerpt":{"rendered":"<p>Lucas Talbotier lives and works in Paris b. 1994, France biography Lucas Talbotier develops a painterly language at the threshold between landscape and abstraction, where the image is constructed from memory rather than direct perception. His works do not describe a place, but rather convey its trace: fragments of sensations, luminous impressions, what lingers in&#8230;<\/p>","protected":false},"author":1,"featured_media":0,"parent":0,"menu_order":0,"comment_status":"closed","ping_status":"closed","template":"","meta":{"_acf_changed":false,"ngg_post_thumbnail":0,"footnotes":""},"class_list":["post-41143","page","type-page","status-publish","hentry"],"acf":[],"_links":{"self":[{"href":"https:\/\/galeriehugodufon.com\/fr\/wp-json\/wp\/v2\/pages\/41143","targetHints":{"allow":["GET"]}}],"collection":[{"href":"https:\/\/galeriehugodufon.com\/fr\/wp-json\/wp\/v2\/pages"}],"about":[{"href":"https:\/\/galeriehugodufon.com\/fr\/wp-json\/wp\/v2\/types\/page"}],"author":[{"embeddable":true,"href":"https:\/\/galeriehugodufon.com\/fr\/wp-json\/wp\/v2\/users\/1"}],"replies":[{"embeddable":true,"href":"https:\/\/galeriehugodufon.com\/fr\/wp-json\/wp\/v2\/comments?post=41143"}],"version-history":[{"count":346,"href":"https:\/\/galeriehugodufon.com\/fr\/wp-json\/wp\/v2\/pages\/41143\/revisions"}],"predecessor-version":[{"id":42816,"href":"https:\/\/galeriehugodufon.com\/fr\/wp-json\/wp\/v2\/pages\/41143\/revisions\/42816"}],"wp:attachment":[{"href":"https:\/\/galeriehugodufon.com\/fr\/wp-json\/wp\/v2\/media?parent=41143"}],"curies":[{"name":"wp","href":"https:\/\/api.w.org\/{rel}","templated":true}]}}