{"id":42663,"date":"2026-04-02T17:23:59","date_gmt":"2026-04-02T17:23:59","guid":{"rendered":"https:\/\/galeriehugodufon.com\/?page_id=42663"},"modified":"2026-04-07T06:55:11","modified_gmt":"2026-04-07T06:55:11","slug":"exhibitions","status":"publish","type":"page","link":"https:\/\/galeriehugodufon.com\/es\/exhibitions\/","title":{"rendered":"Exhibitions"},"content":{"rendered":"<div data-elementor-type=\"wp-page\" data-elementor-id=\"42663\" class=\"elementor elementor-42663\">\n\t\t\t\t<div class=\"elementor-element elementor-element-6593df7 e-con-full e-flex cmsmasters-block-default e-con e-parent\" data-id=\"6593df7\" data-element_type=\"container\" data-e-type=\"container\">\n\t\t\t\t<div class=\"elementor-element elementor-element-d9ce6a1 cmsmasters-block-default cmsmasters-sticky-default elementor-widget elementor-widget-image\" data-id=\"d9ce6a1\" data-element_type=\"widget\" data-e-type=\"widget\" data-widget_type=\"image.default\">\n\t\t\t\t\t\t\t\t\t\t\t\t\t\t\t<img fetchpriority=\"high\" decoding=\"async\" width=\"2560\" height=\"1709\" src=\"https:\/\/galeriehugodufon.com\/wp-content\/uploads\/2026\/03\/Adrien-Thibault-Iota-Studio-2026-2-scaled.jpg\" class=\"attachment-full size-full wp-image-41712\" alt=\"\" srcset=\"https:\/\/galeriehugodufon.com\/wp-content\/uploads\/2026\/03\/Adrien-Thibault-Iota-Studio-2026-2-scaled.jpg 2560w, https:\/\/galeriehugodufon.com\/wp-content\/uploads\/2026\/03\/Adrien-Thibault-Iota-Studio-2026-2-300x200.jpg 300w, https:\/\/galeriehugodufon.com\/wp-content\/uploads\/2026\/03\/Adrien-Thibault-Iota-Studio-2026-2-1024x683.jpg 1024w, https:\/\/galeriehugodufon.com\/wp-content\/uploads\/2026\/03\/Adrien-Thibault-Iota-Studio-2026-2-768x513.jpg 768w, https:\/\/galeriehugodufon.com\/wp-content\/uploads\/2026\/03\/Adrien-Thibault-Iota-Studio-2026-2-1536x1025.jpg 1536w, https:\/\/galeriehugodufon.com\/wp-content\/uploads\/2026\/03\/Adrien-Thibault-Iota-Studio-2026-2-2048x1367.jpg 2048w, https:\/\/galeriehugodufon.com\/wp-content\/uploads\/2026\/03\/Adrien-Thibault-Iota-Studio-2026-2-450x300.jpg 450w, https:\/\/galeriehugodufon.com\/wp-content\/uploads\/2026\/03\/Adrien-Thibault-Iota-Studio-2026-2-600x400.jpg 600w\" sizes=\"(max-width: 2560px) 100vw, 2560px\" \/>\t\t\t\t\t\t\t\t\t\t\t\t\t\t\t<\/div>\n\t\t\t\t<\/div>\n\t\t<div class=\"elementor-element elementor-element-f79c221 e-flex e-con-boxed cmsmasters-block-default e-con e-parent\" data-id=\"f79c221\" data-element_type=\"container\" data-e-type=\"container\" data-settings=\"{&quot;background_background&quot;:&quot;classic&quot;}\">\n\t\t\t\t\t<div class=\"e-con-inner\">\n\t\t<div class=\"elementor-element elementor-element-a5e2265 e-con-full e-flex cmsmasters-block-default e-con e-child\" data-id=\"a5e2265\" data-element_type=\"container\" data-e-type=\"container\">\n\t\t\t\t<div class=\"elementor-element elementor-element-c638143 elementor-hidden-mobile cmsmasters-block-default cmsmasters-sticky-default elementor-widget elementor-widget-spacer\" data-id=\"c638143\" data-element_type=\"widget\" data-e-type=\"widget\" data-widget_type=\"spacer.default\">\n\t\t\t\t\t\t\t<div class=\"elementor-spacer\">\n\t\t\t<div class=\"elementor-spacer-inner\"><\/div>\n\t\t<\/div>\n\t\t\t\t\t\t<\/div>\n\t\t\t\t<div class=\"elementor-element elementor-element-8b26e71 elementor-hidden-widescreen elementor-hidden-desktop cmsmasters-block-default cmsmasters-sticky-default elementor-widget elementor-widget-spacer\" data-id=\"8b26e71\" data-element_type=\"widget\" data-e-type=\"widget\" data-widget_type=\"spacer.default\">\n\t\t\t\t\t\t\t<div class=\"elementor-spacer\">\n\t\t\t<div class=\"elementor-spacer-inner\"><\/div>\n\t\t<\/div>\n\t\t\t\t\t\t<\/div>\n\t\t\t\t<div class=\"elementor-element elementor-element-da51413 cmsmasters-block-default cmsmasters-sticky-default elementor-widget elementor-widget-heading\" data-id=\"da51413\" data-element_type=\"widget\" data-e-type=\"widget\" data-widget_type=\"heading.default\">\n\t\t\t\t\t<h2 class=\"elementor-heading-title elementor-size-default\"><a href=\"https:\/\/galeriehugodufon.com\/es\/?page_id=41235\">Lucas Talbotier<\/a><\/h2>\t\t\t\t<\/div>\n\t\t\t\t<div class=\"elementor-element elementor-element-cb4907a cmsmasters-block-default cmsmasters-sticky-default elementor-widget elementor-widget-heading\" data-id=\"cb4907a\" data-element_type=\"widget\" data-e-type=\"widget\" data-widget_type=\"heading.default\">\n\t\t\t\t\t<h2 class=\"elementor-heading-title elementor-size-default\"><a href=\"https:\/\/galeriehugodufon.com\/es\/?page_id=41235\">Iles de couleur<\/a><\/h2>\t\t\t\t<\/div>\n\t\t\t\t<div class=\"elementor-element elementor-element-324feb4 cmsmasters-block-default cmsmasters-sticky-default elementor-widget elementor-widget-heading\" data-id=\"324feb4\" data-element_type=\"widget\" data-e-type=\"widget\" data-widget_type=\"heading.default\">\n\t\t\t\t\t<h2 class=\"elementor-heading-title elementor-size-default\"><a href=\"https:\/\/galeriehugodufon.com\/es\/?page_id=41235\">apertura a mediados de abril de 2026 <br>bogot\u00e1<\/a><\/h2>\t\t\t\t<\/div>\n\t\t\t\t<div class=\"elementor-element elementor-element-63c5079 cmsmasters-block-default cmsmasters-sticky-default elementor-widget elementor-widget-heading\" data-id=\"63c5079\" data-element_type=\"widget\" data-e-type=\"widget\" data-widget_type=\"heading.default\">\n\t\t\t\t\t<h2 class=\"elementor-heading-title elementor-size-default\"><a href=\"https:\/\/galeriehugodufon.com\/es\/?page_id=41235\"><br>texto de Gr\u00e9goire Lubineau, cr\u00edtico de arte<\/a><\/h2>\t\t\t\t<\/div>\n\t\t\t\t<div class=\"elementor-element elementor-element-91b24ac cmsmasters-block-default cmsmasters-sticky-default elementor-widget elementor-widget-spacer\" data-id=\"91b24ac\" data-element_type=\"widget\" data-e-type=\"widget\" data-widget_type=\"spacer.default\">\n\t\t\t\t\t\t\t<div class=\"elementor-spacer\">\n\t\t\t<div class=\"elementor-spacer-inner\"><\/div>\n\t\t<\/div>\n\t\t\t\t\t\t<\/div>\n\t\t\t\t<\/div>\n\t\t<div class=\"elementor-element elementor-element-5a13d21 e-con-full e-flex cmsmasters-block-default e-con e-child\" data-id=\"5a13d21\" data-element_type=\"container\" data-e-type=\"container\">\n\t\t\t\t<div class=\"elementor-element elementor-element-dd988a7 elementor-hidden-mobile cmsmasters-block-default cmsmasters-sticky-default elementor-widget elementor-widget-spacer\" data-id=\"dd988a7\" data-element_type=\"widget\" data-e-type=\"widget\" data-widget_type=\"spacer.default\">\n\t\t\t\t\t\t\t<div class=\"elementor-spacer\">\n\t\t\t<div class=\"elementor-spacer-inner\"><\/div>\n\t\t<\/div>\n\t\t\t\t\t\t<\/div>\n\t\t\t\t<div class=\"elementor-element elementor-element-1ad3c21 cmsmasters-block-default cmsmasters-sticky-default elementor-widget elementor-widget-text-editor\" data-id=\"1ad3c21\" data-element_type=\"widget\" data-e-type=\"widget\" data-widget_type=\"text-editor.default\">\n\t\t\t\t\t\t\t\t\t<p data-start=\"97\" data-end=\"523\">Ocurre a veces que, por una conjunci\u00f3n de circunstancias, un viaje, uno se encuentra en una isla. Se ha querido soltar amarras, hacerse a la mar y, al menos por un tiempo, cortar con el mundo. Se ha dejado atr\u00e1s el gran continente, su entramado de fronteras y redes, sus sociedades demasiado ocupadas, mezcladas, habladoras, el ruido de sus disputas incesantes. Uno se ha aislado, literalmente.<\/p><p data-start=\"525\" data-end=\"1037\">En una isla, el mundo, de pronto, adquiere proporciones conmensurables. Se vuelve posible pensar un final y un comienzo: el infinito ya no inquieta. Se olvida a Pascal y sus complejas preocupaciones de fil\u00f3sofo. Una relaci\u00f3n con nuestro propio cuerpo, tambi\u00e9n claramente delimitado en el espacio, puede por fin establecerse. Adem\u00e1s, los recursos son limitados, el agua, la comida, y se aprende a vivir de manera m\u00e1s austera. Se aprecian mejor los placeres inmediatos: el gusto y el color de las cosas. Todo ello hace que se duerma un sue\u00f1o profundo y tranquilo.<\/p>\t\t\t\t\t\t\t\t<\/div>\n\t\t\t\t<div class=\"elementor-element elementor-element-a113226 cmsmasters-block-default cmsmasters-sticky-default elementor-widget elementor-widget-image\" data-id=\"a113226\" data-element_type=\"widget\" data-e-type=\"widget\" data-widget_type=\"image.default\">\n\t\t\t\t\t\t\t\t\t\t\t\t<figure class=\"wp-caption\">\n\t\t\t\t\t\t\t\t\t\t<img decoding=\"async\" width=\"1024\" height=\"683\" src=\"https:\/\/galeriehugodufon.com\/wp-content\/uploads\/2026\/03\/Adrien-Thibault-Iota-Studio-2026-Grande-2-Grande-1024x683.jpeg\" class=\"attachment-large size-large wp-image-42334\" alt=\"\" srcset=\"https:\/\/galeriehugodufon.com\/wp-content\/uploads\/2026\/03\/Adrien-Thibault-Iota-Studio-2026-Grande-2-Grande-1024x683.jpeg 1024w, https:\/\/galeriehugodufon.com\/wp-content\/uploads\/2026\/03\/Adrien-Thibault-Iota-Studio-2026-Grande-2-Grande-300x200.jpeg 300w, https:\/\/galeriehugodufon.com\/wp-content\/uploads\/2026\/03\/Adrien-Thibault-Iota-Studio-2026-Grande-2-Grande-768x512.jpeg 768w, https:\/\/galeriehugodufon.com\/wp-content\/uploads\/2026\/03\/Adrien-Thibault-Iota-Studio-2026-Grande-2-Grande-18x12.jpeg 18w, https:\/\/galeriehugodufon.com\/wp-content\/uploads\/2026\/03\/Adrien-Thibault-Iota-Studio-2026-Grande-2-Grande-450x300.jpeg 450w, https:\/\/galeriehugodufon.com\/wp-content\/uploads\/2026\/03\/Adrien-Thibault-Iota-Studio-2026-Grande-2-Grande-600x400.jpeg 600w, https:\/\/galeriehugodufon.com\/wp-content\/uploads\/2026\/03\/Adrien-Thibault-Iota-Studio-2026-Grande-2-Grande.jpeg 1280w\" sizes=\"(max-width: 1024px) 100vw, 1024px\" \/>\t\t\t\t\t\t\t\t\t\t\t<figcaption class=\"widget-image-caption wp-caption-text\">\u00a9 Adrien Thibault &amp; Iota Studios, 2026<\/figcaption>\n\t\t\t\t\t\t\t\t\t\t<\/figure>\n\t\t\t\t\t\t\t\t\t<\/div>\n\t\t\t\t<div class=\"elementor-element elementor-element-0864d5b cmsmasters-block-default cmsmasters-sticky-default elementor-widget elementor-widget-text-editor\" data-id=\"0864d5b\" data-element_type=\"widget\" data-e-type=\"widget\" data-widget_type=\"text-editor.default\">\n\t\t\t\t\t\t\t\t\t<p data-start=\"1874\" data-end=\"2258\">Evidentemente, hay islas tan peque\u00f1as que se puede abarcar toda su circunferencia de un solo vistazo. El Mont-Saint-Michel, por ejemplo, de alguna manera, cuando sube la marea. El Pan de Az\u00facar, la \u00cele aux B\u00e9nitiers, en alg\u00fan lugar del oc\u00e9ano \u00cdndico. Otras, por el contrario, son tan grandes que incluso se olvida que son islas: C\u00f3rcega o Sicilia, La Reuni\u00f3n o Hong Kong. Basta con tomar un poco de altura, un edificio, una colina, y enseguida aparece el mar, la frontera tranquilizadora que traza en el horizonte. Se puede ver el sol salir y ponerse, todo su recorrido en el cielo. Otras, en fin, solo son islas de nombre: Rhode Island, en Estados Unidos, no lo es en el sentido geogr\u00e1fico del t\u00e9rmino, como tampoco lo es esa \u201cNueva\u201d Inglaterra donde se encuentra. Pero poco importa.<\/p><p data-start=\"1874\" data-end=\"2258\">Y el esp\u00edritu de los habitantes de una isla, es l\u00f3gico, tiene algo de \u201cinsular\u201d. Es decir, est\u00e1 marcado por una preocupaci\u00f3n por la independencia, cierto car\u00e1cter hura\u00f1o. Un rasgo muy particular lo distingue del de los habitantes del continente, y generalmente quieren que se sepa. Eso no les impide en absoluto ser acogedores. Simplemente saben qui\u00e9nes son. Conocen sus l\u00edmites.<\/p><p data-start=\"2260\" data-end=\"2608\">A su vez, podr\u00eda decirse que all\u00ed donde se encuentra esta sabidur\u00eda, toda cosa, toda idea, todo lugar o todo tiempo marcado por ese esp\u00edritu tiene derecho a ser considerado como una isla. Un espacio de aislamiento, un refugio finalmente a la medida de ese yo que busca reencontrar un camino que le convenga en el inmenso universo, un marco m\u00e1s definido donde pueda desplegarse.<\/p>\t\t\t\t\t\t\t\t<\/div>\n\t\t\t\t<div class=\"elementor-element elementor-element-c6cffce cmsmasters-block-default cmsmasters-sticky-default elementor-widget elementor-widget-image\" data-id=\"c6cffce\" data-element_type=\"widget\" data-e-type=\"widget\" data-widget_type=\"image.default\">\n\t\t\t\t\t\t\t\t\t\t\t\t<figure class=\"wp-caption\">\n\t\t\t\t\t\t\t\t\t\t<img decoding=\"async\" width=\"986\" height=\"1024\" src=\"https:\/\/galeriehugodufon.com\/wp-content\/uploads\/2026\/03\/Adrien-Thibault-Iota-Studio-2026-2-Grande-986x1024.jpeg\" class=\"attachment-large size-large wp-image-42335\" alt=\"\" srcset=\"https:\/\/galeriehugodufon.com\/wp-content\/uploads\/2026\/03\/Adrien-Thibault-Iota-Studio-2026-2-Grande-986x1024.jpeg 986w, https:\/\/galeriehugodufon.com\/wp-content\/uploads\/2026\/03\/Adrien-Thibault-Iota-Studio-2026-2-Grande-289x300.jpeg 289w, https:\/\/galeriehugodufon.com\/wp-content\/uploads\/2026\/03\/Adrien-Thibault-Iota-Studio-2026-2-Grande-768x797.jpeg 768w, https:\/\/galeriehugodufon.com\/wp-content\/uploads\/2026\/03\/Adrien-Thibault-Iota-Studio-2026-2-Grande-12x12.jpeg 12w, https:\/\/galeriehugodufon.com\/wp-content\/uploads\/2026\/03\/Adrien-Thibault-Iota-Studio-2026-2-Grande-600x623.jpeg 600w, https:\/\/galeriehugodufon.com\/wp-content\/uploads\/2026\/03\/Adrien-Thibault-Iota-Studio-2026-2-Grande.jpeg 1233w\" sizes=\"(max-width: 986px) 100vw, 986px\" \/>\t\t\t\t\t\t\t\t\t\t\t<figcaption class=\"widget-image-caption wp-caption-text\">\u00a9 Adrien Thibault &amp; Iota Studios, 2026<\/figcaption>\n\t\t\t\t\t\t\t\t\t\t<\/figure>\n\t\t\t\t\t\t\t\t\t<\/div>\n\t\t\t\t<div class=\"elementor-element elementor-element-1d18b5b cmsmasters-block-default cmsmasters-sticky-default elementor-widget elementor-widget-text-editor\" data-id=\"1d18b5b\" data-element_type=\"widget\" data-e-type=\"widget\" data-widget_type=\"text-editor.default\">\n\t\t\t\t\t\t\t\t\t<p>El taller de Lucas Talbotier, all\u00ed donde se instala, es para m\u00ed una especie de isla. En estos momentos, formidables plantas ex\u00f3ticas que cultiva en macetas conviven, junto a una gran ventana, con las altas torres del barrio de La D\u00e9fense y las extensiones minerales de la periferia parisina a sus pies. Sus peque\u00f1as telas, alineadas horizontalmente sobre el muro que da frente a este paisaje, forman a su vez un curioso archipi\u00e9lago donde los paseos, los sentimientos, todo el amor que el pintor ha conservado por los lugares y las personas, as\u00ed como por la obra de algunos artistas que lo precedieron, toman los colores y las formas de una gram\u00e1tica que \u00e9l se empe\u00f1a en precisar durante meses.<\/p><p>Es el recuerdo de una caminata en el bosque, o el calor y la sal de un ba\u00f1o en el mar. Es, en alg\u00fan lugar junto a un acantilado, una cavidad en la roca donde las olas se precipitan, hierven y estallan en mil gotas blancas. El cansancio y la excitaci\u00f3n de un viaje por \u00c1frica, la textura de pinturas rupestres que todos han olvidado; de una vida en Asia tambi\u00e9n desaparecida en los pliegues de la memoria; de un semestre en Am\u00e9rica donde hubo que aprender en ingl\u00e9s. Un sendero que es tambi\u00e9n la l\u00ednea de un cuadro de Hollander. La silueta de un \u00e1rbol que ya no es un \u00e1rbol, que no es m\u00e1s que pintura. El placer y la emoci\u00f3n desnuda que Lucas experimenta al reencontrar la huella que esos momentos y esas cosas han dejado en su vida, como bellos islotes de color.<\/p>\t\t\t\t\t\t\t\t<\/div>\n\t\t\t\t<\/div>\n\t\t\t\t\t<\/div>\n\t\t\t\t<\/div>\n\t\t<div class=\"elementor-element elementor-element-eb71818 e-flex e-con-boxed cmsmasters-block-default e-con e-parent\" data-id=\"eb71818\" data-element_type=\"container\" data-e-type=\"container\" data-settings=\"{&quot;background_background&quot;:&quot;classic&quot;}\">\n\t\t\t\t\t<div class=\"e-con-inner\">\n\t\t\t\t<div class=\"elementor-element elementor-element-f82ad2c cmsmasters-block-default cmsmasters-sticky-default elementor-widget elementor-widget-spacer\" data-id=\"f82ad2c\" data-element_type=\"widget\" data-e-type=\"widget\" data-widget_type=\"spacer.default\">\n\t\t\t\t\t\t\t<div class=\"elementor-spacer\">\n\t\t\t<div class=\"elementor-spacer-inner\"><\/div>\n\t\t<\/div>\n\t\t\t\t\t\t<\/div>\n\t\t\t\t\t<\/div>\n\t\t\t\t<\/div>\n\t\t\t\t<\/div>","protected":false},"excerpt":{"rendered":"<p>Lucas Talbotier Iles de couleur opening mid-April 2026 bogot\u00e1 text by Gr\u00e9goire Lubineau, art critic It sometimes happens, through a convergence of circumstances, a journey, that one finds oneself on an island. One has chosen to cast off, to set out to sea and, for a time at least, to cut oneself off from the&#8230;<\/p>","protected":false},"author":1,"featured_media":0,"parent":0,"menu_order":0,"comment_status":"closed","ping_status":"closed","template":"","meta":{"_acf_changed":false,"ngg_post_thumbnail":0,"footnotes":""},"class_list":["post-42663","page","type-page","status-publish","hentry"],"acf":[],"_links":{"self":[{"href":"https:\/\/galeriehugodufon.com\/es\/wp-json\/wp\/v2\/pages\/42663","targetHints":{"allow":["GET"]}}],"collection":[{"href":"https:\/\/galeriehugodufon.com\/es\/wp-json\/wp\/v2\/pages"}],"about":[{"href":"https:\/\/galeriehugodufon.com\/es\/wp-json\/wp\/v2\/types\/page"}],"author":[{"embeddable":true,"href":"https:\/\/galeriehugodufon.com\/es\/wp-json\/wp\/v2\/users\/1"}],"replies":[{"embeddable":true,"href":"https:\/\/galeriehugodufon.com\/es\/wp-json\/wp\/v2\/comments?post=42663"}],"version-history":[{"count":6,"href":"https:\/\/galeriehugodufon.com\/es\/wp-json\/wp\/v2\/pages\/42663\/revisions"}],"predecessor-version":[{"id":42747,"href":"https:\/\/galeriehugodufon.com\/es\/wp-json\/wp\/v2\/pages\/42663\/revisions\/42747"}],"wp:attachment":[{"href":"https:\/\/galeriehugodufon.com\/es\/wp-json\/wp\/v2\/media?parent=42663"}],"curies":[{"name":"wp","href":"https:\/\/api.w.org\/{rel}","templated":true}]}}