{"id":41219,"date":"2026-03-17T20:35:01","date_gmt":"2026-03-17T20:35:01","guid":{"rendered":"https:\/\/galeriehugodufon.com\/?page_id=41219"},"modified":"2026-04-07T21:34:18","modified_gmt":"2026-04-07T21:34:18","slug":"christian-sorg","status":"publish","type":"page","link":"https:\/\/galeriehugodufon.com\/es\/christian-sorg\/","title":{"rendered":"Christian Sorg"},"content":{"rendered":"<div data-elementor-type=\"wp-page\" data-elementor-id=\"41219\" class=\"elementor elementor-41219\">\n\t\t\t\t<div class=\"elementor-element elementor-element-c053be6 e-flex e-con-boxed cmsmasters-block-default e-con e-parent\" data-id=\"c053be6\" data-element_type=\"container\" data-e-type=\"container\">\n\t\t\t\t\t<div class=\"e-con-inner\">\n\t\t<div class=\"elementor-element elementor-element-781a3b5 e-con-full e-flex cmsmasters-block-default e-con e-child\" data-id=\"781a3b5\" data-element_type=\"container\" data-e-type=\"container\">\n\t\t\t\t<div class=\"elementor-element elementor-element-03b7736 cmsmasters-block-default cmsmasters-sticky-default elementor-widget elementor-widget-spacer\" data-id=\"03b7736\" data-element_type=\"widget\" data-e-type=\"widget\" data-widget_type=\"spacer.default\">\n\t\t\t\t\t\t\t<div class=\"elementor-spacer\">\n\t\t\t<div class=\"elementor-spacer-inner\"><\/div>\n\t\t<\/div>\n\t\t\t\t\t\t<\/div>\n\t\t\t\t<div class=\"elementor-element elementor-element-715dbdc cmsmasters-block-default cmsmasters-sticky-default elementor-widget elementor-widget-spacer\" data-id=\"715dbdc\" data-element_type=\"widget\" data-e-type=\"widget\" data-widget_type=\"spacer.default\">\n\t\t\t\t\t\t\t<div class=\"elementor-spacer\">\n\t\t\t<div class=\"elementor-spacer-inner\"><\/div>\n\t\t<\/div>\n\t\t\t\t\t\t<\/div>\n\t\t\t\t<div class=\"elementor-element elementor-element-f49678a elementor-hidden-tablet cmsmasters-block-default cmsmasters-sticky-default elementor-widget elementor-widget-spacer\" data-id=\"f49678a\" data-element_type=\"widget\" data-e-type=\"widget\" data-widget_type=\"spacer.default\">\n\t\t\t\t\t\t\t<div class=\"elementor-spacer\">\n\t\t\t<div class=\"elementor-spacer-inner\"><\/div>\n\t\t<\/div>\n\t\t\t\t\t\t<\/div>\n\t\t<div class=\"elementor-element elementor-element-2cb2cc7 e-con-full e-flex cmsmasters-block-default e-con e-child\" data-id=\"2cb2cc7\" data-element_type=\"container\" data-e-type=\"container\">\n\t\t\t\t<div class=\"elementor-element elementor-element-1cc936c cmsmasters-block-default cmsmasters-sticky-default elementor-widget elementor-widget-heading\" data-id=\"1cc936c\" data-element_type=\"widget\" data-e-type=\"widget\" data-widget_type=\"heading.default\">\n\t\t\t\t\t<h2 class=\"elementor-heading-title elementor-size-default\">Christian Sorg<\/h2>\t\t\t\t<\/div>\n\t\t\t\t<div class=\"elementor-element elementor-element-6b0b2d8 cmsmasters-block-default cmsmasters-sticky-default elementor-widget elementor-widget-text-editor\" data-id=\"6b0b2d8\" data-element_type=\"widget\" data-e-type=\"widget\" data-widget_type=\"text-editor.default\">\n\t\t\t\t\t\t\t\t\t<p class=\"p1\">lives and works between Paris and Vezelay<\/p><p class=\"p1\">b. 1941, France<\/p>\t\t\t\t\t\t\t\t<\/div>\n\t\t\t\t<\/div>\n\t\t\t\t<\/div>\n\t\t<div class=\"elementor-element elementor-element-8efd0c7 e-con-full e-flex cmsmasters-block-default e-con e-child\" data-id=\"8efd0c7\" data-element_type=\"container\" data-e-type=\"container\">\n\t\t\t\t<div class=\"elementor-element elementor-element-76abc99 cmsmasters-block-default cmsmasters-sticky-default elementor-widget elementor-widget-spacer\" data-id=\"76abc99\" data-element_type=\"widget\" data-e-type=\"widget\" data-widget_type=\"spacer.default\">\n\t\t\t\t\t\t\t<div class=\"elementor-spacer\">\n\t\t\t<div class=\"elementor-spacer-inner\"><\/div>\n\t\t<\/div>\n\t\t\t\t\t\t<\/div>\n\t\t\t\t<div class=\"elementor-element elementor-element-d7db8cd cmsmasters-block-default cmsmasters-sticky-default elementor-widget elementor-widget-image\" data-id=\"d7db8cd\" data-element_type=\"widget\" data-e-type=\"widget\" data-widget_type=\"image.default\">\n\t\t\t\t\t\t\t\t\t\t\t\t\t\t\t<img fetchpriority=\"high\" decoding=\"async\" width=\"1024\" height=\"711\" src=\"https:\/\/galeriehugodufon.com\/wp-content\/uploads\/2026\/03\/Dans-latelier.jpg\" class=\"attachment-large size-large wp-image-42188\" alt=\"\" srcset=\"https:\/\/galeriehugodufon.com\/wp-content\/uploads\/2026\/03\/Dans-latelier.jpg 1024w, https:\/\/galeriehugodufon.com\/wp-content\/uploads\/2026\/03\/Dans-latelier-300x208.jpg 300w, https:\/\/galeriehugodufon.com\/wp-content\/uploads\/2026\/03\/Dans-latelier-768x533.jpg 768w, https:\/\/galeriehugodufon.com\/wp-content\/uploads\/2026\/03\/Dans-latelier-18x12.jpg 18w, https:\/\/galeriehugodufon.com\/wp-content\/uploads\/2026\/03\/Dans-latelier-432x300.jpg 432w, https:\/\/galeriehugodufon.com\/wp-content\/uploads\/2026\/03\/Dans-latelier-600x417.jpg 600w\" sizes=\"(max-width: 1024px) 100vw, 1024px\" \/>\t\t\t\t\t\t\t\t\t\t\t\t\t\t\t<\/div>\n\t\t\t\t<div class=\"elementor-element elementor-element-a6976a8 cmsmasters-block-default cmsmasters-sticky-default elementor-widget elementor-widget-spacer\" data-id=\"a6976a8\" data-element_type=\"widget\" data-e-type=\"widget\" data-widget_type=\"spacer.default\">\n\t\t\t\t\t\t\t<div class=\"elementor-spacer\">\n\t\t\t<div class=\"elementor-spacer-inner\"><\/div>\n\t\t<\/div>\n\t\t\t\t\t\t<\/div>\n\t\t\t\t<\/div>\n\t\t\t\t\t<\/div>\n\t\t\t\t<\/div>\n\t\t<div class=\"elementor-element elementor-element-99227d7 e-flex e-con-boxed cmsmasters-block-default e-con e-parent\" data-id=\"99227d7\" data-element_type=\"container\" data-e-type=\"container\" data-settings=\"{&quot;background_background&quot;:&quot;classic&quot;}\">\n\t\t\t\t\t<div class=\"e-con-inner\">\n\t\t<div class=\"elementor-element elementor-element-2097d81 e-con-full e-flex cmsmasters-block-default e-con e-child\" data-id=\"2097d81\" data-element_type=\"container\" data-e-type=\"container\">\n\t\t\t\t<div class=\"elementor-element elementor-element-469e5b8 elementor-hidden-mobile cmsmasters-block-default cmsmasters-sticky-default elementor-widget elementor-widget-spacer\" data-id=\"469e5b8\" data-element_type=\"widget\" data-e-type=\"widget\" data-widget_type=\"spacer.default\">\n\t\t\t\t\t\t\t<div class=\"elementor-spacer\">\n\t\t\t<div class=\"elementor-spacer-inner\"><\/div>\n\t\t<\/div>\n\t\t\t\t\t\t<\/div>\n\t\t\t\t<div class=\"elementor-element elementor-element-094dc82 elementor-hidden-widescreen elementor-hidden-desktop elementor-hidden-tablet cmsmasters-block-default cmsmasters-sticky-default elementor-widget elementor-widget-spacer\" data-id=\"094dc82\" data-element_type=\"widget\" data-e-type=\"widget\" data-widget_type=\"spacer.default\">\n\t\t\t\t\t\t\t<div class=\"elementor-spacer\">\n\t\t\t<div class=\"elementor-spacer-inner\"><\/div>\n\t\t<\/div>\n\t\t\t\t\t\t<\/div>\n\t\t\t\t<div class=\"elementor-element elementor-element-335326d cmsmasters-block-default cmsmasters-sticky-default elementor-widget elementor-widget-heading\" data-id=\"335326d\" data-element_type=\"widget\" data-e-type=\"widget\" data-widget_type=\"heading.default\">\n\t\t\t\t\t<h2 class=\"elementor-heading-title elementor-size-default\">biography<\/h2>\t\t\t\t<\/div>\n\t\t\t\t<div class=\"elementor-element elementor-element-25a377f cmsmasters-block-default cmsmasters-sticky-default elementor-widget elementor-widget-spacer\" data-id=\"25a377f\" data-element_type=\"widget\" data-e-type=\"widget\" data-widget_type=\"spacer.default\">\n\t\t\t\t\t\t\t<div class=\"elementor-spacer\">\n\t\t\t<div class=\"elementor-spacer-inner\"><\/div>\n\t\t<\/div>\n\t\t\t\t\t\t<\/div>\n\t\t\t\t<\/div>\n\t\t<div class=\"elementor-element elementor-element-3049a48 e-con-full e-flex cmsmasters-block-default e-con e-child\" data-id=\"3049a48\" data-element_type=\"container\" data-e-type=\"container\">\n\t\t\t\t<div class=\"elementor-element elementor-element-1b85a81 elementor-hidden-mobile cmsmasters-block-default cmsmasters-sticky-default elementor-widget elementor-widget-spacer\" data-id=\"1b85a81\" data-element_type=\"widget\" data-e-type=\"widget\" data-widget_type=\"spacer.default\">\n\t\t\t\t\t\t\t<div class=\"elementor-spacer\">\n\t\t\t<div class=\"elementor-spacer-inner\"><\/div>\n\t\t<\/div>\n\t\t\t\t\t\t<\/div>\n\t\t\t\t<div class=\"elementor-element elementor-element-67994ae cmsmasters-block-default cmsmasters-sticky-default elementor-widget elementor-widget-text-editor\" data-id=\"67994ae\" data-element_type=\"widget\" data-e-type=\"widget\" data-widget_type=\"text-editor.default\">\n\t\t\t\t\t\t\t\t\t<p>Christian Sorg desarrolla un lenguaje pict\u00f3rico singular, situado en el umbral entre la abstracci\u00f3n y la experiencia vivida. Su pintura no busca representar el mundo, sino restituir su presencia a trav\u00e9s del gesto, la huella y la intensidad inmediata de la percepci\u00f3n. En su obra, la pintura es a la vez sujeto y proceso, una investigaci\u00f3n constante en la que cada obra aparece como una conquista renovada, siempre abierta, nunca definitivamente resuelta.<\/p>\t\t\t\t\t\t\t\t<\/div>\n\t\t\t\t<div class=\"elementor-element elementor-element-a7584a5 cmsmasters-block-default cmsmasters-sticky-default elementor-widget elementor-widget-n-accordion\" data-id=\"a7584a5\" data-element_type=\"widget\" data-e-type=\"widget\" data-settings=\"{&quot;default_state&quot;:&quot;all_collapsed&quot;,&quot;max_items_expended&quot;:&quot;one&quot;,&quot;n_accordion_animation_duration&quot;:{&quot;unit&quot;:&quot;ms&quot;,&quot;size&quot;:400,&quot;sizes&quot;:[]}}\" data-widget_type=\"nested-accordion.default\">\n\t\t\t\t\t\t\t<div class=\"e-n-accordion\" aria-label=\"Accordion. Open links with Enter or Space, close with Escape, and navigate with Arrow Keys\">\n\t\t\t\t\t\t<details id=\"e-n-accordion-item-1750\" class=\"e-n-accordion-item\" >\n\t\t\t\t<summary class=\"e-n-accordion-item-title\" data-accordion-index=\"1\" tabindex=\"0\" aria-expanded=\"false\" aria-controls=\"e-n-accordion-item-1750\" >\n\t\t\t\t\t<span class='e-n-accordion-item-title-header'><div class=\"e-n-accordion-item-title-text\"> &gt; read full biography <\/div><\/span>\n\t\t\t\t\t\t\t\t\t<\/summary>\n\t\t\t\t<div role=\"region\" aria-labelledby=\"e-n-accordion-item-1750\" class=\"elementor-element elementor-element-e0e1234 e-con-full e-flex cmsmasters-block-default e-con e-child\" data-id=\"e0e1234\" data-element_type=\"container\" data-e-type=\"container\">\n\t\t\t\t<div class=\"elementor-element elementor-element-0fc9edd cmsmasters-block-default cmsmasters-sticky-default elementor-widget elementor-widget-spacer\" data-id=\"0fc9edd\" data-element_type=\"widget\" data-e-type=\"widget\" data-widget_type=\"spacer.default\">\n\t\t\t\t\t\t\t<div class=\"elementor-spacer\">\n\t\t\t<div class=\"elementor-spacer-inner\"><\/div>\n\t\t<\/div>\n\t\t\t\t\t\t<\/div>\n\t\t\t\t<div class=\"elementor-element elementor-element-4d69780 cmsmasters-block-default cmsmasters-sticky-default elementor-widget elementor-widget-text-editor\" data-id=\"4d69780\" data-element_type=\"widget\" data-e-type=\"widget\" data-widget_type=\"text-editor.default\">\n\t\t\t\t\t\t\t\t\t<p>Christian Sorg no es ni un pintor figurativo, ni un representante de la abstracci\u00f3n pura, ni tampoco un pintor formalista. Su obra se construye en un espacio de tensi\u00f3n entre estos diferentes registros. A partir de su experiencia inicial de la figuraci\u00f3n, obras de juventud, paisajes, naturalezas muertas, as\u00ed como de su compromiso con la abstracci\u00f3n desde los a\u00f1os setenta, a trav\u00e9s de grandes collages y campos de color, accede progresivamente a una mayor libertad pict\u00f3rica. Esta trayectoria sostiene una investigaci\u00f3n continua, en la que no deja de cuestionar su relaci\u00f3n personal con la pintura en conexi\u00f3n directa con la realidad.<\/p><p class=\"translation-block\">Desde muy temprano, su obra fue reconocida en la escena art\u00edstica francesa. Particip\u00f3, entre otras exposiciones, en Travaux Paris 77 en el Mus\u00e9e d\u2019Art moderne de la Ville de Paris, seguido de la exposici\u00f3n Tendances de l\u2019Art en France en 1979, en el marco curatorial de Marcelin Pleynet.<\/p><p data-start=\"1444\" data-end=\"1646\">Su pr\u00e1ctica se basa en una libertad total de acci\u00f3n, donde el gesto, a veces nervioso e incisivo, otras m\u00e1s suave y contenido, estructura el espacio pict\u00f3rico y activa sus l\u00edneas de fuerza.<\/p><p data-start=\"1648\" data-end=\"2186\">Desde principios de los a\u00f1os noventa, su obra ha estado profundamente marcada por sus estancias en Arag\u00f3n, as\u00ed como por su proximidad a sitios prehist\u00f3ricos como los del Levante y Arcy-sur-Cure. Estas experiencias dan lugar a una forma de caligraf\u00eda pict\u00f3rica mediante la cual traduce el impacto f\u00edsico y emocional de los paisajes, de las huellas antiguas y de las fuerzas elementales. Su pintura resuena as\u00ed con los primeros gestos de la humanidad, permaneciendo anclada en la experiencia vivida, entre la fragilidad del mundo y la intensidad fugaz de la vida.<\/p><p data-start=\"2188\" data-end=\"2452\">No se trata de abstracciones en sentido estricto, sino de percepciones condensadas, cosas vistas, sentidas y luego reactivadas a trav\u00e9s de la pintura. La obra oscila entre construcci\u00f3n y ruptura, continuidad y disonancia, dando lugar a un equilibrio vibrante e inestable.<\/p><p data-start=\"2454\" data-end=\"2857\">De Francia, Par\u00eds y V\u00e9zelay, a Espa\u00f1a, Calaceite en Arag\u00f3n, Christian Sorg mantiene una relaci\u00f3n estrecha, casi f\u00edsica, con los territorios que habita. Los contrastes entre estos entornos, tierras \u00e1ridas y paisajes m\u00e1s sensuales, alimentan su paleta, sus ritmos y su relaci\u00f3n con el espacio. La naturaleza, en su dimensi\u00f3n m\u00e1s inmediata, sigue siendo una fuente esencial de energ\u00eda e inspiraci\u00f3n.<\/p><p data-start=\"2859\" data-end=\"3304\">Christian Sorg, nacido en Par\u00eds en 1941, es un pintor franc\u00e9s que vive y trabaja en Francia. Su formaci\u00f3n comenz\u00f3 en artes aplicadas, donde eligi\u00f3 el taller de escultura. Continu\u00f3 sus estudios en la \u00c9cole nationale sup\u00e9rieure des Beaux-Arts de Par\u00eds, donde desarroll\u00f3 su relaci\u00f3n con la pintura. A lo largo de los a\u00f1os, Christian Sorg ha creado un lenguaje pict\u00f3rico propio, en el que ha desarrollado su m\u00e9todo de apropiaci\u00f3n de lo real.<\/p><p data-start=\"3306\" data-end=\"4392\">Sus obras est\u00e1n presentes en las colecciones del Mus\u00e9e d\u2019Art moderne de la Ville de Paris, el Mus\u00e9e d\u2019art moderne de Saint-\u00c9tienne, el Mus\u00e9e national d\u2019Art moderne, Centre Georges Pompidou, Les Abattoirs de Toulouse, el Mus\u00e9e des Beaux-Arts de Nantes, el Mus\u00e9e des Beaux-Arts de Rouen, el Mus\u00e9e-Galerie Carnot de Villeneuve-sur-Yonne, el Mus\u00e9e de Sens, el Mus\u00e9e de Soissons, el Mus\u00e9e de la Vall\u00e9e de la Creuse en \u00c9guzon-Chant\u00f4me, la Biblioth\u00e8que nationale de France, as\u00ed como en bibliotecas y artotecas de Avallon, Bayeux y Riom, y en colecciones corporativas como BNP y Worms. Su obra tambi\u00e9n forma parte del Mus\u00e9e d\u2019Art et d\u2019Histoire de Ginebra, el Institut fran\u00e7ais de Barcelona, el Museo de Calaceite en Teruel, el Museo del Dibujo en Huesca, el Museo Provincial de Teruel, el Museo Goya y el Museo Pablo Serrano en Zaragoza, as\u00ed como de las fundaciones Zervos, Colas y No\u00e9sis en Espa\u00f1a, MATMUT y la Fundaci\u00f3n Bouvet Ladubay en Saumur. Asimismo, obras del artista se conservan en los FRAC Alsace, Haute-Normandie, Midi-Pyr\u00e9n\u00e9es y en el FNAC de Par\u00eds.<\/p>\t\t\t\t\t\t\t\t<\/div>\n\t\t\t\t<\/div>\n\t\t\t\t\t<\/details>\n\t\t\t\t\t<\/div>\n\t\t\t\t\t\t<\/div>\n\t\t\t\t<div class=\"elementor-element elementor-element-41cf1fc elementor-hidden-mobile cmsmasters-block-default cmsmasters-sticky-default elementor-widget elementor-widget-spacer\" data-id=\"41cf1fc\" data-element_type=\"widget\" data-e-type=\"widget\" data-widget_type=\"spacer.default\">\n\t\t\t\t\t\t\t<div class=\"elementor-spacer\">\n\t\t\t<div class=\"elementor-spacer-inner\"><\/div>\n\t\t<\/div>\n\t\t\t\t\t\t<\/div>\n\t\t\t\t<\/div>\n\t\t\t\t\t<\/div>\n\t\t\t\t<\/div>\n\t\t<div class=\"elementor-element elementor-element-aeb694a e-flex e-con-boxed cmsmasters-block-default e-con e-parent\" data-id=\"aeb694a\" data-element_type=\"container\" data-e-type=\"container\" data-settings=\"{&quot;background_background&quot;:&quot;classic&quot;}\">\n\t\t\t\t\t<div class=\"e-con-inner\">\n\t\t<div class=\"elementor-element elementor-element-5d8a147 e-con-full e-flex cmsmasters-block-default e-con e-child\" data-id=\"5d8a147\" data-element_type=\"container\" data-e-type=\"container\">\n\t\t\t\t<div class=\"elementor-element elementor-element-fcc8869 cmsmasters-block-default cmsmasters-sticky-default elementor-widget elementor-widget-spacer\" data-id=\"fcc8869\" data-element_type=\"widget\" data-e-type=\"widget\" data-widget_type=\"spacer.default\">\n\t\t\t\t\t\t\t<div class=\"elementor-spacer\">\n\t\t\t<div class=\"elementor-spacer-inner\"><\/div>\n\t\t<\/div>\n\t\t\t\t\t\t<\/div>\n\t\t\t\t<div class=\"elementor-element elementor-element-2b72e91 cmsmasters-block-default cmsmasters-sticky-default elementor-widget elementor-widget-heading\" data-id=\"2b72e91\" data-element_type=\"widget\" data-e-type=\"widget\" data-widget_type=\"heading.default\">\n\t\t\t\t\t<h2 class=\"elementor-heading-title elementor-size-default\">selected artworks<\/h2>\t\t\t\t<\/div>\n\t\t\t\t<\/div>\n\t\t<div class=\"elementor-element elementor-element-f44b878 e-con-full e-flex cmsmasters-block-default e-con e-child\" data-id=\"f44b878\" data-element_type=\"container\" data-e-type=\"container\">\n\t\t\t\t<div class=\"elementor-element elementor-element-5d5cef2 cmsmasters-block-default cmsmasters-sticky-default elementor-widget elementor-widget-spacer\" data-id=\"5d5cef2\" data-element_type=\"widget\" data-e-type=\"widget\" data-widget_type=\"spacer.default\">\n\t\t\t\t\t\t\t<div class=\"elementor-spacer\">\n\t\t\t<div class=\"elementor-spacer-inner\"><\/div>\n\t\t<\/div>\n\t\t\t\t\t\t<\/div>\n\t\t\t\t<div class=\"elementor-element elementor-element-c2ba72e cmsmasters-block-default cmsmasters-sticky-default elementor-widget elementor-widget-shortcode\" data-id=\"c2ba72e\" data-element_type=\"widget\" data-e-type=\"widget\" data-widget_type=\"shortcode.default\">\n\t\t\t\t\t\t\t<div class=\"elementor-shortcode\"><p>Aucun profil d\u00e9tect\u00e9.<\/p><\/div>\n\t\t\t\t\t\t<\/div>\n\t\t\t\t<div class=\"elementor-element elementor-element-f352b0e cmsmasters-block-default cmsmasters-sticky-default elementor-widget elementor-widget-spacer\" data-id=\"f352b0e\" data-element_type=\"widget\" data-e-type=\"widget\" data-widget_type=\"spacer.default\">\n\t\t\t\t\t\t\t<div class=\"elementor-spacer\">\n\t\t\t<div class=\"elementor-spacer-inner\"><\/div>\n\t\t<\/div>\n\t\t\t\t\t\t<\/div>\n\t\t\t\t<\/div>\n\t\t\t\t\t<\/div>\n\t\t\t\t<\/div>\n\t\t\t\t<\/div>","protected":false},"excerpt":{"rendered":"<p>Christian Sorg lives and works between Paris and Vezelay b. 1941, France biography Christian Sorg develops a singular pictorial language, situated at the threshold between abstraction and lived experience. His painting does not seek to represent the world, but to convey its presence through gesture, trace, and the immediate intensity of perception. For him, painting&#8230;<\/p>","protected":false},"author":1,"featured_media":0,"parent":0,"menu_order":0,"comment_status":"closed","ping_status":"closed","template":"","meta":{"_acf_changed":false,"ngg_post_thumbnail":0,"footnotes":""},"class_list":["post-41219","page","type-page","status-publish","hentry"],"acf":[],"_links":{"self":[{"href":"https:\/\/galeriehugodufon.com\/es\/wp-json\/wp\/v2\/pages\/41219","targetHints":{"allow":["GET"]}}],"collection":[{"href":"https:\/\/galeriehugodufon.com\/es\/wp-json\/wp\/v2\/pages"}],"about":[{"href":"https:\/\/galeriehugodufon.com\/es\/wp-json\/wp\/v2\/types\/page"}],"author":[{"embeddable":true,"href":"https:\/\/galeriehugodufon.com\/es\/wp-json\/wp\/v2\/users\/1"}],"replies":[{"embeddable":true,"href":"https:\/\/galeriehugodufon.com\/es\/wp-json\/wp\/v2\/comments?post=41219"}],"version-history":[{"count":67,"href":"https:\/\/galeriehugodufon.com\/es\/wp-json\/wp\/v2\/pages\/41219\/revisions"}],"predecessor-version":[{"id":42810,"href":"https:\/\/galeriehugodufon.com\/es\/wp-json\/wp\/v2\/pages\/41219\/revisions\/42810"}],"wp:attachment":[{"href":"https:\/\/galeriehugodufon.com\/es\/wp-json\/wp\/v2\/media?parent=41219"}],"curies":[{"name":"wp","href":"https:\/\/api.w.org\/{rel}","templated":true}]}}