{"id":41210,"date":"2026-03-17T20:27:40","date_gmt":"2026-03-17T20:27:40","guid":{"rendered":"https:\/\/galeriehugodufon.com\/?page_id=41210"},"modified":"2026-04-07T21:55:20","modified_gmt":"2026-04-07T21:55:20","slug":"ted-larsen","status":"publish","type":"page","link":"https:\/\/galeriehugodufon.com\/es\/ted-larsen\/","title":{"rendered":"Ted Larsen"},"content":{"rendered":"<div data-elementor-type=\"wp-page\" data-elementor-id=\"41210\" class=\"elementor elementor-41210\">\n\t\t\t\t<div class=\"elementor-element elementor-element-c892c34 e-flex e-con-boxed cmsmasters-block-default e-con e-parent\" data-id=\"c892c34\" data-element_type=\"container\" data-e-type=\"container\">\n\t\t\t\t\t<div class=\"e-con-inner\">\n\t\t<div class=\"elementor-element elementor-element-1d76d61 e-con-full e-flex cmsmasters-block-default e-con e-child\" data-id=\"1d76d61\" data-element_type=\"container\" data-e-type=\"container\">\n\t\t\t\t<div class=\"elementor-element elementor-element-059591a cmsmasters-block-default cmsmasters-sticky-default elementor-widget elementor-widget-spacer\" data-id=\"059591a\" data-element_type=\"widget\" data-e-type=\"widget\" data-widget_type=\"spacer.default\">\n\t\t\t\t\t\t\t<div class=\"elementor-spacer\">\n\t\t\t<div class=\"elementor-spacer-inner\"><\/div>\n\t\t<\/div>\n\t\t\t\t\t\t<\/div>\n\t\t\t\t<div class=\"elementor-element elementor-element-c3ac97b elementor-hidden-mobile cmsmasters-block-default cmsmasters-sticky-default elementor-widget elementor-widget-spacer\" data-id=\"c3ac97b\" data-element_type=\"widget\" data-e-type=\"widget\" data-widget_type=\"spacer.default\">\n\t\t\t\t\t\t\t<div class=\"elementor-spacer\">\n\t\t\t<div class=\"elementor-spacer-inner\"><\/div>\n\t\t<\/div>\n\t\t\t\t\t\t<\/div>\n\t\t\t\t<div class=\"elementor-element elementor-element-024c364 cmsmasters-block-default cmsmasters-sticky-default elementor-widget elementor-widget-spacer\" data-id=\"024c364\" data-element_type=\"widget\" data-e-type=\"widget\" data-widget_type=\"spacer.default\">\n\t\t\t\t\t\t\t<div class=\"elementor-spacer\">\n\t\t\t<div class=\"elementor-spacer-inner\"><\/div>\n\t\t<\/div>\n\t\t\t\t\t\t<\/div>\n\t\t\t\t<div class=\"elementor-element elementor-element-9ea70b4 elementor-hidden-mobile cmsmasters-block-default cmsmasters-sticky-default elementor-widget elementor-widget-spacer\" data-id=\"9ea70b4\" data-element_type=\"widget\" data-e-type=\"widget\" data-widget_type=\"spacer.default\">\n\t\t\t\t\t\t\t<div class=\"elementor-spacer\">\n\t\t\t<div class=\"elementor-spacer-inner\"><\/div>\n\t\t<\/div>\n\t\t\t\t\t\t<\/div>\n\t\t<div class=\"elementor-element elementor-element-a0fb3c6 e-con-full e-flex cmsmasters-block-default e-con e-child\" data-id=\"a0fb3c6\" data-element_type=\"container\" data-e-type=\"container\">\n\t\t\t\t<div class=\"elementor-element elementor-element-6c60d5e cmsmasters-block-default cmsmasters-sticky-default elementor-widget elementor-widget-heading\" data-id=\"6c60d5e\" data-element_type=\"widget\" data-e-type=\"widget\" data-widget_type=\"heading.default\">\n\t\t\t\t\t<h2 class=\"elementor-heading-title elementor-size-default\">Ted Larsen<\/h2>\t\t\t\t<\/div>\n\t\t\t\t<div class=\"elementor-element elementor-element-1bb6f0e cmsmasters-block-default cmsmasters-sticky-default elementor-widget elementor-widget-text-editor\" data-id=\"1bb6f0e\" data-element_type=\"widget\" data-e-type=\"widget\" data-widget_type=\"text-editor.default\">\n\t\t\t\t\t\t\t\t\t<p class=\"p1\">lives and works in Santa Fe<\/p><p class=\"p1\">b. 1964, USA<\/p>\t\t\t\t\t\t\t\t<\/div>\n\t\t\t\t<\/div>\n\t\t\t\t<\/div>\n\t\t<div class=\"elementor-element elementor-element-2b4a7cf e-con-full e-flex cmsmasters-block-default e-con e-child\" data-id=\"2b4a7cf\" data-element_type=\"container\" data-e-type=\"container\">\n\t\t\t\t<div class=\"elementor-element elementor-element-42fafaa cmsmasters-block-default cmsmasters-sticky-default elementor-widget elementor-widget-spacer\" data-id=\"42fafaa\" data-element_type=\"widget\" data-e-type=\"widget\" data-widget_type=\"spacer.default\">\n\t\t\t\t\t\t\t<div class=\"elementor-spacer\">\n\t\t\t<div class=\"elementor-spacer-inner\"><\/div>\n\t\t<\/div>\n\t\t\t\t\t\t<\/div>\n\t\t\t\t<div class=\"elementor-element elementor-element-fdf6163 cmsmasters-block-default cmsmasters-sticky-default elementor-widget elementor-widget-image\" data-id=\"fdf6163\" data-element_type=\"widget\" data-e-type=\"widget\" data-widget_type=\"image.default\">\n\t\t\t\t\t\t\t\t\t\t\t\t\t\t\t<img fetchpriority=\"high\" decoding=\"async\" width=\"782\" height=\"1024\" src=\"https:\/\/galeriehugodufon.com\/wp-content\/uploads\/2026\/03\/IMG_3901-782x1024.jpg\" class=\"attachment-large size-large wp-image-42259\" alt=\"\" srcset=\"https:\/\/galeriehugodufon.com\/wp-content\/uploads\/2026\/03\/IMG_3901-782x1024.jpg 782w, https:\/\/galeriehugodufon.com\/wp-content\/uploads\/2026\/03\/IMG_3901-229x300.jpg 229w, https:\/\/galeriehugodufon.com\/wp-content\/uploads\/2026\/03\/IMG_3901-768x1006.jpg 768w, https:\/\/galeriehugodufon.com\/wp-content\/uploads\/2026\/03\/IMG_3901-1173x1536.jpg 1173w, https:\/\/galeriehugodufon.com\/wp-content\/uploads\/2026\/03\/IMG_3901-1564x2048.jpg 1564w, https:\/\/galeriehugodufon.com\/wp-content\/uploads\/2026\/03\/IMG_3901-9x12.jpg 9w, https:\/\/galeriehugodufon.com\/wp-content\/uploads\/2026\/03\/IMG_3901-600x786.jpg 600w, https:\/\/galeriehugodufon.com\/wp-content\/uploads\/2026\/03\/IMG_3901-scaled.jpg 1955w\" sizes=\"(max-width: 782px) 100vw, 782px\" \/>\t\t\t\t\t\t\t\t\t\t\t\t\t\t\t<\/div>\n\t\t\t\t<div class=\"elementor-element elementor-element-5b6034c cmsmasters-block-default cmsmasters-sticky-default elementor-widget elementor-widget-spacer\" data-id=\"5b6034c\" data-element_type=\"widget\" data-e-type=\"widget\" data-widget_type=\"spacer.default\">\n\t\t\t\t\t\t\t<div class=\"elementor-spacer\">\n\t\t\t<div class=\"elementor-spacer-inner\"><\/div>\n\t\t<\/div>\n\t\t\t\t\t\t<\/div>\n\t\t\t\t<\/div>\n\t\t\t\t\t<\/div>\n\t\t\t\t<\/div>\n\t\t<div class=\"elementor-element elementor-element-7c8da6c e-flex e-con-boxed cmsmasters-block-default e-con e-parent\" data-id=\"7c8da6c\" data-element_type=\"container\" data-e-type=\"container\" data-settings=\"{&quot;background_background&quot;:&quot;classic&quot;}\">\n\t\t\t\t\t<div class=\"e-con-inner\">\n\t\t<div class=\"elementor-element elementor-element-80b6d12 e-con-full e-flex cmsmasters-block-default e-con e-child\" data-id=\"80b6d12\" data-element_type=\"container\" data-e-type=\"container\">\n\t\t\t\t<div class=\"elementor-element elementor-element-d5b16c5 elementor-hidden-mobile cmsmasters-block-default cmsmasters-sticky-default elementor-widget elementor-widget-spacer\" data-id=\"d5b16c5\" data-element_type=\"widget\" data-e-type=\"widget\" data-widget_type=\"spacer.default\">\n\t\t\t\t\t\t\t<div class=\"elementor-spacer\">\n\t\t\t<div class=\"elementor-spacer-inner\"><\/div>\n\t\t<\/div>\n\t\t\t\t\t\t<\/div>\n\t\t\t\t<div class=\"elementor-element elementor-element-3a8efbc elementor-hidden-widescreen elementor-hidden-desktop elementor-hidden-tablet cmsmasters-block-default cmsmasters-sticky-default elementor-widget elementor-widget-spacer\" data-id=\"3a8efbc\" data-element_type=\"widget\" data-e-type=\"widget\" data-widget_type=\"spacer.default\">\n\t\t\t\t\t\t\t<div class=\"elementor-spacer\">\n\t\t\t<div class=\"elementor-spacer-inner\"><\/div>\n\t\t<\/div>\n\t\t\t\t\t\t<\/div>\n\t\t\t\t<div class=\"elementor-element elementor-element-d5fbfd2 cmsmasters-block-default cmsmasters-sticky-default elementor-widget elementor-widget-heading\" data-id=\"d5fbfd2\" data-element_type=\"widget\" data-e-type=\"widget\" data-widget_type=\"heading.default\">\n\t\t\t\t\t<h2 class=\"elementor-heading-title elementor-size-default\">biography<\/h2>\t\t\t\t<\/div>\n\t\t\t\t<div class=\"elementor-element elementor-element-96c0340 cmsmasters-block-default cmsmasters-sticky-default elementor-widget elementor-widget-spacer\" data-id=\"96c0340\" data-element_type=\"widget\" data-e-type=\"widget\" data-widget_type=\"spacer.default\">\n\t\t\t\t\t\t\t<div class=\"elementor-spacer\">\n\t\t\t<div class=\"elementor-spacer-inner\"><\/div>\n\t\t<\/div>\n\t\t\t\t\t\t<\/div>\n\t\t\t\t<\/div>\n\t\t<div class=\"elementor-element elementor-element-d5bd4c2 e-con-full e-flex cmsmasters-block-default e-con e-child\" data-id=\"d5bd4c2\" data-element_type=\"container\" data-e-type=\"container\">\n\t\t\t\t<div class=\"elementor-element elementor-element-6020cd4 elementor-hidden-mobile cmsmasters-block-default cmsmasters-sticky-default elementor-widget elementor-widget-spacer\" data-id=\"6020cd4\" data-element_type=\"widget\" data-e-type=\"widget\" data-widget_type=\"spacer.default\">\n\t\t\t\t\t\t\t<div class=\"elementor-spacer\">\n\t\t\t<div class=\"elementor-spacer-inner\"><\/div>\n\t\t<\/div>\n\t\t\t\t\t\t<\/div>\n\t\t\t\t<div class=\"elementor-element elementor-element-6645adc cmsmasters-block-default cmsmasters-sticky-default elementor-widget elementor-widget-text-editor\" data-id=\"6645adc\" data-element_type=\"widget\" data-e-type=\"widget\" data-widget_type=\"text-editor.default\">\n\t\t\t\t\t\t\t\t\t<p>Ted Larsen desarrolla una obra en la intersecci\u00f3n entre la pintura y la escultura, donde confluyen el rigor formal y el desv\u00edo de los c\u00f3digos modernistas. A trav\u00e9s de sus Shaped Paintings, objetos murales h\u00edbridos, cuestiona los fundamentos mismos de la pr\u00e1ctica minimalista, as\u00ed como la idea de una pureza del lenguaje abstracto, que deliberadamente viene a perturbar.<\/p><p>Formado inicialmente como pintor de paisaje, profundamente marcado por los territorios des\u00e9rticos de Nuevo M\u00e9xico donde creci\u00f3, Larsen experimenta un giro decisivo a comienzos de los a\u00f1os 2000. A ra\u00edz de los acontecimientos del 11 de septiembre de 2001, abandona la pintura tradicional para explorar nuevas formas a partir de materiales recuperados. Utiliza, en particular, fragmentos de carrocer\u00edas de autom\u00f3viles previamente pintados, \u201cnon-art materials\u201d, de los cuales conserva las alteraciones, las matices y las huellas del tiempo. Ensamblados sobre estructuras de madera, estos elementos dan lugar a composiciones geom\u00e9tricas con cualidades a la vez pict\u00f3ricas y escult\u00f3ricas.<\/p>\t\t\t\t\t\t\t\t<\/div>\n\t\t\t\t<div class=\"elementor-element elementor-element-4b260b8 cmsmasters-block-default cmsmasters-sticky-default elementor-widget elementor-widget-n-accordion\" data-id=\"4b260b8\" data-element_type=\"widget\" data-e-type=\"widget\" data-settings=\"{&quot;default_state&quot;:&quot;all_collapsed&quot;,&quot;max_items_expended&quot;:&quot;one&quot;,&quot;n_accordion_animation_duration&quot;:{&quot;unit&quot;:&quot;ms&quot;,&quot;size&quot;:400,&quot;sizes&quot;:[]}}\" data-widget_type=\"nested-accordion.default\">\n\t\t\t\t\t\t\t<div class=\"e-n-accordion\" aria-label=\"Accordion. Open links with Enter or Space, close with Escape, and navigate with Arrow Keys\">\n\t\t\t\t\t\t<details id=\"e-n-accordion-item-7870\" class=\"e-n-accordion-item\" >\n\t\t\t\t<summary class=\"e-n-accordion-item-title\" data-accordion-index=\"1\" tabindex=\"0\" aria-expanded=\"false\" aria-controls=\"e-n-accordion-item-7870\" >\n\t\t\t\t\t<span class='e-n-accordion-item-title-header'><div class=\"e-n-accordion-item-title-text\"> &gt; read full biography <\/div><\/span>\n\t\t\t\t\t\t\t\t\t<\/summary>\n\t\t\t\t<div role=\"region\" aria-labelledby=\"e-n-accordion-item-7870\" class=\"elementor-element elementor-element-2c4840a e-con-full e-flex cmsmasters-block-default e-con e-child\" data-id=\"2c4840a\" data-element_type=\"container\" data-e-type=\"container\">\n\t\t\t\t<div class=\"elementor-element elementor-element-74075d2 cmsmasters-block-default cmsmasters-sticky-default elementor-widget elementor-widget-spacer\" data-id=\"74075d2\" data-element_type=\"widget\" data-e-type=\"widget\" data-widget_type=\"spacer.default\">\n\t\t\t\t\t\t\t<div class=\"elementor-spacer\">\n\t\t\t<div class=\"elementor-spacer-inner\"><\/div>\n\t\t<\/div>\n\t\t\t\t\t\t<\/div>\n\t\t\t\t<div class=\"elementor-element elementor-element-a311eeb cmsmasters-block-default cmsmasters-sticky-default elementor-widget elementor-widget-text-editor\" data-id=\"a311eeb\" data-element_type=\"widget\" data-e-type=\"widget\" data-widget_type=\"text-editor.default\">\n\t\t\t\t\t\t\t\t\t<p>Su trabajo se inscribe en una reflexi\u00f3n sobre el estatuto de la obra y sus condiciones de percepci\u00f3n. Al introducir materiales provenientes de lo cotidiano dentro de un vocabulario formal heredado del minimalismo, opera un desplazamiento cr\u00edtico: las superficies lisas y las formas puras se reconducen a una materialidad concreta, cargada de historia. Este enfoque del bricolaje, entendido como reconfiguraci\u00f3n y reutilizaci\u00f3n, permite recontextualizar los objetos y desplazar sus significados, en una l\u00f3gica cercana al ready-made, pero renovada.<\/p><p>Las obras de Ted Larsen conservan una elegancia formal y una econom\u00eda de medios propias de la abstracci\u00f3n geom\u00e9trica, al tiempo que introducen una distancia cr\u00edtica frente a sus ambiciones hist\u00f3ricas. Reivindica una forma de anti-triunfalismo: sus piezas, a menudo de peque\u00f1o formato, invitan a una experiencia \u00edntima, obligando al espectador a acercarse para captar su espacialidad y las sutilezas de sus superficies. Los t\u00edtulos, frecuentemente construidos a partir de oposiciones o de ox\u00edmoron, prolongan esta tensi\u00f3n abriendo v\u00edas de interpretaci\u00f3n sin fijarlas nunca.<\/p><p>Influenciado por las vanguardias del siglo XX, del suprematismo al movimiento De Stijl, hasta el minimalismo estadounidense, Ted Larsen retoma sus principios fundamentales para desplazarlos. Su trabajo no busca afirmar una verdad formal, sino poner a prueba sus l\u00edmites, en un juego constante entre orden y accidente, pureza y alteraci\u00f3n, pintura y objeto.<\/p><p>Nacido en 1964 en South Haven, Michigan, Ted Larsen vive y trabaja en Estados Unidos. Su obra se presenta hoy a nivel internacional y se inscribe en una investigaci\u00f3n continua en torno a las nociones de material, contexto y percepci\u00f3n.<\/p><p data-start=\"110\" data-end=\"439\">Graduado de la Northern Arizona University, Ted Larsen ha recibido varias distinciones importantes, entre ellas becas de la Pollock-Krasner Foundation y de la Surdna Foundation. Tambi\u00e9n ha participado en residencias en la Edward F. Albee Foundation y en el Asilah Arts Festival en Marruecos, donde represent\u00f3 a los Estados Unidos.<\/p><p data-start=\"441\" data-end=\"896\">Su obra ha sido ampliamente expuesta en museos e instituciones de todo Estados Unidos, entre ellos el New Mexico Museum of Art (Santa Fe), el Albuquerque Museum, el Amarillo Museum of Art y el Philadelphia Museum of Art, as\u00ed como en numerosas galer\u00edas. Sus obras forman parte hoy de importantes colecciones p\u00fablicas y privadas, incluyendo las del New Mexico Museum of Art, JPMorgan Chase, PepsiCo, la University of Texas y la Lannan Foundation.<\/p><p data-start=\"898\" data-end=\"1314\" class=\"translation-block\">Ted Larsen tambi\u00e9n ha sido objeto de numerosas publicaciones en revistas especializadas como Art in America, ArtNews, Sculpture Magazine o Architectural Digest, y ha sido citado en medios de gran relevancia como The New York Times. Su trabajo ha sido presentado en varias publicaciones dedicadas al arte contempor\u00e1neo, y fue objeto de una entrevista emitida por la cadena p\u00fablica de radiodifusi\u00f3n PBS.<\/p>\t\t\t\t\t\t\t\t<\/div>\n\t\t\t\t<\/div>\n\t\t\t\t\t<\/details>\n\t\t\t\t\t<\/div>\n\t\t\t\t\t\t<\/div>\n\t\t\t\t<\/div>\n\t\t\t\t\t<\/div>\n\t\t\t\t<\/div>\n\t\t<div class=\"elementor-element elementor-element-eb71818 e-flex e-con-boxed cmsmasters-block-default e-con e-parent\" data-id=\"eb71818\" data-element_type=\"container\" data-e-type=\"container\" data-settings=\"{&quot;background_background&quot;:&quot;classic&quot;}\">\n\t\t\t\t\t<div class=\"e-con-inner\">\n\t\t\t\t<div class=\"elementor-element elementor-element-f82ad2c cmsmasters-block-default cmsmasters-sticky-default elementor-widget elementor-widget-spacer\" data-id=\"f82ad2c\" data-element_type=\"widget\" data-e-type=\"widget\" data-widget_type=\"spacer.default\">\n\t\t\t\t\t\t\t<div class=\"elementor-spacer\">\n\t\t\t<div class=\"elementor-spacer-inner\"><\/div>\n\t\t<\/div>\n\t\t\t\t\t\t<\/div>\n\t\t\t\t\t<\/div>\n\t\t\t\t<\/div>\n\t\t<div class=\"elementor-element elementor-element-9c03990 e-flex e-con-boxed cmsmasters-block-default e-con e-parent\" data-id=\"9c03990\" data-element_type=\"container\" data-e-type=\"container\" data-settings=\"{&quot;background_background&quot;:&quot;classic&quot;}\">\n\t\t\t\t\t<div class=\"e-con-inner\">\n\t\t<div class=\"elementor-element elementor-element-6e89639 e-con-full e-flex cmsmasters-block-default e-con e-child\" data-id=\"6e89639\" data-element_type=\"container\" data-e-type=\"container\">\n\t\t\t\t<div class=\"elementor-element elementor-element-79c1e94 cmsmasters-block-default cmsmasters-sticky-default elementor-widget elementor-widget-spacer\" data-id=\"79c1e94\" data-element_type=\"widget\" data-e-type=\"widget\" data-widget_type=\"spacer.default\">\n\t\t\t\t\t\t\t<div class=\"elementor-spacer\">\n\t\t\t<div class=\"elementor-spacer-inner\"><\/div>\n\t\t<\/div>\n\t\t\t\t\t\t<\/div>\n\t\t\t\t<div class=\"elementor-element elementor-element-65394bb cmsmasters-block-default cmsmasters-sticky-default elementor-widget elementor-widget-heading\" data-id=\"65394bb\" data-element_type=\"widget\" data-e-type=\"widget\" data-widget_type=\"heading.default\">\n\t\t\t\t\t<h2 class=\"elementor-heading-title elementor-size-default\">selected artworks<\/h2>\t\t\t\t<\/div>\n\t\t\t\t<\/div>\n\t\t<div class=\"elementor-element elementor-element-0637ba7 e-con-full e-flex cmsmasters-block-default e-con e-child\" data-id=\"0637ba7\" data-element_type=\"container\" data-e-type=\"container\">\n\t\t\t\t<div class=\"elementor-element elementor-element-76f2f26 cmsmasters-block-default cmsmasters-sticky-default elementor-widget elementor-widget-spacer\" data-id=\"76f2f26\" data-element_type=\"widget\" data-e-type=\"widget\" data-widget_type=\"spacer.default\">\n\t\t\t\t\t\t\t<div class=\"elementor-spacer\">\n\t\t\t<div class=\"elementor-spacer-inner\"><\/div>\n\t\t<\/div>\n\t\t\t\t\t\t<\/div>\n\t\t\t\t<div class=\"elementor-element elementor-element-61a4266 cmsmasters-block-default cmsmasters-sticky-default elementor-widget elementor-widget-shortcode\" data-id=\"61a4266\" data-element_type=\"widget\" data-e-type=\"widget\" data-widget_type=\"shortcode.default\">\n\t\t\t\t\t\t\t<div class=\"elementor-shortcode\"><p>Aucun profil d\u00e9tect\u00e9.<\/p><\/div>\n\t\t\t\t\t\t<\/div>\n\t\t\t\t<div class=\"elementor-element elementor-element-15afa03 cmsmasters-block-default cmsmasters-sticky-default elementor-widget elementor-widget-spacer\" data-id=\"15afa03\" data-element_type=\"widget\" data-e-type=\"widget\" data-widget_type=\"spacer.default\">\n\t\t\t\t\t\t\t<div class=\"elementor-spacer\">\n\t\t\t<div class=\"elementor-spacer-inner\"><\/div>\n\t\t<\/div>\n\t\t\t\t\t\t<\/div>\n\t\t\t\t<\/div>\n\t\t\t\t\t<\/div>\n\t\t\t\t<\/div>\n\t\t\t\t<\/div>","protected":false},"excerpt":{"rendered":"<p>Ted Larsen lives and works in Santa Fe b. 1964, USA biography Ted Larsen develops a body of work at the intersection of painting and sculpture, where formal rigor meets a deliberate subversion of modernist codes. Through his \u201cShaped Paintings,\u201d hybrid wall-based objects, he questions the very foundations of minimalist practice and the notion of&#8230;<\/p>","protected":false},"author":1,"featured_media":0,"parent":0,"menu_order":0,"comment_status":"closed","ping_status":"closed","template":"","meta":{"_acf_changed":false,"ngg_post_thumbnail":0,"footnotes":""},"class_list":["post-41210","page","type-page","status-publish","hentry"],"acf":[],"_links":{"self":[{"href":"https:\/\/galeriehugodufon.com\/es\/wp-json\/wp\/v2\/pages\/41210","targetHints":{"allow":["GET"]}}],"collection":[{"href":"https:\/\/galeriehugodufon.com\/es\/wp-json\/wp\/v2\/pages"}],"about":[{"href":"https:\/\/galeriehugodufon.com\/es\/wp-json\/wp\/v2\/types\/page"}],"author":[{"embeddable":true,"href":"https:\/\/galeriehugodufon.com\/es\/wp-json\/wp\/v2\/users\/1"}],"replies":[{"embeddable":true,"href":"https:\/\/galeriehugodufon.com\/es\/wp-json\/wp\/v2\/comments?post=41210"}],"version-history":[{"count":85,"href":"https:\/\/galeriehugodufon.com\/es\/wp-json\/wp\/v2\/pages\/41210\/revisions"}],"predecessor-version":[{"id":42840,"href":"https:\/\/galeriehugodufon.com\/es\/wp-json\/wp\/v2\/pages\/41210\/revisions\/42840"}],"wp:attachment":[{"href":"https:\/\/galeriehugodufon.com\/es\/wp-json\/wp\/v2\/media?parent=41210"}],"curies":[{"name":"wp","href":"https:\/\/api.w.org\/{rel}","templated":true}]}}