{"id":41198,"date":"2026-03-17T20:21:36","date_gmt":"2026-03-17T20:21:36","guid":{"rendered":"https:\/\/galeriehugodufon.com\/?page_id=41198"},"modified":"2026-04-07T21:33:24","modified_gmt":"2026-04-07T21:33:24","slug":"monique-frydman","status":"publish","type":"page","link":"https:\/\/galeriehugodufon.com\/es\/monique-frydman\/","title":{"rendered":"Monique Frydman"},"content":{"rendered":"<div data-elementor-type=\"wp-page\" data-elementor-id=\"41198\" class=\"elementor elementor-41198\">\n\t\t\t\t<div class=\"elementor-element elementor-element-3df916b e-flex e-con-boxed cmsmasters-block-default e-con e-parent\" data-id=\"3df916b\" data-element_type=\"container\" data-e-type=\"container\">\n\t\t\t\t\t<div class=\"e-con-inner\">\n\t\t<div class=\"elementor-element elementor-element-8e7c93a e-con-full e-flex cmsmasters-block-default e-con e-child\" data-id=\"8e7c93a\" data-element_type=\"container\" data-e-type=\"container\">\n\t\t\t\t<div class=\"elementor-element elementor-element-45a265e cmsmasters-block-default cmsmasters-sticky-default elementor-widget elementor-widget-spacer\" data-id=\"45a265e\" data-element_type=\"widget\" data-e-type=\"widget\" data-widget_type=\"spacer.default\">\n\t\t\t\t\t\t\t<div class=\"elementor-spacer\">\n\t\t\t<div class=\"elementor-spacer-inner\"><\/div>\n\t\t<\/div>\n\t\t\t\t\t\t<\/div>\n\t\t\t\t<div class=\"elementor-element elementor-element-390cdb0 elementor-hidden-mobile cmsmasters-block-default cmsmasters-sticky-default elementor-widget elementor-widget-spacer\" data-id=\"390cdb0\" data-element_type=\"widget\" data-e-type=\"widget\" data-widget_type=\"spacer.default\">\n\t\t\t\t\t\t\t<div class=\"elementor-spacer\">\n\t\t\t<div class=\"elementor-spacer-inner\"><\/div>\n\t\t<\/div>\n\t\t\t\t\t\t<\/div>\n\t\t\t\t<div class=\"elementor-element elementor-element-2f60b86 elementor-hidden-mobile cmsmasters-block-default cmsmasters-sticky-default elementor-widget elementor-widget-spacer\" data-id=\"2f60b86\" data-element_type=\"widget\" data-e-type=\"widget\" data-widget_type=\"spacer.default\">\n\t\t\t\t\t\t\t<div class=\"elementor-spacer\">\n\t\t\t<div class=\"elementor-spacer-inner\"><\/div>\n\t\t<\/div>\n\t\t\t\t\t\t<\/div>\n\t\t<div class=\"elementor-element elementor-element-624be15 e-con-full e-flex cmsmasters-block-default e-con e-child\" data-id=\"624be15\" data-element_type=\"container\" data-e-type=\"container\">\n\t\t\t\t<div class=\"elementor-element elementor-element-41359ca elementor-hidden-widescreen elementor-hidden-desktop elementor-hidden-tablet cmsmasters-block-default cmsmasters-sticky-default elementor-widget elementor-widget-spacer\" data-id=\"41359ca\" data-element_type=\"widget\" data-e-type=\"widget\" data-widget_type=\"spacer.default\">\n\t\t\t\t\t\t\t<div class=\"elementor-spacer\">\n\t\t\t<div class=\"elementor-spacer-inner\"><\/div>\n\t\t<\/div>\n\t\t\t\t\t\t<\/div>\n\t\t\t\t<div class=\"elementor-element elementor-element-6d165ac cmsmasters-block-default cmsmasters-sticky-default elementor-widget elementor-widget-heading\" data-id=\"6d165ac\" data-element_type=\"widget\" data-e-type=\"widget\" data-widget_type=\"heading.default\">\n\t\t\t\t\t<h2 class=\"elementor-heading-title elementor-size-default\">Monique Frydman<\/h2>\t\t\t\t<\/div>\n\t\t\t\t<div class=\"elementor-element elementor-element-5b232bc cmsmasters-block-default cmsmasters-sticky-default elementor-widget elementor-widget-text-editor\" data-id=\"5b232bc\" data-element_type=\"widget\" data-e-type=\"widget\" data-widget_type=\"text-editor.default\">\n\t\t\t\t\t\t\t\t\t<p class=\"p1\">lives and works in Dancourt<\/p><p class=\"p1\">b. 1943, France<\/p>\t\t\t\t\t\t\t\t<\/div>\n\t\t\t\t<\/div>\n\t\t\t\t<\/div>\n\t\t<div class=\"elementor-element elementor-element-b220c58 e-con-full e-flex cmsmasters-block-default e-con e-child\" data-id=\"b220c58\" data-element_type=\"container\" data-e-type=\"container\">\n\t\t\t\t<div class=\"elementor-element elementor-element-7f5bdf6 cmsmasters-block-default cmsmasters-sticky-default elementor-widget elementor-widget-spacer\" data-id=\"7f5bdf6\" data-element_type=\"widget\" data-e-type=\"widget\" data-widget_type=\"spacer.default\">\n\t\t\t\t\t\t\t<div class=\"elementor-spacer\">\n\t\t\t<div class=\"elementor-spacer-inner\"><\/div>\n\t\t<\/div>\n\t\t\t\t\t\t<\/div>\n\t\t\t\t<div class=\"elementor-element elementor-element-26d8c54 cmsmasters-block-default cmsmasters-sticky-default elementor-widget elementor-widget-image\" data-id=\"26d8c54\" data-element_type=\"widget\" data-e-type=\"widget\" data-widget_type=\"image.default\">\n\t\t\t\t\t\t\t\t\t\t\t\t\t\t\t<img fetchpriority=\"high\" decoding=\"async\" width=\"1020\" height=\"1024\" src=\"https:\/\/galeriehugodufon.com\/wp-content\/uploads\/2026\/03\/Atelier\u00a9RaphaelFrydman-1020x1024.jpeg\" class=\"attachment-large size-large wp-image-42255\" alt=\"\" srcset=\"https:\/\/galeriehugodufon.com\/wp-content\/uploads\/2026\/03\/Atelier\u00a9RaphaelFrydman-1020x1024.jpeg 1020w, https:\/\/galeriehugodufon.com\/wp-content\/uploads\/2026\/03\/Atelier\u00a9RaphaelFrydman-300x300.jpeg 300w, https:\/\/galeriehugodufon.com\/wp-content\/uploads\/2026\/03\/Atelier\u00a9RaphaelFrydman-150x150.jpeg 150w, https:\/\/galeriehugodufon.com\/wp-content\/uploads\/2026\/03\/Atelier\u00a9RaphaelFrydman-768x771.jpeg 768w, https:\/\/galeriehugodufon.com\/wp-content\/uploads\/2026\/03\/Atelier\u00a9RaphaelFrydman-1530x1536.jpeg 1530w, https:\/\/galeriehugodufon.com\/wp-content\/uploads\/2026\/03\/Atelier\u00a9RaphaelFrydman-2039x2048.jpeg 2039w, https:\/\/galeriehugodufon.com\/wp-content\/uploads\/2026\/03\/Atelier\u00a9RaphaelFrydman-12x12.jpeg 12w, https:\/\/galeriehugodufon.com\/wp-content\/uploads\/2026\/03\/Atelier\u00a9RaphaelFrydman-260x260.jpeg 260w, https:\/\/galeriehugodufon.com\/wp-content\/uploads\/2026\/03\/Atelier\u00a9RaphaelFrydman-299x300.jpeg 299w, https:\/\/galeriehugodufon.com\/wp-content\/uploads\/2026\/03\/Atelier\u00a9RaphaelFrydman-600x603.jpeg 600w, https:\/\/galeriehugodufon.com\/wp-content\/uploads\/2026\/03\/Atelier\u00a9RaphaelFrydman-100x100.jpeg 100w\" sizes=\"(max-width: 1020px) 100vw, 1020px\" \/>\t\t\t\t\t\t\t\t\t\t\t\t\t\t\t<\/div>\n\t\t\t\t<div class=\"elementor-element elementor-element-b4dade0 cmsmasters-block-default cmsmasters-sticky-default elementor-widget elementor-widget-spacer\" data-id=\"b4dade0\" data-element_type=\"widget\" data-e-type=\"widget\" data-widget_type=\"spacer.default\">\n\t\t\t\t\t\t\t<div class=\"elementor-spacer\">\n\t\t\t<div class=\"elementor-spacer-inner\"><\/div>\n\t\t<\/div>\n\t\t\t\t\t\t<\/div>\n\t\t\t\t<\/div>\n\t\t\t\t\t<\/div>\n\t\t\t\t<\/div>\n\t\t<div class=\"elementor-element elementor-element-44ff0ff e-flex e-con-boxed cmsmasters-block-default e-con e-parent\" data-id=\"44ff0ff\" data-element_type=\"container\" data-e-type=\"container\" data-settings=\"{&quot;background_background&quot;:&quot;classic&quot;}\">\n\t\t\t\t\t<div class=\"e-con-inner\">\n\t\t<div class=\"elementor-element elementor-element-0047335 e-con-full e-flex cmsmasters-block-default e-con e-child\" data-id=\"0047335\" data-element_type=\"container\" data-e-type=\"container\">\n\t\t\t\t<div class=\"elementor-element elementor-element-d18347d elementor-hidden-mobile cmsmasters-block-default cmsmasters-sticky-default elementor-widget elementor-widget-spacer\" data-id=\"d18347d\" data-element_type=\"widget\" data-e-type=\"widget\" data-widget_type=\"spacer.default\">\n\t\t\t\t\t\t\t<div class=\"elementor-spacer\">\n\t\t\t<div class=\"elementor-spacer-inner\"><\/div>\n\t\t<\/div>\n\t\t\t\t\t\t<\/div>\n\t\t\t\t<div class=\"elementor-element elementor-element-6090b51 elementor-hidden-widescreen elementor-hidden-desktop elementor-hidden-tablet cmsmasters-block-default cmsmasters-sticky-default elementor-widget elementor-widget-spacer\" data-id=\"6090b51\" data-element_type=\"widget\" data-e-type=\"widget\" data-widget_type=\"spacer.default\">\n\t\t\t\t\t\t\t<div class=\"elementor-spacer\">\n\t\t\t<div class=\"elementor-spacer-inner\"><\/div>\n\t\t<\/div>\n\t\t\t\t\t\t<\/div>\n\t\t\t\t<div class=\"elementor-element elementor-element-889efa0 cmsmasters-block-default cmsmasters-sticky-default elementor-widget elementor-widget-heading\" data-id=\"889efa0\" data-element_type=\"widget\" data-e-type=\"widget\" data-widget_type=\"heading.default\">\n\t\t\t\t\t<h2 class=\"elementor-heading-title elementor-size-default\">biography<\/h2>\t\t\t\t<\/div>\n\t\t\t\t<div class=\"elementor-element elementor-element-619c396 cmsmasters-block-default cmsmasters-sticky-default elementor-widget elementor-widget-spacer\" data-id=\"619c396\" data-element_type=\"widget\" data-e-type=\"widget\" data-widget_type=\"spacer.default\">\n\t\t\t\t\t\t\t<div class=\"elementor-spacer\">\n\t\t\t<div class=\"elementor-spacer-inner\"><\/div>\n\t\t<\/div>\n\t\t\t\t\t\t<\/div>\n\t\t\t\t<\/div>\n\t\t<div class=\"elementor-element elementor-element-680186d e-con-full e-flex cmsmasters-block-default e-con e-child\" data-id=\"680186d\" data-element_type=\"container\" data-e-type=\"container\">\n\t\t\t\t<div class=\"elementor-element elementor-element-4b8c465 elementor-hidden-mobile cmsmasters-block-default cmsmasters-sticky-default elementor-widget elementor-widget-spacer\" data-id=\"4b8c465\" data-element_type=\"widget\" data-e-type=\"widget\" data-widget_type=\"spacer.default\">\n\t\t\t\t\t\t\t<div class=\"elementor-spacer\">\n\t\t\t<div class=\"elementor-spacer-inner\"><\/div>\n\t\t<\/div>\n\t\t\t\t\t\t<\/div>\n\t\t\t\t<div class=\"elementor-element elementor-element-35f7021 cmsmasters-block-default cmsmasters-sticky-default elementor-widget elementor-widget-text-editor\" data-id=\"35f7021\" data-element_type=\"widget\" data-e-type=\"widget\" data-widget_type=\"text-editor.default\">\n\t\t\t\t\t\t\t\t\t<p>Figura mayor de la abstracci\u00f3n contempor\u00e1nea francesa, Monique Frydman desarrolla desde hace varias d\u00e9cadas una obra profundamente arraigada en una reflexi\u00f3n sobre el tiempo, el color y el gesto. Su pintura se elabora en un espacio donde se confunden el tiempo de pintar y el de la propia pintura, en un proceso lento e intuitivo, en el que cada obra parece aparecer en su umbral, entre emergencia y desvanecimiento.<\/p>\t\t\t\t\t\t\t\t<\/div>\n\t\t\t\t<div class=\"elementor-element elementor-element-c8c6694 cmsmasters-block-default cmsmasters-sticky-default elementor-widget elementor-widget-n-accordion\" data-id=\"c8c6694\" data-element_type=\"widget\" data-e-type=\"widget\" data-settings=\"{&quot;default_state&quot;:&quot;all_collapsed&quot;,&quot;max_items_expended&quot;:&quot;one&quot;,&quot;n_accordion_animation_duration&quot;:{&quot;unit&quot;:&quot;ms&quot;,&quot;size&quot;:400,&quot;sizes&quot;:[]}}\" data-widget_type=\"nested-accordion.default\">\n\t\t\t\t\t\t\t<div class=\"e-n-accordion\" aria-label=\"Accordion. Open links with Enter or Space, close with Escape, and navigate with Arrow Keys\">\n\t\t\t\t\t\t<details id=\"e-n-accordion-item-2100\" class=\"e-n-accordion-item\" >\n\t\t\t\t<summary class=\"e-n-accordion-item-title\" data-accordion-index=\"1\" tabindex=\"0\" aria-expanded=\"false\" aria-controls=\"e-n-accordion-item-2100\" >\n\t\t\t\t\t<span class='e-n-accordion-item-title-header'><div class=\"e-n-accordion-item-title-text\"> &gt; read full biography <\/div><\/span>\n\t\t\t\t\t\t\t\t\t<\/summary>\n\t\t\t\t<div role=\"region\" aria-labelledby=\"e-n-accordion-item-2100\" class=\"elementor-element elementor-element-00c846e e-con-full e-flex cmsmasters-block-default e-con e-child\" data-id=\"00c846e\" data-element_type=\"container\" data-e-type=\"container\">\n\t\t\t\t<div class=\"elementor-element elementor-element-a198513 cmsmasters-block-default cmsmasters-sticky-default elementor-widget elementor-widget-spacer\" data-id=\"a198513\" data-element_type=\"widget\" data-e-type=\"widget\" data-widget_type=\"spacer.default\">\n\t\t\t\t\t\t\t<div class=\"elementor-spacer\">\n\t\t\t<div class=\"elementor-spacer-inner\"><\/div>\n\t\t<\/div>\n\t\t\t\t\t\t<\/div>\n\t\t\t\t<div class=\"elementor-element elementor-element-2bcfaf6 cmsmasters-block-default cmsmasters-sticky-default elementor-widget elementor-widget-text-editor\" data-id=\"2bcfaf6\" data-element_type=\"widget\" data-e-type=\"widget\" data-widget_type=\"text-editor.default\">\n\t\t\t\t\t\t\t\t\t<p>Su trabajo se construye a partir de una experiencia sensible del mundo, variaciones de la luz, vibraciones del paisaje, percepciones fugaces, que traduce en un lenguaje abstracto. La tela se convierte entonces en el lugar de una metamorfosis: no la representaci\u00f3n de un motivo, sino la revelaci\u00f3n de una sensaci\u00f3n, de un estado. El color desempe\u00f1a un papel central, trabajado como una materia viva, oscilando entre transparencia y densidad, aplicado directamente con la mano en una relaci\u00f3n f\u00edsica e inmediata con la superficie. Pigmentos y grandes bloques de pastel permiten una impregnaci\u00f3n sutil del color sobre soportes diversos, lienzos de lino o de algod\u00f3n, papeles, papeles japoneses, tarlatanas. Procedimientos singulares, como el frotado, introducen una parte de azar y dejan aflorar formas, l\u00edneas y huellas en suspensi\u00f3n. Organizada en series, la obra se despliega, sorda o vibrante, en una b\u00fasqueda constante de equilibrio y tensi\u00f3n.<\/p><p>El cuerpo ocupa igualmente un lugar esencial en su trabajo. Presente en sus primeras pinturas figurativas y comprometidas de los a\u00f1os sesenta, desaparece progresivamente de la representaci\u00f3n para persistir como una energ\u00eda, una presencia difusa, inscrita en el gesto y en la materia.<\/p><p>Nacida en 1943 en Nages, en el Tarn, Monique Frydman vive y trabaja en Dancourt, cerca de Par\u00eds. Su obra ha sido objeto de numerosas exposiciones institucionales, en Francia y en el extranjero, entre ellas el Museo del Louvre en Par\u00eds, el 21st Century Museum of Contemporary Art de Kanazawa, la Parasol Unit Foundation en Londres, el museo Matisse o La Verri\u00e8re, Fondation d\u2019entreprise Herm\u00e8s en Bruselas. Actualmente est\u00e1 presente en numerosas colecciones p\u00fablicas de primer nivel, entre ellas las del Centre Pompidou, el Tel Aviv Museum of Art, el museo de Kanazawa, as\u00ed como varios FRAC.<\/p><p>Paralelamente a su pr\u00e1ctica pict\u00f3rica, ha realizado importantes proyectos in situ y encargos p\u00fablicos, prolongando su investigaci\u00f3n en el espacio arquitect\u00f3nico. Su trabajo se despliega as\u00ed como una experiencia inmersiva, en la que la pintura se convierte en un lugar de paso, un umbral en constante movimiento, atravesado por la luz, el tiempo y la sensaci\u00f3n.<\/p>\t\t\t\t\t\t\t\t<\/div>\n\t\t\t\t<\/div>\n\t\t\t\t\t<\/details>\n\t\t\t\t\t<\/div>\n\t\t\t\t\t\t<\/div>\n\t\t\t\t<div class=\"elementor-element elementor-element-24b2052 elementor-hidden-mobile cmsmasters-block-default cmsmasters-sticky-default elementor-widget elementor-widget-spacer\" data-id=\"24b2052\" data-element_type=\"widget\" data-e-type=\"widget\" data-widget_type=\"spacer.default\">\n\t\t\t\t\t\t\t<div class=\"elementor-spacer\">\n\t\t\t<div class=\"elementor-spacer-inner\"><\/div>\n\t\t<\/div>\n\t\t\t\t\t\t<\/div>\n\t\t\t\t<\/div>\n\t\t\t\t\t<\/div>\n\t\t\t\t<\/div>\n\t\t<div class=\"elementor-element elementor-element-eb71818 e-flex e-con-boxed cmsmasters-block-default e-con e-parent\" data-id=\"eb71818\" data-element_type=\"container\" data-e-type=\"container\" data-settings=\"{&quot;background_background&quot;:&quot;classic&quot;}\">\n\t\t\t\t\t<div class=\"e-con-inner\">\n\t\t\t\t<div class=\"elementor-element elementor-element-f82ad2c cmsmasters-block-default cmsmasters-sticky-default elementor-widget elementor-widget-spacer\" data-id=\"f82ad2c\" data-element_type=\"widget\" data-e-type=\"widget\" data-widget_type=\"spacer.default\">\n\t\t\t\t\t\t\t<div class=\"elementor-spacer\">\n\t\t\t<div class=\"elementor-spacer-inner\"><\/div>\n\t\t<\/div>\n\t\t\t\t\t\t<\/div>\n\t\t\t\t\t<\/div>\n\t\t\t\t<\/div>\n\t\t<div class=\"elementor-element elementor-element-e9dbdc9 e-flex e-con-boxed cmsmasters-block-default e-con e-parent\" data-id=\"e9dbdc9\" data-element_type=\"container\" data-e-type=\"container\" data-settings=\"{&quot;background_background&quot;:&quot;classic&quot;}\">\n\t\t\t\t\t<div class=\"e-con-inner\">\n\t\t<div class=\"elementor-element elementor-element-f08cfff e-con-full e-flex cmsmasters-block-default e-con e-child\" data-id=\"f08cfff\" data-element_type=\"container\" data-e-type=\"container\">\n\t\t\t\t<div class=\"elementor-element elementor-element-7ea9595 cmsmasters-block-default cmsmasters-sticky-default elementor-widget elementor-widget-spacer\" data-id=\"7ea9595\" data-element_type=\"widget\" data-e-type=\"widget\" data-widget_type=\"spacer.default\">\n\t\t\t\t\t\t\t<div class=\"elementor-spacer\">\n\t\t\t<div class=\"elementor-spacer-inner\"><\/div>\n\t\t<\/div>\n\t\t\t\t\t\t<\/div>\n\t\t\t\t<div class=\"elementor-element elementor-element-3c916ea cmsmasters-block-default cmsmasters-sticky-default elementor-widget elementor-widget-heading\" data-id=\"3c916ea\" data-element_type=\"widget\" data-e-type=\"widget\" data-widget_type=\"heading.default\">\n\t\t\t\t\t<h2 class=\"elementor-heading-title elementor-size-default\">selected artworks<\/h2>\t\t\t\t<\/div>\n\t\t\t\t<\/div>\n\t\t<div class=\"elementor-element elementor-element-e0a1f8b e-con-full e-flex cmsmasters-block-default e-con e-child\" data-id=\"e0a1f8b\" data-element_type=\"container\" data-e-type=\"container\">\n\t\t\t\t<div class=\"elementor-element elementor-element-f34c499 cmsmasters-block-default cmsmasters-sticky-default elementor-widget elementor-widget-spacer\" data-id=\"f34c499\" data-element_type=\"widget\" data-e-type=\"widget\" data-widget_type=\"spacer.default\">\n\t\t\t\t\t\t\t<div class=\"elementor-spacer\">\n\t\t\t<div class=\"elementor-spacer-inner\"><\/div>\n\t\t<\/div>\n\t\t\t\t\t\t<\/div>\n\t\t\t\t<div class=\"elementor-element elementor-element-9a0dbad cmsmasters-block-default cmsmasters-sticky-default elementor-widget elementor-widget-shortcode\" data-id=\"9a0dbad\" data-element_type=\"widget\" data-e-type=\"widget\" data-widget_type=\"shortcode.default\">\n\t\t\t\t\t\t\t<div class=\"elementor-shortcode\"><p>Aucun profil d\u00e9tect\u00e9.<\/p><\/div>\n\t\t\t\t\t\t<\/div>\n\t\t\t\t<div class=\"elementor-element elementor-element-a52c440 cmsmasters-block-default cmsmasters-sticky-default elementor-widget elementor-widget-spacer\" data-id=\"a52c440\" data-element_type=\"widget\" data-e-type=\"widget\" data-widget_type=\"spacer.default\">\n\t\t\t\t\t\t\t<div class=\"elementor-spacer\">\n\t\t\t<div class=\"elementor-spacer-inner\"><\/div>\n\t\t<\/div>\n\t\t\t\t\t\t<\/div>\n\t\t\t\t<\/div>\n\t\t\t\t\t<\/div>\n\t\t\t\t<\/div>\n\t\t\t\t<\/div>","protected":false},"excerpt":{"rendered":"<p>Monique Frydman lives and works in Dancourt b. 1943, France biography A major figure in contemporary French abstraction, Monique Frydman has, for several decades, developed a body of work deeply rooted in a reflection on time, color, and gesture. Her painting unfolds in a space where the time of painting and the time within the&#8230;<\/p>","protected":false},"author":1,"featured_media":0,"parent":0,"menu_order":0,"comment_status":"closed","ping_status":"closed","template":"","meta":{"_acf_changed":false,"ngg_post_thumbnail":0,"footnotes":""},"class_list":["post-41198","page","type-page","status-publish","hentry"],"acf":[],"_links":{"self":[{"href":"https:\/\/galeriehugodufon.com\/es\/wp-json\/wp\/v2\/pages\/41198","targetHints":{"allow":["GET"]}}],"collection":[{"href":"https:\/\/galeriehugodufon.com\/es\/wp-json\/wp\/v2\/pages"}],"about":[{"href":"https:\/\/galeriehugodufon.com\/es\/wp-json\/wp\/v2\/types\/page"}],"author":[{"embeddable":true,"href":"https:\/\/galeriehugodufon.com\/es\/wp-json\/wp\/v2\/users\/1"}],"replies":[{"embeddable":true,"href":"https:\/\/galeriehugodufon.com\/es\/wp-json\/wp\/v2\/comments?post=41198"}],"version-history":[{"count":91,"href":"https:\/\/galeriehugodufon.com\/es\/wp-json\/wp\/v2\/pages\/41198\/revisions"}],"predecessor-version":[{"id":42804,"href":"https:\/\/galeriehugodufon.com\/es\/wp-json\/wp\/v2\/pages\/41198\/revisions\/42804"}],"wp:attachment":[{"href":"https:\/\/galeriehugodufon.com\/es\/wp-json\/wp\/v2\/media?parent=41198"}],"curies":[{"name":"wp","href":"https:\/\/api.w.org\/{rel}","templated":true}]}}