{"id":41143,"date":"2026-03-17T19:36:30","date_gmt":"2026-03-17T19:36:30","guid":{"rendered":"https:\/\/galeriehugodufon.com\/?page_id=41143"},"modified":"2026-04-07T21:35:40","modified_gmt":"2026-04-07T21:35:40","slug":"lucas-talbotier","status":"publish","type":"page","link":"https:\/\/galeriehugodufon.com\/es\/lucas-talbotier\/","title":{"rendered":"Lucas Talbotier"},"content":{"rendered":"<div data-elementor-type=\"wp-page\" data-elementor-id=\"41143\" class=\"elementor elementor-41143\">\n\t\t\t\t<div class=\"elementor-element elementor-element-c9bee17 e-flex e-con-boxed cmsmasters-block-default e-con e-parent\" data-id=\"c9bee17\" data-element_type=\"container\" data-e-type=\"container\">\n\t\t\t\t\t<div class=\"e-con-inner\">\n\t\t<div class=\"elementor-element elementor-element-e72cfb0 e-flex e-con-boxed cmsmasters-block-default e-con e-child\" data-id=\"e72cfb0\" data-element_type=\"container\" data-e-type=\"container\">\n\t\t\t\t\t<div class=\"e-con-inner\">\n\t\t<div class=\"elementor-element elementor-element-2809ac9 e-con-full e-flex cmsmasters-block-default e-con e-child\" data-id=\"2809ac9\" data-element_type=\"container\" data-e-type=\"container\">\n\t\t\t\t<div class=\"elementor-element elementor-element-ef01fda cmsmasters-block-default cmsmasters-sticky-default elementor-widget elementor-widget-spacer\" data-id=\"ef01fda\" data-element_type=\"widget\" data-e-type=\"widget\" data-widget_type=\"spacer.default\">\n\t\t\t\t\t\t\t<div class=\"elementor-spacer\">\n\t\t\t<div class=\"elementor-spacer-inner\"><\/div>\n\t\t<\/div>\n\t\t\t\t\t\t<\/div>\n\t\t\t\t<div class=\"elementor-element elementor-element-968c3aa elementor-hidden-mobile cmsmasters-block-default cmsmasters-sticky-default elementor-widget elementor-widget-spacer\" data-id=\"968c3aa\" data-element_type=\"widget\" data-e-type=\"widget\" data-widget_type=\"spacer.default\">\n\t\t\t\t\t\t\t<div class=\"elementor-spacer\">\n\t\t\t<div class=\"elementor-spacer-inner\"><\/div>\n\t\t<\/div>\n\t\t\t\t\t\t<\/div>\n\t\t\t\t<div class=\"elementor-element elementor-element-866453b elementor-hidden-mobile cmsmasters-block-default cmsmasters-sticky-default elementor-widget elementor-widget-spacer\" data-id=\"866453b\" data-element_type=\"widget\" data-e-type=\"widget\" data-widget_type=\"spacer.default\">\n\t\t\t\t\t\t\t<div class=\"elementor-spacer\">\n\t\t\t<div class=\"elementor-spacer-inner\"><\/div>\n\t\t<\/div>\n\t\t\t\t\t\t<\/div>\n\t\t<div class=\"elementor-element elementor-element-23a44d8 e-con-full e-flex cmsmasters-block-default e-con e-child\" data-id=\"23a44d8\" data-element_type=\"container\" data-e-type=\"container\">\n\t\t\t\t<div class=\"elementor-element elementor-element-047a2c7 elementor-hidden-widescreen elementor-hidden-desktop elementor-hidden-tablet cmsmasters-block-default cmsmasters-sticky-default elementor-widget elementor-widget-spacer\" data-id=\"047a2c7\" data-element_type=\"widget\" data-e-type=\"widget\" data-widget_type=\"spacer.default\">\n\t\t\t\t\t\t\t<div class=\"elementor-spacer\">\n\t\t\t<div class=\"elementor-spacer-inner\"><\/div>\n\t\t<\/div>\n\t\t\t\t\t\t<\/div>\n\t\t\t\t<div class=\"elementor-element elementor-element-44c4d53 cmsmasters-block-default cmsmasters-sticky-default elementor-widget elementor-widget-heading\" data-id=\"44c4d53\" data-element_type=\"widget\" data-e-type=\"widget\" data-widget_type=\"heading.default\">\n\t\t\t\t\t<h2 class=\"elementor-heading-title elementor-size-default\">Lucas Talbotier<\/h2>\t\t\t\t<\/div>\n\t\t\t\t<div class=\"elementor-element elementor-element-bb9331f cmsmasters-block-default cmsmasters-sticky-default elementor-widget elementor-widget-text-editor\" data-id=\"bb9331f\" data-element_type=\"widget\" data-e-type=\"widget\" data-widget_type=\"text-editor.default\">\n\t\t\t\t\t\t\t\t\t<p class=\"p1\">lives and works in Paris<\/p><p class=\"p1\">b. 1994, France<\/p>\t\t\t\t\t\t\t\t<\/div>\n\t\t\t\t<\/div>\n\t\t\t\t<\/div>\n\t\t<div class=\"elementor-element elementor-element-5a618a2 e-con-full e-flex cmsmasters-block-default e-con e-child\" data-id=\"5a618a2\" data-element_type=\"container\" data-e-type=\"container\">\n\t\t\t\t<div class=\"elementor-element elementor-element-0e1823a cmsmasters-block-default cmsmasters-sticky-default elementor-widget elementor-widget-spacer\" data-id=\"0e1823a\" data-element_type=\"widget\" data-e-type=\"widget\" data-widget_type=\"spacer.default\">\n\t\t\t\t\t\t\t<div class=\"elementor-spacer\">\n\t\t\t<div class=\"elementor-spacer-inner\"><\/div>\n\t\t<\/div>\n\t\t\t\t\t\t<\/div>\n\t\t\t\t<div class=\"elementor-element elementor-element-c8cb5b8 cmsmasters-block-default cmsmasters-sticky-default elementor-widget elementor-widget-image\" data-id=\"c8cb5b8\" data-element_type=\"widget\" data-e-type=\"widget\" data-widget_type=\"image.default\">\n\t\t\t\t\t\t\t\t\t\t\t\t\t\t\t<img fetchpriority=\"high\" decoding=\"async\" width=\"1024\" height=\"1024\" src=\"https:\/\/galeriehugodufon.com\/wp-content\/uploads\/2026\/03\/2.-La-Montagne-III-1-1024x1024.jpg\" class=\"attachment-large size-large wp-image-42184\" alt=\"\" srcset=\"https:\/\/galeriehugodufon.com\/wp-content\/uploads\/2026\/03\/2.-La-Montagne-III-1-1024x1024.jpg 1024w, https:\/\/galeriehugodufon.com\/wp-content\/uploads\/2026\/03\/2.-La-Montagne-III-1-300x300.jpg 300w, https:\/\/galeriehugodufon.com\/wp-content\/uploads\/2026\/03\/2.-La-Montagne-III-1-150x150.jpg 150w, https:\/\/galeriehugodufon.com\/wp-content\/uploads\/2026\/03\/2.-La-Montagne-III-1-768x768.jpg 768w, https:\/\/galeriehugodufon.com\/wp-content\/uploads\/2026\/03\/2.-La-Montagne-III-1-1536x1536.jpg 1536w, https:\/\/galeriehugodufon.com\/wp-content\/uploads\/2026\/03\/2.-La-Montagne-III-1-2048x2048.jpg 2048w, https:\/\/galeriehugodufon.com\/wp-content\/uploads\/2026\/03\/2.-La-Montagne-III-1-12x12.jpg 12w, https:\/\/galeriehugodufon.com\/wp-content\/uploads\/2026\/03\/2.-La-Montagne-III-1-260x260.jpg 260w, https:\/\/galeriehugodufon.com\/wp-content\/uploads\/2026\/03\/2.-La-Montagne-III-1-600x600.jpg 600w, https:\/\/galeriehugodufon.com\/wp-content\/uploads\/2026\/03\/2.-La-Montagne-III-1-100x100.jpg 100w\" sizes=\"(max-width: 1024px) 100vw, 1024px\" \/>\t\t\t\t\t\t\t\t\t\t\t\t\t\t\t<\/div>\n\t\t\t\t<div class=\"elementor-element elementor-element-d91cccb cmsmasters-block-default cmsmasters-sticky-default elementor-widget elementor-widget-spacer\" data-id=\"d91cccb\" data-element_type=\"widget\" data-e-type=\"widget\" data-widget_type=\"spacer.default\">\n\t\t\t\t\t\t\t<div class=\"elementor-spacer\">\n\t\t\t<div class=\"elementor-spacer-inner\"><\/div>\n\t\t<\/div>\n\t\t\t\t\t\t<\/div>\n\t\t\t\t<\/div>\n\t\t\t\t\t<\/div>\n\t\t\t\t<\/div>\n\t\t\t\t\t<\/div>\n\t\t\t\t<\/div>\n\t\t<div class=\"elementor-element elementor-element-f79c221 e-flex e-con-boxed cmsmasters-block-default e-con e-parent\" data-id=\"f79c221\" data-element_type=\"container\" data-e-type=\"container\" data-settings=\"{&quot;background_background&quot;:&quot;classic&quot;}\">\n\t\t\t\t\t<div class=\"e-con-inner\">\n\t\t<div class=\"elementor-element elementor-element-a5e2265 e-con-full e-flex cmsmasters-block-default e-con e-child\" data-id=\"a5e2265\" data-element_type=\"container\" data-e-type=\"container\">\n\t\t\t\t<div class=\"elementor-element elementor-element-c638143 elementor-hidden-mobile cmsmasters-block-default cmsmasters-sticky-default elementor-widget elementor-widget-spacer\" data-id=\"c638143\" data-element_type=\"widget\" data-e-type=\"widget\" data-widget_type=\"spacer.default\">\n\t\t\t\t\t\t\t<div class=\"elementor-spacer\">\n\t\t\t<div class=\"elementor-spacer-inner\"><\/div>\n\t\t<\/div>\n\t\t\t\t\t\t<\/div>\n\t\t\t\t<div class=\"elementor-element elementor-element-8b26e71 elementor-hidden-widescreen elementor-hidden-desktop elementor-hidden-tablet cmsmasters-block-default cmsmasters-sticky-default elementor-widget elementor-widget-spacer\" data-id=\"8b26e71\" data-element_type=\"widget\" data-e-type=\"widget\" data-widget_type=\"spacer.default\">\n\t\t\t\t\t\t\t<div class=\"elementor-spacer\">\n\t\t\t<div class=\"elementor-spacer-inner\"><\/div>\n\t\t<\/div>\n\t\t\t\t\t\t<\/div>\n\t\t\t\t<div class=\"elementor-element elementor-element-6fc7dd7 cmsmasters-block-default cmsmasters-sticky-default elementor-widget elementor-widget-heading\" data-id=\"6fc7dd7\" data-element_type=\"widget\" data-e-type=\"widget\" data-widget_type=\"heading.default\">\n\t\t\t\t\t<h2 class=\"elementor-heading-title elementor-size-default\">biography<\/h2>\t\t\t\t<\/div>\n\t\t\t\t<div class=\"elementor-element elementor-element-91b24ac cmsmasters-block-default cmsmasters-sticky-default elementor-widget elementor-widget-spacer\" data-id=\"91b24ac\" data-element_type=\"widget\" data-e-type=\"widget\" data-widget_type=\"spacer.default\">\n\t\t\t\t\t\t\t<div class=\"elementor-spacer\">\n\t\t\t<div class=\"elementor-spacer-inner\"><\/div>\n\t\t<\/div>\n\t\t\t\t\t\t<\/div>\n\t\t\t\t<\/div>\n\t\t<div class=\"elementor-element elementor-element-5a13d21 e-con-full e-flex cmsmasters-block-default e-con e-child\" data-id=\"5a13d21\" data-element_type=\"container\" data-e-type=\"container\">\n\t\t\t\t<div class=\"elementor-element elementor-element-dd988a7 elementor-hidden-mobile cmsmasters-block-default cmsmasters-sticky-default elementor-widget elementor-widget-spacer\" data-id=\"dd988a7\" data-element_type=\"widget\" data-e-type=\"widget\" data-widget_type=\"spacer.default\">\n\t\t\t\t\t\t\t<div class=\"elementor-spacer\">\n\t\t\t<div class=\"elementor-spacer-inner\"><\/div>\n\t\t<\/div>\n\t\t\t\t\t\t<\/div>\n\t\t\t\t<div class=\"elementor-element elementor-element-1ad3c21 cmsmasters-block-default cmsmasters-sticky-default elementor-widget elementor-widget-text-editor\" data-id=\"1ad3c21\" data-element_type=\"widget\" data-e-type=\"widget\" data-widget_type=\"text-editor.default\">\n\t\t\t\t\t\t\t\t\t<p>Lucas Talbotier desarrolla una pintura en el l\u00edmite entre el paisaje y la abstracci\u00f3n, donde la imagen se construye a partir del recuerdo m\u00e1s que de la percepci\u00f3n directa. Sus obras no describen un lugar, sino que restituyen su huella, fragmentos de sensaciones, impresiones luminosas, aquello que persiste en la memoria tras la experiencia vivida.<\/p><p>Algunos indicios figurativos, una rama, una l\u00ednea de horizonte, un tronco, aparecen en ocasiones, pero permanecen secundarios, casi disueltos en un espacio pict\u00f3rico dominado por la luz y el color.<\/p>\t\t\t\t\t\t\t\t<\/div>\n\t\t\t\t<div class=\"elementor-element elementor-element-06efc4f cmsmasters-block-default cmsmasters-sticky-default elementor-widget elementor-widget-n-accordion\" data-id=\"06efc4f\" data-element_type=\"widget\" data-e-type=\"widget\" data-settings=\"{&quot;default_state&quot;:&quot;all_collapsed&quot;,&quot;max_items_expended&quot;:&quot;one&quot;,&quot;n_accordion_animation_duration&quot;:{&quot;unit&quot;:&quot;ms&quot;,&quot;size&quot;:400,&quot;sizes&quot;:[]}}\" data-widget_type=\"nested-accordion.default\">\n\t\t\t\t\t\t\t<div class=\"e-n-accordion\" aria-label=\"Accordion. Open links with Enter or Space, close with Escape, and navigate with Arrow Keys\">\n\t\t\t\t\t\t<details id=\"e-n-accordion-item-7270\" class=\"e-n-accordion-item\" >\n\t\t\t\t<summary class=\"e-n-accordion-item-title\" data-accordion-index=\"1\" tabindex=\"0\" aria-expanded=\"false\" aria-controls=\"e-n-accordion-item-7270\" >\n\t\t\t\t\t<span class='e-n-accordion-item-title-header'><div class=\"e-n-accordion-item-title-text\"> &gt; read full biography <\/div><\/span>\n\t\t\t\t\t\t\t\t\t<\/summary>\n\t\t\t\t<div role=\"region\" aria-labelledby=\"e-n-accordion-item-7270\" class=\"elementor-element elementor-element-44e60e7 e-con-full e-flex cmsmasters-block-default e-con e-child\" data-id=\"44e60e7\" data-element_type=\"container\" data-e-type=\"container\">\n\t\t\t\t<div class=\"elementor-element elementor-element-cb8d28e cmsmasters-block-default cmsmasters-sticky-default elementor-widget elementor-widget-spacer\" data-id=\"cb8d28e\" data-element_type=\"widget\" data-e-type=\"widget\" data-widget_type=\"spacer.default\">\n\t\t\t\t\t\t\t<div class=\"elementor-spacer\">\n\t\t\t<div class=\"elementor-spacer-inner\"><\/div>\n\t\t<\/div>\n\t\t\t\t\t\t<\/div>\n\t\t\t\t<div class=\"elementor-element elementor-element-9b451a4 cmsmasters-block-default cmsmasters-sticky-default elementor-widget elementor-widget-text-editor\" data-id=\"9b451a4\" data-element_type=\"widget\" data-e-type=\"widget\" data-widget_type=\"text-editor.default\">\n\t\t\t\t\t\t\t\t\t<p>Su trabajo se organiza en torno a una atenci\u00f3n particular a la cualidad f\u00edsica de la luz, a los equilibrios crom\u00e1ticos y a formas simples, a la vez estructuradas y expresivas. La superficie del lienzo se convierte en un lugar de tensi\u00f3n, entre aparici\u00f3n y desaparici\u00f3n, entre la intensidad de los pigmentos y su progresivo desvanecimiento bajo veladuras m\u00e1s claras. Este proceso de superposici\u00f3n, a menudo basado en blancos, introduce un ritmo visual singular, como si la imagen se revelara por capas, dejando entrever un paisaje m\u00e1s amplio, nunca del todo accesible.<\/p><p>Formado en la \u00c9cole des Beaux-Arts de Par\u00eds, tras un paso por la Rhode Island School of Design, Lucas Talbotier forma parte de una generaci\u00f3n de pintores que retoma los fundamentos del medio al tiempo que cuestiona sus propias condiciones. Elabora sus propios pigmentos, trabaja la materia, lija sus superficies, otorgando a sus obras una dimensi\u00f3n casi mineral, entre fresco y pintura de caballete. Este enfoque refuerza la ambivalencia de su trabajo, a la vez gestual y contenido, denso y fr\u00e1gil.<\/p><p>En sus composiciones, las oposiciones estructuran el espacio pict\u00f3rico, a los campos de color responden zonas de borramiento, a las formas armoniosas se oponen rupturas, a los gestos amplios suceden intervenciones m\u00e1s fragmentadas. Estas tensiones reflejan una reflexi\u00f3n sobre el tiempo, un tiempo a la vez suspendido y en movimiento, y sobre la memoria, siempre parcial, siempre recomponi\u00e9ndose.<\/p><p>Nacido en 1994 en Par\u00eds, donde vive y trabaja, Lucas Talbotier desarrolla una investigaci\u00f3n pict\u00f3rica exigente, orientada hacia aquello que la pintura puede captar de la experiencia vivida, no su forma visible, sino aquello que deja de algo inasible, una sensaci\u00f3n que persiste sin ser nombrada.<\/p>\t\t\t\t\t\t\t\t<\/div>\n\t\t\t\t<\/div>\n\t\t\t\t\t<\/details>\n\t\t\t\t\t<\/div>\n\t\t\t\t\t\t<\/div>\n\t\t\t\t<div class=\"elementor-element elementor-element-c4beb3a elementor-hidden-mobile cmsmasters-block-default cmsmasters-sticky-default elementor-widget elementor-widget-spacer\" data-id=\"c4beb3a\" data-element_type=\"widget\" data-e-type=\"widget\" data-widget_type=\"spacer.default\">\n\t\t\t\t\t\t\t<div class=\"elementor-spacer\">\n\t\t\t<div class=\"elementor-spacer-inner\"><\/div>\n\t\t<\/div>\n\t\t\t\t\t\t<\/div>\n\t\t\t\t<\/div>\n\t\t\t\t\t<\/div>\n\t\t\t\t<\/div>\n\t\t<div class=\"elementor-element elementor-element-fca5b98 e-flex e-con-boxed cmsmasters-block-default e-con e-parent\" data-id=\"fca5b98\" data-element_type=\"container\" data-e-type=\"container\" data-settings=\"{&quot;background_background&quot;:&quot;classic&quot;}\">\n\t\t\t\t\t<div class=\"e-con-inner\">\n\t\t<div class=\"elementor-element elementor-element-0628539 e-con-full e-flex cmsmasters-block-default e-con e-child\" data-id=\"0628539\" data-element_type=\"container\" data-e-type=\"container\">\n\t\t\t\t<div class=\"elementor-element elementor-element-bcc9838 cmsmasters-block-default cmsmasters-sticky-default elementor-widget elementor-widget-spacer\" data-id=\"bcc9838\" data-element_type=\"widget\" data-e-type=\"widget\" data-widget_type=\"spacer.default\">\n\t\t\t\t\t\t\t<div class=\"elementor-spacer\">\n\t\t\t<div class=\"elementor-spacer-inner\"><\/div>\n\t\t<\/div>\n\t\t\t\t\t\t<\/div>\n\t\t\t\t<div class=\"elementor-element elementor-element-9558618 cmsmasters-block-default cmsmasters-sticky-default elementor-widget elementor-widget-heading\" data-id=\"9558618\" data-element_type=\"widget\" data-e-type=\"widget\" data-widget_type=\"heading.default\">\n\t\t\t\t\t<h2 class=\"elementor-heading-title elementor-size-default\">selected artworks<\/h2>\t\t\t\t<\/div>\n\t\t\t\t<\/div>\n\t\t<div class=\"elementor-element elementor-element-23ee2bd e-con-full e-flex cmsmasters-block-default e-con e-child\" data-id=\"23ee2bd\" data-element_type=\"container\" data-e-type=\"container\">\n\t\t\t\t<div class=\"elementor-element elementor-element-55e3627 cmsmasters-block-default cmsmasters-sticky-default elementor-widget elementor-widget-spacer\" data-id=\"55e3627\" data-element_type=\"widget\" data-e-type=\"widget\" data-widget_type=\"spacer.default\">\n\t\t\t\t\t\t\t<div class=\"elementor-spacer\">\n\t\t\t<div class=\"elementor-spacer-inner\"><\/div>\n\t\t<\/div>\n\t\t\t\t\t\t<\/div>\n\t\t\t\t<div class=\"elementor-element elementor-element-221bd8c cmsmasters-block-default cmsmasters-sticky-default elementor-widget elementor-widget-shortcode\" data-id=\"221bd8c\" data-element_type=\"widget\" data-e-type=\"widget\" data-widget_type=\"shortcode.default\">\n\t\t\t\t\t\t\t<div class=\"elementor-shortcode\"><p>Aucun profil d\u00e9tect\u00e9.<\/p><\/div>\n\t\t\t\t\t\t<\/div>\n\t\t\t\t<div class=\"elementor-element elementor-element-710468a cmsmasters-block-default cmsmasters-sticky-default elementor-widget elementor-widget-spacer\" data-id=\"710468a\" data-element_type=\"widget\" data-e-type=\"widget\" data-widget_type=\"spacer.default\">\n\t\t\t\t\t\t\t<div class=\"elementor-spacer\">\n\t\t\t<div class=\"elementor-spacer-inner\"><\/div>\n\t\t<\/div>\n\t\t\t\t\t\t<\/div>\n\t\t\t\t<\/div>\n\t\t\t\t\t<\/div>\n\t\t\t\t<\/div>\n\t\t\t\t<\/div>","protected":false},"excerpt":{"rendered":"<p>Lucas Talbotier lives and works in Paris b. 1994, France biography Lucas Talbotier develops a painterly language at the threshold between landscape and abstraction, where the image is constructed from memory rather than direct perception. His works do not describe a place, but rather convey its trace: fragments of sensations, luminous impressions, what lingers in&#8230;<\/p>","protected":false},"author":1,"featured_media":0,"parent":0,"menu_order":0,"comment_status":"closed","ping_status":"closed","template":"","meta":{"_acf_changed":false,"ngg_post_thumbnail":0,"footnotes":""},"class_list":["post-41143","page","type-page","status-publish","hentry"],"acf":[],"_links":{"self":[{"href":"https:\/\/galeriehugodufon.com\/es\/wp-json\/wp\/v2\/pages\/41143","targetHints":{"allow":["GET"]}}],"collection":[{"href":"https:\/\/galeriehugodufon.com\/es\/wp-json\/wp\/v2\/pages"}],"about":[{"href":"https:\/\/galeriehugodufon.com\/es\/wp-json\/wp\/v2\/types\/page"}],"author":[{"embeddable":true,"href":"https:\/\/galeriehugodufon.com\/es\/wp-json\/wp\/v2\/users\/1"}],"replies":[{"embeddable":true,"href":"https:\/\/galeriehugodufon.com\/es\/wp-json\/wp\/v2\/comments?post=41143"}],"version-history":[{"count":346,"href":"https:\/\/galeriehugodufon.com\/es\/wp-json\/wp\/v2\/pages\/41143\/revisions"}],"predecessor-version":[{"id":42816,"href":"https:\/\/galeriehugodufon.com\/es\/wp-json\/wp\/v2\/pages\/41143\/revisions\/42816"}],"wp:attachment":[{"href":"https:\/\/galeriehugodufon.com\/es\/wp-json\/wp\/v2\/media?parent=41143"}],"curies":[{"name":"wp","href":"https:\/\/api.w.org\/{rel}","templated":true}]}}